{"id":1636,"date":"2020-11-17T16:17:08","date_gmt":"2020-11-17T16:17:08","guid":{"rendered":"https:\/\/www.atvquadotwock.pl\/sklep\/?post_type=product&#038;p=1636"},"modified":"2023-06-14T14:46:01","modified_gmt":"2023-06-14T14:46:01","slug":"przepustnica-cfmoto-450-520-550-600-625-0gq0-173000-20000","status":"publish","type":"product","link":"https:\/\/www.atvquadotwock.pl\/sklep\/produkt\/przepustnica-cfmoto-450-520-550-600-625-0gq0-173000-20000\/","title":{"rendered":"Przepustnica CFMOTO 450 520 550 600 625 0GQ0-173000-20000"},"content":{"rendered":"<p>Nowa przepustnica do CFMOTO 450 520 550 600 625 kompletna z czujnikami. Szukasz innych cz\u0119\u015bci do CFMOTO? Napisz lub zadzwo\u0144. Tw\u00f3j autoryzowany dealer CFMOTO. Sklep ATV-QUAD 05-400 Otwock ul. \u0141ugi 82 Czynny od Poniedzia\u0142ku do Pi\u0105tku 10:00 &#8211; 18:00 Znajd\u017a nas na facebook.com\/quadyotwock<\/p>\n","protected":false},"excerpt":{"rendered":"<p>Nowa przepustnica do CFMOTO 450 520 550 600 625 kompletna z czujnikami. Szukasz innych cz\u0119\u015bci do CFMOTO? Napisz lub zadzwo\u0144.&hellip;<\/p>\n","protected":false},"featured_media":1638,"template":"","meta":{"spay_email":""},"product_cat":[90,91,92,93,106],"product_tag":[],"woo-feed-brand":[],"acf":[],"_links":{"self":[{"href":"https:\/\/www.atvquadotwock.pl\/sklep\/wp-json\/wp\/v2\/product\/1636"}],"collection":[{"href":"https:\/\/www.atvquadotwock.pl\/sklep\/wp-json\/wp\/v2\/product"}],"about":[{"href":"https:\/\/www.atvquadotwock.pl\/sklep\/wp-json\/wp\/v2\/types\/product"}],"wp:featuredmedia":[{"embeddable":true,"href":"https:\/\/www.atvquadotwock.pl\/sklep\/wp-json\/wp\/v2\/media\/1638"}],"wp:attachment":[{"href":"https:\/\/www.atvquadotwock.pl\/sklep\/wp-json\/wp\/v2\/media?parent=1636"}],"wp:term":[{"taxonomy":"product_cat","embeddable":true,"href":"https:\/\/www.atvquadotwock.pl\/sklep\/wp-json\/wp\/v2\/product_cat?post=1636"},{"taxonomy":"product_tag","embeddable":true,"href":"https:\/\/www.atvquadotwock.pl\/sklep\/wp-json\/wp\/v2\/product_tag?post=1636"},{"taxonomy":"woo-feed-brand","embeddable":true,"href":"https:\/\/www.atvquadotwock.pl\/sklep\/wp-json\/wp\/v2\/woo-feed-brand?post=1636"}],"curies":[{"name":"wp","href":"https:\/\/api.w.org\/{rel}","templated":true}]}}