{"id":1628,"date":"2020-11-17T15:54:59","date_gmt":"2020-11-17T15:54:59","guid":{"rendered":"https:\/\/www.atvquadotwock.pl\/sklep\/?post_type=product&#038;p=1628"},"modified":"2022-04-15T09:48:10","modified_gmt":"2022-04-15T09:48:10","slug":"lampa-tyl-lewa-cfmoto-500-allroad-9020-160210","status":"publish","type":"product","link":"https:\/\/www.atvquadotwock.pl\/sklep\/produkt\/lampa-tyl-lewa-cfmoto-500-allroad-9020-160210\/","title":{"rendered":"Lampa ty\u0142 tylna PRAWA CFMOTO 500 ALLROAD 9020-160230"},"content":{"rendered":"<p>KOD OEM: 9020-160230<\/p>\n<p>Lampa kompletna z wi\u0105zk\u0105 oraz \u017car\u00f3wkami.<\/p>\n","protected":false},"excerpt":{"rendered":"<p>KOD OEM: 9020-160230 Lampa kompletna z wi\u0105zk\u0105 oraz \u017car\u00f3wkami.<\/p>\n","protected":false},"featured_media":1630,"template":"","meta":{"spay_email":""},"product_cat":[100],"product_tag":[],"woo-feed-brand":[],"acf":[],"_links":{"self":[{"href":"https:\/\/www.atvquadotwock.pl\/sklep\/wp-json\/wp\/v2\/product\/1628"}],"collection":[{"href":"https:\/\/www.atvquadotwock.pl\/sklep\/wp-json\/wp\/v2\/product"}],"about":[{"href":"https:\/\/www.atvquadotwock.pl\/sklep\/wp-json\/wp\/v2\/types\/product"}],"wp:featuredmedia":[{"embeddable":true,"href":"https:\/\/www.atvquadotwock.pl\/sklep\/wp-json\/wp\/v2\/media\/1630"}],"wp:attachment":[{"href":"https:\/\/www.atvquadotwock.pl\/sklep\/wp-json\/wp\/v2\/media?parent=1628"}],"wp:term":[{"taxonomy":"product_cat","embeddable":true,"href":"https:\/\/www.atvquadotwock.pl\/sklep\/wp-json\/wp\/v2\/product_cat?post=1628"},{"taxonomy":"product_tag","embeddable":true,"href":"https:\/\/www.atvquadotwock.pl\/sklep\/wp-json\/wp\/v2\/product_tag?post=1628"},{"taxonomy":"woo-feed-brand","embeddable":true,"href":"https:\/\/www.atvquadotwock.pl\/sklep\/wp-json\/wp\/v2\/woo-feed-brand?post=1628"}],"curies":[{"name":"wp","href":"https:\/\/api.w.org\/{rel}","templated":true}]}}