{"id":1623,"date":"2020-11-17T15:43:08","date_gmt":"2020-11-17T15:43:08","guid":{"rendered":"https:\/\/www.atvquadotwock.pl\/sklep\/?post_type=product&#038;p=1623"},"modified":"2022-08-29T12:20:56","modified_gmt":"2022-08-29T12:20:56","slug":"oslona-tlumika-aluminiowa-cfmoto-450-520-long-9gql-021202-10000","status":"publish","type":"product","link":"https:\/\/www.atvquadotwock.pl\/sklep\/produkt\/oslona-tlumika-aluminiowa-cfmoto-450-520-long-9gql-021202-10000\/","title":{"rendered":"Os\u0142ona t\u0142umika aluminiowa CFMOTO 450 520 LONG 9GQL-021202-10000"},"content":{"rendered":"<p>Os\u0142ona t\u0142umika aluminiowa PASUJE DO:<\/p>\n<p>CFMOTO 450 520 LONG<\/p>\n<p>NUMER 16 NA OSTATNIM ZDJ\u0118CIU Z DIAGRAMU<\/p>\n<p>KOD OEM: 9GQL-021202-10000<\/p>\n","protected":false},"excerpt":{"rendered":"<p>Os\u0142ona t\u0142umika aluminiowa PASUJE DO: CFMOTO 450 520 LONG NUMER 16 NA OSTATNIM ZDJ\u0118CIU Z DIAGRAMU KOD OEM: 9GQL-021202-10000<\/p>\n","protected":false},"featured_media":1625,"template":"","meta":{"spay_email":""},"product_cat":[90,91],"product_tag":[],"woo-feed-brand":[],"acf":[],"_links":{"self":[{"href":"https:\/\/www.atvquadotwock.pl\/sklep\/wp-json\/wp\/v2\/product\/1623"}],"collection":[{"href":"https:\/\/www.atvquadotwock.pl\/sklep\/wp-json\/wp\/v2\/product"}],"about":[{"href":"https:\/\/www.atvquadotwock.pl\/sklep\/wp-json\/wp\/v2\/types\/product"}],"wp:featuredmedia":[{"embeddable":true,"href":"https:\/\/www.atvquadotwock.pl\/sklep\/wp-json\/wp\/v2\/media\/1625"}],"wp:attachment":[{"href":"https:\/\/www.atvquadotwock.pl\/sklep\/wp-json\/wp\/v2\/media?parent=1623"}],"wp:term":[{"taxonomy":"product_cat","embeddable":true,"href":"https:\/\/www.atvquadotwock.pl\/sklep\/wp-json\/wp\/v2\/product_cat?post=1623"},{"taxonomy":"product_tag","embeddable":true,"href":"https:\/\/www.atvquadotwock.pl\/sklep\/wp-json\/wp\/v2\/product_tag?post=1623"},{"taxonomy":"woo-feed-brand","embeddable":true,"href":"https:\/\/www.atvquadotwock.pl\/sklep\/wp-json\/wp\/v2\/woo-feed-brand?post=1623"}],"curies":[{"name":"wp","href":"https:\/\/api.w.org\/{rel}","templated":true}]}}