{"id":1538,"date":"2020-11-04T14:51:00","date_gmt":"2020-11-04T14:51:00","guid":{"rendered":"https:\/\/www.atvquadotwock.pl\/sklep\/?post_type=product&#038;p=1538"},"modified":"2022-03-16T14:16:19","modified_gmt":"2022-03-16T14:16:19","slug":"zamiennik-czujnik-wentylatora-cfmoto-7020-150600","status":"publish","type":"product","link":"https:\/\/www.atvquadotwock.pl\/sklep\/produkt\/zamiennik-czujnik-wentylatora-cfmoto-7020-150600\/","title":{"rendered":"CZUJNIK WENTYLATORA CFMOTO 800 820 (7020-150600)"},"content":{"rendered":"<p>CZUJNIK ZA\u0141\u0104CZANIA WENTYLATORA W CFMOTO.<br \/>\nPASUJE DO MODELI 450 520 550 (przed 2016r) 600 800 820 850<br \/>\nKOD PRODKTU: 7020-150600<\/p>\n<p>Gwint: M16x1.5<\/p>\n<p>2 pinowy<br \/>\nTemperatura w\u0142\u0105czania wentylatora: 88 stopni<br \/>\nZCF2227<\/p>\n<p>Znajduje si\u0119 w ch\u0142odnicy, modele 450 520 550 powy\u017cej 2016r nie maj\u0105 ju\u017c tego czujnika a maj\u0105 tylko 1 kt\u00f3ry znajduje si\u0119 na g\u0142owicy.<\/p>\n<p>Znajdziesz na innej aukcji.<\/p>\n<p>&nbsp;<\/p>\n<p>&nbsp;<\/p>\n","protected":false},"excerpt":{"rendered":"<p>CZUJNIK ZA\u0141\u0104CZANIA WENTYLATORA W CFMOTO. PASUJE DO MODELI 450 520 550 (przed 2016r) 600 800 820 850 KOD PRODKTU: 7020-150600&hellip;<\/p>\n","protected":false},"featured_media":102,"template":"","meta":{"spay_email":""},"product_cat":[94,90,91,92,93,106,95,96,97,98,109,111,113],"product_tag":[],"woo-feed-brand":[],"acf":[],"_links":{"self":[{"href":"https:\/\/www.atvquadotwock.pl\/sklep\/wp-json\/wp\/v2\/product\/1538"}],"collection":[{"href":"https:\/\/www.atvquadotwock.pl\/sklep\/wp-json\/wp\/v2\/product"}],"about":[{"href":"https:\/\/www.atvquadotwock.pl\/sklep\/wp-json\/wp\/v2\/types\/product"}],"wp:featuredmedia":[{"embeddable":true,"href":"https:\/\/www.atvquadotwock.pl\/sklep\/wp-json\/wp\/v2\/media\/102"}],"wp:attachment":[{"href":"https:\/\/www.atvquadotwock.pl\/sklep\/wp-json\/wp\/v2\/media?parent=1538"}],"wp:term":[{"taxonomy":"product_cat","embeddable":true,"href":"https:\/\/www.atvquadotwock.pl\/sklep\/wp-json\/wp\/v2\/product_cat?post=1538"},{"taxonomy":"product_tag","embeddable":true,"href":"https:\/\/www.atvquadotwock.pl\/sklep\/wp-json\/wp\/v2\/product_tag?post=1538"},{"taxonomy":"woo-feed-brand","embeddable":true,"href":"https:\/\/www.atvquadotwock.pl\/sklep\/wp-json\/wp\/v2\/woo-feed-brand?post=1538"}],"curies":[{"name":"wp","href":"https:\/\/api.w.org\/{rel}","templated":true}]}}