{"id":1534,"date":"2020-11-04T13:51:55","date_gmt":"2020-11-04T13:51:55","guid":{"rendered":"https:\/\/www.atvquadotwock.pl\/sklep\/?post_type=product&#038;p=1534"},"modified":"2025-02-14T13:04:50","modified_gmt":"2025-02-14T13:04:50","slug":"podnozek-lewy-long-cfmoto-450-520-cf-moto-stopien-prog-9gql-042031","status":"publish","type":"product","link":"https:\/\/www.atvquadotwock.pl\/sklep\/produkt\/podnozek-lewy-long-cfmoto-450-520-cf-moto-stopien-prog-9gql-042031\/","title":{"rendered":"Podn\u00f3\u017cek lewy LONG CFMOTO 450 520 CF MOTO STOPIE\u0143 PR\u00d3G 9GQL-042031"},"content":{"rendered":"<p>KOD OEM: 9GQL-042031<\/p>\n<p>lewy PR\u00d3G STOPIE\u0143 DO CFMOTO 450 520 WERSJA LONG D\u0141UGA<\/p>\n<p>Wysy\u0142ki codziennie realizujemy.<br \/>\nfacebook.com\/quadyotwock<br \/>\nznajd\u017a nas na FB \ud83d\ude42<br \/>\nPrzed zakupem zapytaj nas o dost\u0119pno\u015b\u0107.<br \/>\nSzukasz innych cz\u0119\u015bci do CFMOTO?<br \/>\nNapisz lub zadzwo\u0144. Tw\u00f3j autoryzowany dealer CFMOTO.<\/p>\n<p>Sklep ATV-QUAD<br \/>\n05-400 Otwock ul. \u0141ugi 82<br \/>\nCzynny<br \/>\nod Poniedzia\u0142ku do Pi\u0105tku<br \/>\n10:00 \u2013 18:00<br \/>\ntel. 791 477 830<\/p>\n<p><a href=\"https:\/\/www.facebook.com\/quadyotwock\">https:\/\/www.facebook.com\/quadyotwock<\/a><br \/>\n<a href=\"https:\/\/g.page\/QUADYOTWOCK?share\">https:\/\/g.page\/QUADYOTWOCK?share<\/a><br \/>\nznajd\u017a nas na FACEBOOKU i GOOGLE zostaw recenzj\u0119 a otrzymasz 10% rabatu na zam\u00f3wienie!<\/p>\n<p><a href=\"https:\/\/www.instagram.com\/atvquadotwock\">https:\/\/www.instagram.com\/atvquadotwock<\/a> obserwuj nas na instagramie a dowiesz si\u0119 o nowo\u015bciach,<br \/>\ntuningowaniu quad\u00f3w jak i relacji z przegl\u0105d\u00f3w.<\/p>\n","protected":false},"excerpt":{"rendered":"<p>KOD OEM: 9GQL-042031 lewy PR\u00d3G STOPIE\u0143 DO CFMOTO 450 520 WERSJA LONG D\u0141UGA Wysy\u0142ki codziennie realizujemy. facebook.com\/quadyotwock znajd\u017a nas na&hellip;<\/p>\n","protected":false},"featured_media":1487,"template":"","meta":{"spay_email":""},"product_cat":[90,91,25],"product_tag":[],"woo-feed-brand":[],"acf":[],"_links":{"self":[{"href":"https:\/\/www.atvquadotwock.pl\/sklep\/wp-json\/wp\/v2\/product\/1534"}],"collection":[{"href":"https:\/\/www.atvquadotwock.pl\/sklep\/wp-json\/wp\/v2\/product"}],"about":[{"href":"https:\/\/www.atvquadotwock.pl\/sklep\/wp-json\/wp\/v2\/types\/product"}],"wp:featuredmedia":[{"embeddable":true,"href":"https:\/\/www.atvquadotwock.pl\/sklep\/wp-json\/wp\/v2\/media\/1487"}],"wp:attachment":[{"href":"https:\/\/www.atvquadotwock.pl\/sklep\/wp-json\/wp\/v2\/media?parent=1534"}],"wp:term":[{"taxonomy":"product_cat","embeddable":true,"href":"https:\/\/www.atvquadotwock.pl\/sklep\/wp-json\/wp\/v2\/product_cat?post=1534"},{"taxonomy":"product_tag","embeddable":true,"href":"https:\/\/www.atvquadotwock.pl\/sklep\/wp-json\/wp\/v2\/product_tag?post=1534"},{"taxonomy":"woo-feed-brand","embeddable":true,"href":"https:\/\/www.atvquadotwock.pl\/sklep\/wp-json\/wp\/v2\/woo-feed-brand?post=1534"}],"curies":[{"name":"wp","href":"https:\/\/api.w.org\/{rel}","templated":true}]}}