{"id":1491,"date":"2020-10-29T15:26:55","date_gmt":"2020-10-29T15:26:55","guid":{"rendered":"https:\/\/www.atvquadotwock.pl\/sklep\/?post_type=product&#038;p=1491"},"modified":"2020-11-04T14:00:49","modified_gmt":"2020-11-04T14:00:49","slug":"uszczelniacze-zaworowe-2-szt-cfmoto-450-520-550-850-1000","status":"publish","type":"product","link":"https:\/\/www.atvquadotwock.pl\/sklep\/produkt\/uszczelniacze-zaworowe-2-szt-cfmoto-450-520-550-850-1000\/","title":{"rendered":"USZCZELNIACZE ZAWOROWE CFMOTO 450 520 550 850 1000 0010-022500"},"content":{"rendered":"<p>cena za szt<br \/>\nkod oem: 0010-022500<br \/>\nPrzed zakupem zapytaj nas o dost\u0119pno\u015b\u0107.<br \/>\nSzukasz innych cz\u0119\u015bci do CFMOTO?<br \/>\nNapisz lub zadzwo\u0144. Tw\u00f3j autoryzowany dealer CFMOTO.<\/p>\n<p>Sklep ATV-QUAD<br \/>\n05-400 Otwock ul. \u0141ugi 82<br \/>\nCzynny<br \/>\nod Poniedzia\u0142ku do Pi\u0105tku<br \/>\n10:00 \u2013 18:00<br \/>\ntel. 791 477 830<\/p>\n<p><a href=\"https:\/\/www.facebook.com\/quadyotwock\">https:\/\/www.facebook.com\/quadyotwock<\/a><br \/>\n<a href=\"https:\/\/g.page\/QUADYOTWOCK?share\">https:\/\/g.page\/QUADYOTWOCK?share<\/a><br \/>\nznajd\u017a nas na FACEBOOKU i GOOGLE zostaw recenzj\u0119 a otrzymasz 10% rabatu na zam\u00f3wienie!<\/p>\n<p><a href=\"https:\/\/www.instagram.com\/atvquadotwock\">https:\/\/www.instagram.com\/atvquadotwock<\/a> obserwuj nas na instagramie a dowiesz si\u0119 o nowo\u015bciach,<br \/>\ntuningowaniu quad\u00f3w jak i relacji z przegl\u0105d\u00f3w.<\/p>\n","protected":false},"excerpt":{"rendered":"<p>cena za szt kod oem: 0010-022500 Przed zakupem zapytaj nas o dost\u0119pno\u015b\u0107. Szukasz innych cz\u0119\u015bci do CFMOTO? Napisz lub zadzwo\u0144.&hellip;<\/p>\n","protected":false},"featured_media":1492,"template":"","meta":{"spay_email":""},"product_cat":[48,90,91,92,98],"product_tag":[],"woo-feed-brand":[],"acf":[],"_links":{"self":[{"href":"https:\/\/www.atvquadotwock.pl\/sklep\/wp-json\/wp\/v2\/product\/1491"}],"collection":[{"href":"https:\/\/www.atvquadotwock.pl\/sklep\/wp-json\/wp\/v2\/product"}],"about":[{"href":"https:\/\/www.atvquadotwock.pl\/sklep\/wp-json\/wp\/v2\/types\/product"}],"wp:featuredmedia":[{"embeddable":true,"href":"https:\/\/www.atvquadotwock.pl\/sklep\/wp-json\/wp\/v2\/media\/1492"}],"wp:attachment":[{"href":"https:\/\/www.atvquadotwock.pl\/sklep\/wp-json\/wp\/v2\/media?parent=1491"}],"wp:term":[{"taxonomy":"product_cat","embeddable":true,"href":"https:\/\/www.atvquadotwock.pl\/sklep\/wp-json\/wp\/v2\/product_cat?post=1491"},{"taxonomy":"product_tag","embeddable":true,"href":"https:\/\/www.atvquadotwock.pl\/sklep\/wp-json\/wp\/v2\/product_tag?post=1491"},{"taxonomy":"woo-feed-brand","embeddable":true,"href":"https:\/\/www.atvquadotwock.pl\/sklep\/wp-json\/wp\/v2\/woo-feed-brand?post=1491"}],"curies":[{"name":"wp","href":"https:\/\/api.w.org\/{rel}","templated":true}]}}