{"id":1464,"date":"2020-10-26T10:59:13","date_gmt":"2020-10-26T10:59:13","guid":{"rendered":"https:\/\/www.atvquadotwock.pl\/sklep\/?post_type=product&#038;p=1464"},"modified":"2021-05-21T10:55:03","modified_gmt":"2021-05-21T10:55:03","slug":"podnozek-stopien-prawy-cfmoto-500-long-wersja-prog-cf500k-7-7-a-901a-040008","status":"publish","type":"product","link":"https:\/\/www.atvquadotwock.pl\/sklep\/produkt\/podnozek-stopien-prawy-cfmoto-500-long-wersja-prog-cf500k-7-7-a-901a-040008\/","title":{"rendered":"PODN\u00d3\u017bEK Stopie\u0144 PRAWY cfmoto 500 LONG WERSJA pr\u00f3g CF500K-7-2-A 901a-040009"},"content":{"rendered":"<p>KOD OEM: 901a-040009<\/p>\n<p>&nbsp;<\/p>\n<p>PR\u00d3G PASUJE R\u00d3WNIE\u017b DO POPRZEDNIEGO MODELU (LAMPY &#8220;JAKOWATE&#8221;)<\/p>\n<p>&nbsp;<\/p>\n<p>Przed zakupem zapytaj nas o dost\u0119pno\u015b\u0107.<br \/>\nSzukasz innych cz\u0119\u015bci do CFMOTO?<br \/>\nNapisz lub zadzwo\u0144. Tw\u00f3j autoryzowany dealer CFMOTO.<\/p>\n<p>Sklep ATV-QUAD<br \/>\n05-400 Otwock ul. \u0141ugi 82<br \/>\nCzynny<br \/>\nod Poniedzia\u0142ku do Pi\u0105tku<br \/>\n10:00 \u2013 18:00<br \/>\ntel. 791 477 830<\/p>\n<p><a href=\"https:\/\/www.facebook.com\/quadyotwock\">https:\/\/www.facebook.com\/quadyotwock<\/a><br \/>\n<a href=\"https:\/\/g.page\/QUADYOTWOCK?share\">https:\/\/g.page\/QUADYOTWOCK?share<\/a><br \/>\nznajd\u017a nas na FACEBOOKU i GOOGLE zostaw recenzj\u0119 a otrzymasz 10% rabatu na zam\u00f3wienie!<\/p>\n<p><a href=\"https:\/\/www.instagram.com\/atvquadotwock\">https:\/\/www.instagram.com\/atvquadotwock<\/a> obserwuj nas na instagramie a dowiesz si\u0119 o nowo\u015bciach,<br \/>\ntuningowaniu quad\u00f3w jak i relacji z przegl\u0105d\u00f3w.<\/p>\n","protected":false},"excerpt":{"rendered":"<p>KOD OEM: 901a-040009 &nbsp; PR\u00d3G PASUJE R\u00d3WNIE\u017b DO POPRZEDNIEGO MODELU (LAMPY &#8220;JAKOWATE&#8221;) &nbsp; Przed zakupem zapytaj nas o dost\u0119pno\u015b\u0107. Szukasz&hellip;<\/p>\n","protected":false},"featured_media":1463,"template":"","meta":{"spay_email":""},"product_cat":[112,100],"product_tag":[],"woo-feed-brand":[],"acf":[],"_links":{"self":[{"href":"https:\/\/www.atvquadotwock.pl\/sklep\/wp-json\/wp\/v2\/product\/1464"}],"collection":[{"href":"https:\/\/www.atvquadotwock.pl\/sklep\/wp-json\/wp\/v2\/product"}],"about":[{"href":"https:\/\/www.atvquadotwock.pl\/sklep\/wp-json\/wp\/v2\/types\/product"}],"wp:featuredmedia":[{"embeddable":true,"href":"https:\/\/www.atvquadotwock.pl\/sklep\/wp-json\/wp\/v2\/media\/1463"}],"wp:attachment":[{"href":"https:\/\/www.atvquadotwock.pl\/sklep\/wp-json\/wp\/v2\/media?parent=1464"}],"wp:term":[{"taxonomy":"product_cat","embeddable":true,"href":"https:\/\/www.atvquadotwock.pl\/sklep\/wp-json\/wp\/v2\/product_cat?post=1464"},{"taxonomy":"product_tag","embeddable":true,"href":"https:\/\/www.atvquadotwock.pl\/sklep\/wp-json\/wp\/v2\/product_tag?post=1464"},{"taxonomy":"woo-feed-brand","embeddable":true,"href":"https:\/\/www.atvquadotwock.pl\/sklep\/wp-json\/wp\/v2\/woo-feed-brand?post=1464"}],"curies":[{"name":"wp","href":"https:\/\/api.w.org\/{rel}","templated":true}]}}