{"id":1450,"date":"2020-10-23T11:02:48","date_gmt":"2020-10-23T11:02:48","guid":{"rendered":"https:\/\/www.atvquadotwock.pl\/sklep\/?post_type=product&#038;p=1450"},"modified":"2021-06-14T07:51:54","modified_gmt":"2021-06-14T07:51:54","slug":"uszczelka-tlumika-7030-021001","status":"publish","type":"product","link":"https:\/\/www.atvquadotwock.pl\/sklep\/produkt\/uszczelka-tlumika-7030-021001\/","title":{"rendered":"USZCZELKA T\u0141UMIKA wydechu \u0142\u0105cznik CFMOTO 450 520 CF MOTO"},"content":{"rendered":"<p>Uszczelka pomi\u0119dzy wydechami. <\/p>\n<p>Uszczelka przy g\u0142owicy na innej aukcji.<\/p>\n<p>7030-021001<\/p>\n","protected":false},"excerpt":{"rendered":"<p>Uszczelka pomi\u0119dzy wydechami. Uszczelka przy g\u0142owicy na innej aukcji. 7030-021001<\/p>\n","protected":false},"featured_media":1451,"template":"","meta":{"spay_email":""},"product_cat":[90,91],"product_tag":[],"woo-feed-brand":[],"acf":[],"_links":{"self":[{"href":"https:\/\/www.atvquadotwock.pl\/sklep\/wp-json\/wp\/v2\/product\/1450"}],"collection":[{"href":"https:\/\/www.atvquadotwock.pl\/sklep\/wp-json\/wp\/v2\/product"}],"about":[{"href":"https:\/\/www.atvquadotwock.pl\/sklep\/wp-json\/wp\/v2\/types\/product"}],"wp:featuredmedia":[{"embeddable":true,"href":"https:\/\/www.atvquadotwock.pl\/sklep\/wp-json\/wp\/v2\/media\/1451"}],"wp:attachment":[{"href":"https:\/\/www.atvquadotwock.pl\/sklep\/wp-json\/wp\/v2\/media?parent=1450"}],"wp:term":[{"taxonomy":"product_cat","embeddable":true,"href":"https:\/\/www.atvquadotwock.pl\/sklep\/wp-json\/wp\/v2\/product_cat?post=1450"},{"taxonomy":"product_tag","embeddable":true,"href":"https:\/\/www.atvquadotwock.pl\/sklep\/wp-json\/wp\/v2\/product_tag?post=1450"},{"taxonomy":"woo-feed-brand","embeddable":true,"href":"https:\/\/www.atvquadotwock.pl\/sklep\/wp-json\/wp\/v2\/woo-feed-brand?post=1450"}],"curies":[{"name":"wp","href":"https:\/\/api.w.org\/{rel}","templated":true}]}}