{"id":1444,"date":"2020-10-21T13:37:57","date_gmt":"2020-10-21T13:37:57","guid":{"rendered":"https:\/\/www.atvquadotwock.pl\/sklep\/?post_type=product&#038;p=1444"},"modified":"2022-11-29T08:42:37","modified_gmt":"2022-11-29T08:42:37","slug":"drazek-kierowniczy-cfmoto-9gq0-100530","status":"publish","type":"product","link":"https:\/\/www.atvquadotwock.pl\/sklep\/produkt\/drazek-kierowniczy-cfmoto-9gq0-100530\/","title":{"rendered":"Dr\u0105\u017cek kierowniczy CFMOTO 450 520 9GQ0-100530"},"content":{"rendered":"<p>Kompletny dr\u0105\u017cek<\/p>\n","protected":false},"excerpt":{"rendered":"<blockquote>\n<p style=\"text-align: right;\">\n<\/blockquote>\n","protected":false},"featured_media":4193,"template":"","meta":{"spay_email":""},"product_cat":[90,91],"product_tag":[],"woo-feed-brand":[],"acf":[],"_links":{"self":[{"href":"https:\/\/www.atvquadotwock.pl\/sklep\/wp-json\/wp\/v2\/product\/1444"}],"collection":[{"href":"https:\/\/www.atvquadotwock.pl\/sklep\/wp-json\/wp\/v2\/product"}],"about":[{"href":"https:\/\/www.atvquadotwock.pl\/sklep\/wp-json\/wp\/v2\/types\/product"}],"wp:featuredmedia":[{"embeddable":true,"href":"https:\/\/www.atvquadotwock.pl\/sklep\/wp-json\/wp\/v2\/media\/4193"}],"wp:attachment":[{"href":"https:\/\/www.atvquadotwock.pl\/sklep\/wp-json\/wp\/v2\/media?parent=1444"}],"wp:term":[{"taxonomy":"product_cat","embeddable":true,"href":"https:\/\/www.atvquadotwock.pl\/sklep\/wp-json\/wp\/v2\/product_cat?post=1444"},{"taxonomy":"product_tag","embeddable":true,"href":"https:\/\/www.atvquadotwock.pl\/sklep\/wp-json\/wp\/v2\/product_tag?post=1444"},{"taxonomy":"woo-feed-brand","embeddable":true,"href":"https:\/\/www.atvquadotwock.pl\/sklep\/wp-json\/wp\/v2\/woo-feed-brand?post=1444"}],"curies":[{"name":"wp","href":"https:\/\/api.w.org\/{rel}","templated":true}]}}