{"id":143,"date":"2020-05-04T10:08:02","date_gmt":"2020-05-04T10:08:02","guid":{"rendered":"https:\/\/www.atvquadotwock.pl\/sklep\/?post_type=product&#038;p=143"},"modified":"2021-11-27T00:03:06","modified_gmt":"2021-11-27T00:03:06","slug":"lina-syntetyczna-do-wyciagarki-karbonowa-5mm-15mb","status":"publish","type":"product","link":"https:\/\/www.atvquadotwock.pl\/sklep\/produkt\/lina-syntetyczna-do-wyciagarki-karbonowa-5mm-15mb\/","title":{"rendered":"LINA SYNTETYCZNA DO WYCI\u0104GARKI 5MM 15MB"},"content":{"rendered":"<p>dost\u0119pna w kolorach niebieskich, \u017c\u00f3\u0142tych i szarych.<\/p>\n<p>Lina syntetyczna do wyci\u0105garki ATV. Pasuje do wi\u0119kszo\u015bci wyci\u0105garek.<\/p>\n<p>Pasuje do wszystkich wyci\u0105garek CFMOTO.<br \/>\nA by za\u0142o\u017cy\u0107 trzeba uci\u0105\u0107 zako\u0144czenie liny, odkr\u0119ci\u0107 \u015brub\u0119 na szpuli, przypali\u0107 ko\u0144c\u00f3wk\u0119 liny i prze\u0142o\u017cy\u0107 przez fabryczn\u0105 wyci\u0105gark\u0119 CFMOTO a nast\u0119pnie dokr\u0119ci\u0107 ampulem j\u0105 i zawin\u0105\u0107.<\/p>\n<p>Cechy produktu:<\/p>\n<p>kolor: niebieski TYLKO DOST\u0118PNY<br \/>\ngrubo\u015b\u0107: 5mm,<br \/>\nd\u0142ugo\u015b\u0107: 15m,<br \/>\nmaksymalny uci\u0105g: 2500kg,<br \/>\nzako\u0144czona aluminiowym oczkiem.<br \/>\nWymie\u0144 swoj\u0105 star\u0105 lin\u0119 stalow\u0105 na syntetyczn\u0105!<\/p>\n","protected":false},"excerpt":{"rendered":"<p>dost\u0119pna w kolorach niebieskich, \u017c\u00f3\u0142tych i szarych. Lina syntetyczna do wyci\u0105garki ATV. Pasuje do wi\u0119kszo\u015bci wyci\u0105garek. Pasuje do wszystkich wyci\u0105garek&hellip;<\/p>\n","protected":false},"featured_media":320,"template":"","meta":{"spay_email":""},"product_cat":[44,39],"product_tag":[],"woo-feed-brand":[],"acf":[],"_links":{"self":[{"href":"https:\/\/www.atvquadotwock.pl\/sklep\/wp-json\/wp\/v2\/product\/143"}],"collection":[{"href":"https:\/\/www.atvquadotwock.pl\/sklep\/wp-json\/wp\/v2\/product"}],"about":[{"href":"https:\/\/www.atvquadotwock.pl\/sklep\/wp-json\/wp\/v2\/types\/product"}],"wp:featuredmedia":[{"embeddable":true,"href":"https:\/\/www.atvquadotwock.pl\/sklep\/wp-json\/wp\/v2\/media\/320"}],"wp:attachment":[{"href":"https:\/\/www.atvquadotwock.pl\/sklep\/wp-json\/wp\/v2\/media?parent=143"}],"wp:term":[{"taxonomy":"product_cat","embeddable":true,"href":"https:\/\/www.atvquadotwock.pl\/sklep\/wp-json\/wp\/v2\/product_cat?post=143"},{"taxonomy":"product_tag","embeddable":true,"href":"https:\/\/www.atvquadotwock.pl\/sklep\/wp-json\/wp\/v2\/product_tag?post=143"},{"taxonomy":"woo-feed-brand","embeddable":true,"href":"https:\/\/www.atvquadotwock.pl\/sklep\/wp-json\/wp\/v2\/woo-feed-brand?post=143"}],"curies":[{"name":"wp","href":"https:\/\/api.w.org\/{rel}","templated":true}]}}