{"id":1407,"date":"2020-10-13T09:22:53","date_gmt":"2020-10-13T09:22:53","guid":{"rendered":"https:\/\/www.atvquadotwock.pl\/sklep\/?post_type=product&#038;p=1407"},"modified":"2021-10-07T09:03:48","modified_gmt":"2021-10-07T09:03:48","slug":"wyciagarka-dragon-winch-highlander-3500-dwh3500hd","status":"publish","type":"product","link":"https:\/\/www.atvquadotwock.pl\/sklep\/produkt\/wyciagarka-dragon-winch-highlander-3500-dwh3500hd\/","title":{"rendered":"Wyci\u0105garka DRAGON WINCH Highlander 3500 DWH3500HD"},"content":{"rendered":"<p>Wyci\u0105garki DRAGON WINCH seria Highlander\u00a0zaprojektowane zosta\u0142y z my\u015bl\u0105 o pojazdach terenowych oraz ci\u0119\u017ckich warunkach w jakich pracuj\u0105. Zastosowany w nich zosta\u0142 nowy, mocniejszy silnik, wytrzymalsza przek\u0142adnia oraz dynamiczny hamulec. Gwarantuj\u0105 najwy\u017cszy poziom niezawodno\u015bci i bezpiecze\u0144stwa, szczeg\u00f3lnie popularne w sporcie.<\/p>\n<p>Wraz z wyci\u0105gark\u0105 otrzymujemy: lin\u0119 stalow\u0105, hak, zestaw sterowania wraz z okablowaniem, prowadnic\u0119 rolkow\u0105, pilota przewodowego oraz bezprzewodowego, \u015bruby monta\u017cowe.<\/p>\n<p>Zastosowanie: ATV\/UTV<br \/>\nZasilanie: 12 V<br \/>\nMoc: 1,6 KM<br \/>\nUci\u0105g: 3 500 lb\/ 1 588 kg<br \/>\nPrzek\u0142adnia: tr\u00f3jstopniowa przek\u0142adnia planetarna<br \/>\nRedukcja: 138:1<br \/>\nRodzaj hamulca: automatyczny<br \/>\nD\u0142ugo\u015b\u0107 liny stalowej: 15 m<br \/>\nD\u0142ugo\u015b\u0107 liny syntetycznej: 15 m<br \/>\nWymiary (LxWxH): 354 mm x 114 mm x 115 mm<br \/>\nWaga zestawu brutto: 12 kg<br \/>\nRozstaw \u015brub monta\u017cowych: 124 mm x 76 mm<\/p>\n<p>W zestawie:<\/p>\n<p>lina stalowa lub syntetyczna<br \/>\nhak<br \/>\nzestaw sterowania wraz z okablowaniem<br \/>\nprowadnica rolkowa lub \u015blizgowa<br \/>\nuniwersalna p\u0142yta monta\u017cowa<br \/>\nprze\u0142\u0105cznik na kierownic\u0119 oraz pilot bezprzewodowy<br \/>\n\u015bruby monta\u017cowe<br \/>\nSzybko\u015b\u0107 zwijania liny i pob\u00f3r pr\u0105du (pierwsza warstwa liny na b\u0119bnie)<\/p>\n<p>obci\u0105\u017cenie liny kg brak 453 907 1587<br \/>\npr\u0119dko\u015b\u0107 liny m\/min 5,4 4,8 4 3<br \/>\npob\u00f3r pr\u0105du ampery 19 49 96 150<br \/>\nSi\u0142a uci\u0105gu w zale\u017cno\u015bci od warstwy liny<\/p>\n<p>warstwa liny 1 2 3 4 5<br \/>\nuci\u0105g liny kg 1587 1254 1079 967 778<br \/>\nilo\u015b\u0107 liny na b\u0119bnie m 2,5 5,3 8,4 12,2 15<\/p>\n","protected":false},"excerpt":{"rendered":"<p>Wyci\u0105garki DRAGON WINCH seria Highlander\u00a0zaprojektowane zosta\u0142y z my\u015bl\u0105 o pojazdach terenowych oraz ci\u0119\u017ckich warunkach w jakich pracuj\u0105. Zastosowany w nich&hellip;<\/p>\n","protected":false},"featured_media":0,"template":"","meta":{"spay_email":""},"product_cat":[39],"product_tag":[],"woo-feed-brand":[],"acf":[],"_links":{"self":[{"href":"https:\/\/www.atvquadotwock.pl\/sklep\/wp-json\/wp\/v2\/product\/1407"}],"collection":[{"href":"https:\/\/www.atvquadotwock.pl\/sklep\/wp-json\/wp\/v2\/product"}],"about":[{"href":"https:\/\/www.atvquadotwock.pl\/sklep\/wp-json\/wp\/v2\/types\/product"}],"wp:attachment":[{"href":"https:\/\/www.atvquadotwock.pl\/sklep\/wp-json\/wp\/v2\/media?parent=1407"}],"wp:term":[{"taxonomy":"product_cat","embeddable":true,"href":"https:\/\/www.atvquadotwock.pl\/sklep\/wp-json\/wp\/v2\/product_cat?post=1407"},{"taxonomy":"product_tag","embeddable":true,"href":"https:\/\/www.atvquadotwock.pl\/sklep\/wp-json\/wp\/v2\/product_tag?post=1407"},{"taxonomy":"woo-feed-brand","embeddable":true,"href":"https:\/\/www.atvquadotwock.pl\/sklep\/wp-json\/wp\/v2\/woo-feed-brand?post=1407"}],"curies":[{"name":"wp","href":"https:\/\/api.w.org\/{rel}","templated":true}]}}