{"id":1356,"date":"2020-09-30T12:03:40","date_gmt":"2020-09-30T12:03:40","guid":{"rendered":"https:\/\/www.atvquadotwock.pl\/sklep\/?post_type=product&#038;p=1356"},"modified":"2024-01-12T14:52:00","modified_gmt":"2024-01-12T14:52:00","slug":"podniesienie-chlodnicy-relokator-yamaha-grizzly-550-700-2016-relocator","status":"publish","type":"product","link":"https:\/\/www.atvquadotwock.pl\/sklep\/produkt\/podniesienie-chlodnicy-relokator-yamaha-grizzly-550-700-2016-relocator\/","title":{"rendered":"Podniesienie ch\u0142odnicy relokator Yamaha Grizzly 550 700 2016-> relocator"},"content":{"rendered":"<p>Podniesienie ch\u0142odnicy<\/p>\n<p>Zastosowanie:<br \/>\nYamaha Grizzly 700 2016+<\/p>\n<p>G\u0142\u00f3wn\u0105 funkcj\u0105 przeniesienia ch\u0142odnicy na g\u00f3r\u0119 pojazdu jest ochrona przed przegrzaniem i uszkodzeniami mechanicznymi. Ga\u0142\u0119zie, b\u0142oto i brud nie b\u0119d\u0105 ju\u017c dostawa\u0107 si\u0119 do ch\u0142odnicy, a silnik b\u0119dzie dzia\u0142a\u0142 stabilnie podczas ekstremalnych podr\u00f3\u017cy i wypraw.<\/p>\n<p>Zalety:<\/p>\n<p>Materia\u0142: 4 mm aluminium.<br \/>\nKompletna siatka ze stali nierdzewnej<br \/>\nMalowanie proszkowe<br \/>\nNowoczesny design<br \/>\nLekkie i niezawodne !!!<br \/>\nW zestawie instrukcja monta\u017cu, przewody i wszystkie elementy monta\u017cowe<\/p>\n<p>Przed zakupem zapytaj nas o dost\u0119pno\u015b\u0107.<br \/>\nSzukasz innych cz\u0119\u015bci do CFMOTO?<br \/>\nNapisz lub zadzwo\u0144. Tw\u00f3j autoryzowany dealer CFMOTO.<\/p>\n<p>Sklep ATV-QUAD<br \/>\n05-400 Otwock ul. \u0141ugi 82<br \/>\nCzynny<br \/>\nod Poniedzia\u0142ku do Pi\u0105tku<br \/>\n10:00 \u2013 18:00<br \/>\ntel. 791 477 830<\/p>\n<p><a href=\"https:\/\/www.facebook.com\/quadyotwock\">https:\/\/www.facebook.com\/quadyotwock<\/a><br \/>\n<a href=\"https:\/\/g.page\/QUADYOTWOCK?share\">https:\/\/g.page\/QUADYOTWOCK?share<\/a><br \/>\nznajd\u017a nas na FACEBOOKU i GOOGLE zostaw recenzj\u0119 a otrzymasz 10% rabatu na zam\u00f3wienie!<\/p>\n<p><a href=\"https:\/\/www.instagram.com\/atvquadotwock\">https:\/\/www.instagram.com\/atvquadotwock<\/a> obserwuj nas na instagramie a dowiesz si\u0119 o nowo\u015bciach,<br \/>\ntuningowaniu quad\u00f3w jak i relacji z przegl\u0105d\u00f3w.<\/p>\n","protected":false},"excerpt":{"rendered":"<p>Podniesienie ch\u0142odnicy Zastosowanie: Yamaha Grizzly 700 2016+ G\u0142\u00f3wn\u0105 funkcj\u0105 przeniesienia ch\u0142odnicy na g\u00f3r\u0119 pojazdu jest ochrona przed przegrzaniem i uszkodzeniami&hellip;<\/p>\n","protected":false},"featured_media":1357,"template":"","meta":{"spay_email":""},"product_cat":[36],"product_tag":[],"woo-feed-brand":[],"acf":[],"_links":{"self":[{"href":"https:\/\/www.atvquadotwock.pl\/sklep\/wp-json\/wp\/v2\/product\/1356"}],"collection":[{"href":"https:\/\/www.atvquadotwock.pl\/sklep\/wp-json\/wp\/v2\/product"}],"about":[{"href":"https:\/\/www.atvquadotwock.pl\/sklep\/wp-json\/wp\/v2\/types\/product"}],"wp:featuredmedia":[{"embeddable":true,"href":"https:\/\/www.atvquadotwock.pl\/sklep\/wp-json\/wp\/v2\/media\/1357"}],"wp:attachment":[{"href":"https:\/\/www.atvquadotwock.pl\/sklep\/wp-json\/wp\/v2\/media?parent=1356"}],"wp:term":[{"taxonomy":"product_cat","embeddable":true,"href":"https:\/\/www.atvquadotwock.pl\/sklep\/wp-json\/wp\/v2\/product_cat?post=1356"},{"taxonomy":"product_tag","embeddable":true,"href":"https:\/\/www.atvquadotwock.pl\/sklep\/wp-json\/wp\/v2\/product_tag?post=1356"},{"taxonomy":"woo-feed-brand","embeddable":true,"href":"https:\/\/www.atvquadotwock.pl\/sklep\/wp-json\/wp\/v2\/woo-feed-brand?post=1356"}],"curies":[{"name":"wp","href":"https:\/\/api.w.org\/{rel}","templated":true}]}}