{"id":1346,"date":"2020-09-29T17:30:01","date_gmt":"2020-09-29T17:30:01","guid":{"rendered":"https:\/\/www.atvquadotwock.pl\/sklep\/?post_type=product&#038;p=1346"},"modified":"2023-01-16T10:20:21","modified_gmt":"2023-01-16T10:20:21","slug":"krzyzyk-gumowy-amortyzator-wspomagania-cfmoto-9cr6-103301-rubber-damper","status":"publish","type":"product","link":"https:\/\/www.atvquadotwock.pl\/sklep\/produkt\/krzyzyk-gumowy-amortyzator-wspomagania-cfmoto-9cr6-103301-rubber-damper\/","title":{"rendered":"Krzy\u017cyk GUMOWY AMORTYZATOR wspomagania CFMOTO 9CR6-103301 RUBBER DAMPER sprz\u0119gie\u0142ko"},"content":{"rendered":"<p>(NR. 29 NA DRUGIM ZDJ\u0118CIU)<\/p>\n<p>Amortyzator dystans wspomagania &#8220;krzy\u017cyk&#8221; na silniku WSPOMAGANIA.<br \/>\nMasz objaw tyrkotania wspomagania w CFMOTO? To prawdopodobnie rozpad\u0142 si\u0119 fabryczny krzy\u017cyk. J<\/p>\n<p>kod oem: 9CR6-103301 RUBBER DAMPER<\/p>\n<p>Przed zakupem zapytaj nas o dost\u0119pno\u015b\u0107.<br \/>\nSzukasz innych cz\u0119\u015bci do CFMOTO?<br \/>\nNapisz lub zadzwo\u0144. Tw\u00f3j autoryzowany dealer CFMOTO.<\/p>\n<p>Sklep ATV-QUAD<br \/>\n05-400 Otwock ul. \u0141ugi 82<br \/>\nCzynny<br \/>\nod Poniedzia\u0142ku do Pi\u0105tku<br \/>\n10:00 \u2013 18:00<br \/>\ntel. 791 477 830<\/p>\n<p><a href=\"https:\/\/www.facebook.com\/quadyotwock\">https:\/\/www.facebook.com\/quadyotwock<\/a><br \/>\n<a href=\"https:\/\/g.page\/QUADYOTWOCK?share\">https:\/\/g.page\/QUADYOTWOCK?share<\/a><br \/>\nznajd\u017a nas na FACEBOOKU i GOOGLE zostaw recenzj\u0119 a otrzymasz 10% rabatu na zam\u00f3wienie!<\/p>\n<p><a href=\"https:\/\/www.instagram.com\/atvquadotwock\">https:\/\/www.instagram.com\/atvquadotwock<\/a> obserwuj nas na instagramie a dowiesz si\u0119 o nowo\u015bciach,<br \/>\ntuningowaniu quad\u00f3w jak i relacji z przegl\u0105d\u00f3w.<\/p>\n","protected":false},"excerpt":{"rendered":"<p>(NR. 29 NA DRUGIM ZDJ\u0118CIU) Amortyzator dystans wspomagania &#8220;krzy\u017cyk&#8221; na silniku WSPOMAGANIA. Masz objaw tyrkotania wspomagania w CFMOTO? To prawdopodobnie&hellip;<\/p>\n","protected":false},"featured_media":4628,"template":"","meta":{"spay_email":""},"product_cat":[90,91,92,93,106,95,96,97,98,109,107,108,37],"product_tag":[],"woo-feed-brand":[],"acf":[],"_links":{"self":[{"href":"https:\/\/www.atvquadotwock.pl\/sklep\/wp-json\/wp\/v2\/product\/1346"}],"collection":[{"href":"https:\/\/www.atvquadotwock.pl\/sklep\/wp-json\/wp\/v2\/product"}],"about":[{"href":"https:\/\/www.atvquadotwock.pl\/sklep\/wp-json\/wp\/v2\/types\/product"}],"wp:featuredmedia":[{"embeddable":true,"href":"https:\/\/www.atvquadotwock.pl\/sklep\/wp-json\/wp\/v2\/media\/4628"}],"wp:attachment":[{"href":"https:\/\/www.atvquadotwock.pl\/sklep\/wp-json\/wp\/v2\/media?parent=1346"}],"wp:term":[{"taxonomy":"product_cat","embeddable":true,"href":"https:\/\/www.atvquadotwock.pl\/sklep\/wp-json\/wp\/v2\/product_cat?post=1346"},{"taxonomy":"product_tag","embeddable":true,"href":"https:\/\/www.atvquadotwock.pl\/sklep\/wp-json\/wp\/v2\/product_tag?post=1346"},{"taxonomy":"woo-feed-brand","embeddable":true,"href":"https:\/\/www.atvquadotwock.pl\/sklep\/wp-json\/wp\/v2\/woo-feed-brand?post=1346"}],"curies":[{"name":"wp","href":"https:\/\/api.w.org\/{rel}","templated":true}]}}