{"id":1343,"date":"2020-09-29T17:23:44","date_gmt":"2020-09-29T17:23:44","guid":{"rendered":"https:\/\/www.atvquadotwock.pl\/sklep\/?post_type=product&#038;p=1343"},"modified":"2020-12-29T18:31:26","modified_gmt":"2020-12-29T18:31:26","slug":"podkladka-lewego-talerza-cvtech-dystansowa-cfmoto-0gr0-050001-adjusting-washer","status":"publish","type":"product","link":"https:\/\/www.atvquadotwock.pl\/sklep\/produkt\/podkladka-lewego-talerza-cvtech-dystansowa-cfmoto-0gr0-050001-adjusting-washer\/","title":{"rendered":"Podk\u0142adka lewego talerza 2mm CVTECH dystansowa CFMOTO 0GR0-050001 ADJUSTING WASHER"},"content":{"rendered":"<p>Podk\u0142adka do talerza lewego nap\u0119du CVTECH (punkt nr. 5 na drugim zdj\u0119ciu)<\/p>\n<p>aukcja dotyczy podk\u0142adki 2mm 1szt<\/p>\n<p>na innej aukcji 1mm<\/p>\n<p>Podk\u0142adka dzi\u0119ki czemu odsadzamy talerz lewy<br \/>\ngdy np. Zastosujemy nowy pasek i ten talerz si\u0119 kr\u0119ci na postoju a nie powinien. <\/p>\n<p>Wykonanie stal TYTANOWA. Nierdzewna. Laserowo wyci\u0119ta CNC.<br \/>\nKoniec problem\u00f3w z wyklepywaniem jej przez talerz.<br \/>\nPo\u0142owa z was mo\u017ce nie wiedzie\u0107 \u017ce te fabryczne czasami si\u0119 \u0142ami\u0105 bo s\u0105 tak cienkie i nawet nie wiecie zdejmuj\u0105c lewy talerz \u017ce tam co\u015b by\u0142o. Niestety ta podk\u0142adka to bardzo wa\u017cna rzecz bo jak talerz kr\u0119ci to nie mo\u017cecie biegu wrzuci\u0107 i quad jedzie sam. <\/p>\n<p>Ciekawostka w fabryce zale\u017cy jak sk\u0142adali to daj\u0105 1 podkladk\u0119, 2, 3 a nawet 5 spotka\u0142em. <\/p>\n<p>Dlatego teraz da si\u0119 1szt np. 2mm i problem zniknie.<\/p>\n<p>Jest to bardzo nietypowa podk\u0142adka i w \u017cadnym narz\u0119dziowym jej nie kupicie i tak samo<br \/>\nGrubo\u015b\u0107 1mm czy 2mm.<br \/>\n(Orygina\u0142 kosztuje 10z\u0142 tak\u017ce mamy ale jest cienki)<br \/>\nnumer oem: 0GR0-050001 lub 0GR0-050001-00001 ADJUSTING WASHER Specification: CVtech<br \/>\nPrzed zakupem zapytaj nas o dost\u0119pno\u015b\u0107.<br \/>\nSzukasz innych cz\u0119\u015bci do CFMOTO?<br \/>\nNapisz lub zadzwo\u0144. Tw\u00f3j autoryzowany dealer CFMOTO.<\/p>\n<p>Sklep ATV-QUAD<br \/>\n05-400 Otwock ul. \u0141ugi 82<br \/>\nCzynny<br \/>\nod Poniedzia\u0142ku do Pi\u0105tku<br \/>\n10:00 \u2013 18:00<br \/>\ntel. 791 477 830<\/p>\n<p><a href=\"https:\/\/www.facebook.com\/quadyotwock\">https:\/\/www.facebook.com\/quadyotwock<\/a><br \/>\n<a href=\"https:\/\/g.page\/QUADYOTWOCK?share\">https:\/\/g.page\/QUADYOTWOCK?share<\/a><br \/>\nznajd\u017a nas na FACEBOOKU i GOOGLE zostaw recenzj\u0119 a otrzymasz 10% rabatu na zam\u00f3wienie!<\/p>\n<p><a href=\"https:\/\/www.instagram.com\/atvquadotwock\">https:\/\/www.instagram.com\/atvquadotwock<\/a> obserwuj nas na instagramie a dowiesz si\u0119 o nowo\u015bciach,<br \/>\ntuningowaniu quad\u00f3w jak i relacji z przegl\u0105d\u00f3w.<\/p>\n","protected":false},"excerpt":{"rendered":"<p>Podk\u0142adka do talerza lewego nap\u0119du CVTECH (punkt nr. 5 na drugim zdj\u0119ciu) aukcja dotyczy podk\u0142adki 2mm 1szt na innej aukcji&hellip;<\/p>\n","protected":false},"featured_media":1345,"template":"","meta":{"spay_email":""},"product_cat":[90,91,92,93,106,38],"product_tag":[],"woo-feed-brand":[],"acf":[],"_links":{"self":[{"href":"https:\/\/www.atvquadotwock.pl\/sklep\/wp-json\/wp\/v2\/product\/1343"}],"collection":[{"href":"https:\/\/www.atvquadotwock.pl\/sklep\/wp-json\/wp\/v2\/product"}],"about":[{"href":"https:\/\/www.atvquadotwock.pl\/sklep\/wp-json\/wp\/v2\/types\/product"}],"wp:featuredmedia":[{"embeddable":true,"href":"https:\/\/www.atvquadotwock.pl\/sklep\/wp-json\/wp\/v2\/media\/1345"}],"wp:attachment":[{"href":"https:\/\/www.atvquadotwock.pl\/sklep\/wp-json\/wp\/v2\/media?parent=1343"}],"wp:term":[{"taxonomy":"product_cat","embeddable":true,"href":"https:\/\/www.atvquadotwock.pl\/sklep\/wp-json\/wp\/v2\/product_cat?post=1343"},{"taxonomy":"product_tag","embeddable":true,"href":"https:\/\/www.atvquadotwock.pl\/sklep\/wp-json\/wp\/v2\/product_tag?post=1343"},{"taxonomy":"woo-feed-brand","embeddable":true,"href":"https:\/\/www.atvquadotwock.pl\/sklep\/wp-json\/wp\/v2\/woo-feed-brand?post=1343"}],"curies":[{"name":"wp","href":"https:\/\/api.w.org\/{rel}","templated":true}]}}