{"id":1313,"date":"2020-09-22T22:32:17","date_gmt":"2020-09-22T22:32:17","guid":{"rendered":"https:\/\/www.atvquadotwock.pl\/sklep\/?post_type=product&#038;p=1313"},"modified":"2024-01-20T12:27:16","modified_gmt":"2024-01-20T12:27:16","slug":"poszerzenia-blotnikow-cfmoto-cforce-600-2020","status":"publish","type":"product","link":"https:\/\/www.atvquadotwock.pl\/sklep\/produkt\/poszerzenia-blotnikow-cfmoto-cforce-600-2020\/","title":{"rendered":"Poszerzenia b\u0142otnik\u00f3w CFMOTO CFORCE 625 2019+"},"content":{"rendered":"<p>Poszerzenia b\u0142otnik\u00f3w do CFMOTO 625<\/p>\n<p>Pasuj\u0105 do kr\u00f3tkich wersji jak i long.<\/p>\n<p>&nbsp;<\/p>\n<p>Wykonane z wysoko elastycznego odpornego na mr\u00f3z i uderzenia polietylenu<br \/>\nmocowane za pomoc\u0105 spinek , idealnie odwzorowuj\u0105 profil quada<\/p>\n<p>komplet z spinkami<\/p>\n<p>&nbsp;<\/p>\n<p>storm MP0512<\/p>\n<p>Przed zakupem zapytaj nas o dost\u0119pno\u015b\u0107.<br \/>\nSzukasz innych cz\u0119\u015bci do CFMOTO?<br \/>\nNapisz lub zadzwo\u0144. Tw\u00f3j autoryzowany dealer CFMOTO.<\/p>\n<p>Sklep ATV-QUAD<br \/>\n05-400 Otwock ul. \u0141ugi 82<br \/>\nCzynny<br \/>\nod Poniedzia\u0142ku do Pi\u0105tku<br \/>\n10:00 \u2013 18:00<br \/>\ntel. 791 477 830<\/p>\n<p><a href=\"https:\/\/www.facebook.com\/quadyotwock\">https:\/\/www.facebook.com\/quadyotwock<\/a><br \/>\n<a href=\"https:\/\/g.page\/QUADYOTWOCK?share\">https:\/\/g.page\/QUADYOTWOCK?share<\/a><br \/>\nznajd\u017a nas na FACEBOOKU i GOOGLE zostaw recenzj\u0119 a otrzymasz 10% rabatu na zam\u00f3wienie!<\/p>\n<p><a href=\"https:\/\/www.instagram.com\/atvquadotwock\">https:\/\/www.instagram.com\/atvquadotwock<\/a> obserwuj nas na instagramie a dowiesz si\u0119 o nowo\u015bciach,<br \/>\ntuningowaniu quad\u00f3w jak i relacji z przegl\u0105d\u00f3w.<\/p>\n","protected":false},"excerpt":{"rendered":"<p>Poszerzenia b\u0142otnik\u00f3w do CFMOTO 625 Pasuj\u0105 do kr\u00f3tkich wersji jak i long. &nbsp; Wykonane z wysoko elastycznego odpornego na mr\u00f3z&hellip;<\/p>\n","protected":false},"featured_media":1316,"template":"","meta":{"spay_email":""},"product_cat":[106,87],"product_tag":[105],"woo-feed-brand":[],"acf":[],"_links":{"self":[{"href":"https:\/\/www.atvquadotwock.pl\/sklep\/wp-json\/wp\/v2\/product\/1313"}],"collection":[{"href":"https:\/\/www.atvquadotwock.pl\/sklep\/wp-json\/wp\/v2\/product"}],"about":[{"href":"https:\/\/www.atvquadotwock.pl\/sklep\/wp-json\/wp\/v2\/types\/product"}],"wp:featuredmedia":[{"embeddable":true,"href":"https:\/\/www.atvquadotwock.pl\/sklep\/wp-json\/wp\/v2\/media\/1316"}],"wp:attachment":[{"href":"https:\/\/www.atvquadotwock.pl\/sklep\/wp-json\/wp\/v2\/media?parent=1313"}],"wp:term":[{"taxonomy":"product_cat","embeddable":true,"href":"https:\/\/www.atvquadotwock.pl\/sklep\/wp-json\/wp\/v2\/product_cat?post=1313"},{"taxonomy":"product_tag","embeddable":true,"href":"https:\/\/www.atvquadotwock.pl\/sklep\/wp-json\/wp\/v2\/product_tag?post=1313"},{"taxonomy":"woo-feed-brand","embeddable":true,"href":"https:\/\/www.atvquadotwock.pl\/sklep\/wp-json\/wp\/v2\/woo-feed-brand?post=1313"}],"curies":[{"name":"wp","href":"https:\/\/api.w.org\/{rel}","templated":true}]}}