{"id":1274,"date":"2020-09-15T21:24:07","date_gmt":"2020-09-15T21:24:07","guid":{"rendered":"https:\/\/www.atvquadotwock.pl\/sklep\/?post_type=product&#038;p=1274"},"modified":"2020-10-08T10:32:09","modified_gmt":"2020-10-08T10:32:09","slug":"przekaznik-do-cfmoto-500-600-625-8030-151400-nowy-typ","status":"publish","type":"product","link":"https:\/\/www.atvquadotwock.pl\/sklep\/produkt\/przekaznik-do-cfmoto-500-600-625-8030-151400-nowy-typ\/","title":{"rendered":"Przeka\u017anik do CFMOTO 500 600 625 &#8211; 8030-151400 NOWY TYP"},"content":{"rendered":"<p>Przeka\u017anik kod oem: 8030-151400<\/p>\n<p>Wersja nowa ju\u017c plastikowa, kiedy\u015b by\u0142y metalowe z\u0142ote (drugie zdj\u0119cie)<\/p>\n<p>Przed zakupem zapytaj nas o dost\u0119pno\u015b\u0107.<br \/>\nSzukasz innych cz\u0119\u015bci do CFMOTO?<br \/>\nNapisz lub zadzwo\u0144. Tw\u00f3j autoryzowany dealer CFMOTO.<\/p>\n<p>Sklep ATV-QUAD<br \/>\n05-400 Otwock ul. \u0141ugi 82<br \/>\nCzynny<br \/>\nod Poniedzia\u0142ku do Pi\u0105tku<br \/>\n10:00 \u2013 18:00<br \/>\ntel. 791 477 830<\/p>\n<p><a href=\"https:\/\/www.facebook.com\/quadyotwock\">https:\/\/www.facebook.com\/quadyotwock<\/a><br \/>\n<a href=\"https:\/\/g.page\/QUADYOTWOCK?share\">https:\/\/g.page\/QUADYOTWOCK?share<\/a><br \/>\nznajd\u017a nas na FACEBOOKU i GOOGLE zostaw recenzj\u0119 a otrzymasz 10% rabatu na zam\u00f3wienie!<\/p>\n<p><a href=\"https:\/\/www.instagram.com\/atvquadotwock\">https:\/\/www.instagram.com\/atvquadotwock<\/a> obserwuj nas na instagramie a dowiesz si\u0119 o nowo\u015bciach,<br \/>\ntuningowaniu quad\u00f3w jak i relacji z przegl\u0105d\u00f3w.<\/p>\n","protected":false},"excerpt":{"rendered":"<p>Przeka\u017anik kod oem: 8030-151400 Wersja nowa ju\u017c plastikowa, kiedy\u015b by\u0142y metalowe z\u0142ote (drugie zdj\u0119cie) Przed zakupem zapytaj nas o dost\u0119pno\u015b\u0107.&hellip;<\/p>\n","protected":false},"featured_media":1275,"template":"","meta":{"spay_email":""},"product_cat":[100,94,20],"product_tag":[],"woo-feed-brand":[],"acf":[],"_links":{"self":[{"href":"https:\/\/www.atvquadotwock.pl\/sklep\/wp-json\/wp\/v2\/product\/1274"}],"collection":[{"href":"https:\/\/www.atvquadotwock.pl\/sklep\/wp-json\/wp\/v2\/product"}],"about":[{"href":"https:\/\/www.atvquadotwock.pl\/sklep\/wp-json\/wp\/v2\/types\/product"}],"wp:featuredmedia":[{"embeddable":true,"href":"https:\/\/www.atvquadotwock.pl\/sklep\/wp-json\/wp\/v2\/media\/1275"}],"wp:attachment":[{"href":"https:\/\/www.atvquadotwock.pl\/sklep\/wp-json\/wp\/v2\/media?parent=1274"}],"wp:term":[{"taxonomy":"product_cat","embeddable":true,"href":"https:\/\/www.atvquadotwock.pl\/sklep\/wp-json\/wp\/v2\/product_cat?post=1274"},{"taxonomy":"product_tag","embeddable":true,"href":"https:\/\/www.atvquadotwock.pl\/sklep\/wp-json\/wp\/v2\/product_tag?post=1274"},{"taxonomy":"woo-feed-brand","embeddable":true,"href":"https:\/\/www.atvquadotwock.pl\/sklep\/wp-json\/wp\/v2\/woo-feed-brand?post=1274"}],"curies":[{"name":"wp","href":"https:\/\/api.w.org\/{rel}","templated":true}]}}