{"id":1270,"date":"2020-09-15T20:59:12","date_gmt":"2020-09-15T20:59:12","guid":{"rendered":"https:\/\/www.atvquadotwock.pl\/sklep\/?post_type=product&#038;p=1270"},"modified":"2022-08-25T10:34:52","modified_gmt":"2022-08-25T10:34:52","slug":"regulator-modul-napiecia-cfmoto-500-stary-typ-cf188-151000-0180-151000","status":"publish","type":"product","link":"https:\/\/www.atvquadotwock.pl\/sklep\/produkt\/regulator-modul-napiecia-cfmoto-500-stary-typ-cf188-151000-0180-151000\/","title":{"rendered":"Regulator modu\u0142 napi\u0119cia CFMOTO 500 &#8211; STARY TYP CF188-151000 0180-151000"},"content":{"rendered":"<p>Regulator napi\u0119cia CFMOTO stary typ do quad\u00f3w przed 2012r. Jest to poprawiona wersja tego modu\u0142u.<\/p>\n<p>(Kiedy\u015b by\u0142o 6 przewod\u00f3w teraz ten modu\u0142 jest 5 przewodowy poprawiony kt\u00f3ry normalnie dzia\u0142a)<\/p>\n<p>Kod oem: CF188-151000 oraz 0180-151000<\/p>\n<p>Szukasz porady w naprawie? Skontaktuj si\u0119 z nami.<\/p>\n<p>Znamy wszystkie zmiany w Cfkach jakie wyst\u0119powa\u0142y.<\/p>\n<p>tel. 791 477 830<\/p>\n<p>Od 2005r znamy CFMOTO. Zaufaj do\u015bwiadczeniu!<\/p>\n<p>Wysy\u0142ka kurierem lub odbi\u00f3r osobisty.<\/p>\n<p>Szukasz innych cz\u0119\u015bci do CFMOTO?<\/p>\n<p>Napisz lub zadzwo\u0144. Tw\u00f3j autoryzowany dealer CFMOTO. Sklep ATV-QUAD<\/p>\n<p>05-400 Otwock<\/p>\n<p>ul. \u0141ugi 82<\/p>\n<p>Czynny od Poniedzia\u0142ku do Pi\u0105tku 10:00 &#8211; 18:00<\/p>\n<p>Znajd\u017a nas na facebook.com\/quadyotwock oraz instagram.com\/atvquadotwock<\/p>\n","protected":false},"excerpt":{"rendered":"<p>Regulator napi\u0119cia CFMOTO stary typ do quad\u00f3w przed 2012r. Jest to poprawiona wersja tego modu\u0142u. (Kiedy\u015b by\u0142o 6 przewod\u00f3w teraz&hellip;<\/p>\n","protected":false},"featured_media":1272,"template":"","meta":{"spay_email":""},"product_cat":[112,100,94,20],"product_tag":[],"woo-feed-brand":[],"acf":[],"_links":{"self":[{"href":"https:\/\/www.atvquadotwock.pl\/sklep\/wp-json\/wp\/v2\/product\/1270"}],"collection":[{"href":"https:\/\/www.atvquadotwock.pl\/sklep\/wp-json\/wp\/v2\/product"}],"about":[{"href":"https:\/\/www.atvquadotwock.pl\/sklep\/wp-json\/wp\/v2\/types\/product"}],"wp:featuredmedia":[{"embeddable":true,"href":"https:\/\/www.atvquadotwock.pl\/sklep\/wp-json\/wp\/v2\/media\/1272"}],"wp:attachment":[{"href":"https:\/\/www.atvquadotwock.pl\/sklep\/wp-json\/wp\/v2\/media?parent=1270"}],"wp:term":[{"taxonomy":"product_cat","embeddable":true,"href":"https:\/\/www.atvquadotwock.pl\/sklep\/wp-json\/wp\/v2\/product_cat?post=1270"},{"taxonomy":"product_tag","embeddable":true,"href":"https:\/\/www.atvquadotwock.pl\/sklep\/wp-json\/wp\/v2\/product_tag?post=1270"},{"taxonomy":"woo-feed-brand","embeddable":true,"href":"https:\/\/www.atvquadotwock.pl\/sklep\/wp-json\/wp\/v2\/woo-feed-brand?post=1270"}],"curies":[{"name":"wp","href":"https:\/\/api.w.org\/{rel}","templated":true}]}}