{"id":124,"date":"2020-05-04T08:49:44","date_gmt":"2020-05-04T08:49:44","guid":{"rendered":"https:\/\/www.atvquadotwock.pl\/sklep\/?post_type=product&#038;p=124"},"modified":"2023-03-11T13:01:23","modified_gmt":"2023-03-11T13:01:23","slug":"karnister-5-l-do-quada","status":"publish","type":"product","link":"https:\/\/www.atvquadotwock.pl\/sklep\/produkt\/karnister-5-l-do-quada\/","title":{"rendered":"KARNISTER 5L DO QUADA kanister paliwa zbiornik"},"content":{"rendered":"<p>KARNISTER 5L TO UZUPE\u0141NIENIE TWOJEGO WYPOSA\u017bENIA W QUADZIE.<br \/>\nMONTA\u017b MO\u017bLIWY W KUFRACH, ORUROWANIACH POJAZDU LUB PLASTIKU.<\/p>\n","protected":false},"excerpt":{"rendered":"<p>KARNISTER 5L TO UZUPE\u0141NIENIE TWOJEGO WYPOSA\u017bENIA W QUADZIE. MONTA\u017b MO\u017bLIWY W KUFRACH, ORUROWANIACH POJAZDU LUB PLASTIKU.<\/p>\n","protected":false},"featured_media":125,"template":"","meta":{"spay_email":""},"product_cat":[44],"product_tag":[],"woo-feed-brand":[],"acf":[],"_links":{"self":[{"href":"https:\/\/www.atvquadotwock.pl\/sklep\/wp-json\/wp\/v2\/product\/124"}],"collection":[{"href":"https:\/\/www.atvquadotwock.pl\/sklep\/wp-json\/wp\/v2\/product"}],"about":[{"href":"https:\/\/www.atvquadotwock.pl\/sklep\/wp-json\/wp\/v2\/types\/product"}],"wp:featuredmedia":[{"embeddable":true,"href":"https:\/\/www.atvquadotwock.pl\/sklep\/wp-json\/wp\/v2\/media\/125"}],"wp:attachment":[{"href":"https:\/\/www.atvquadotwock.pl\/sklep\/wp-json\/wp\/v2\/media?parent=124"}],"wp:term":[{"taxonomy":"product_cat","embeddable":true,"href":"https:\/\/www.atvquadotwock.pl\/sklep\/wp-json\/wp\/v2\/product_cat?post=124"},{"taxonomy":"product_tag","embeddable":true,"href":"https:\/\/www.atvquadotwock.pl\/sklep\/wp-json\/wp\/v2\/product_tag?post=124"},{"taxonomy":"woo-feed-brand","embeddable":true,"href":"https:\/\/www.atvquadotwock.pl\/sklep\/wp-json\/wp\/v2\/woo-feed-brand?post=124"}],"curies":[{"name":"wp","href":"https:\/\/api.w.org\/{rel}","templated":true}]}}