{"id":1228,"date":"2020-09-03T15:45:38","date_gmt":"2020-09-03T15:45:38","guid":{"rendered":"https:\/\/www.atvquadotwock.pl\/sklep\/?post_type=product&#038;p=1228"},"modified":"2026-01-09T14:39:35","modified_gmt":"2026-01-09T14:39:35","slug":"lift-zawieszenia-1-5-cala-cfmoto-450-520","status":"publish","type":"product","link":"https:\/\/www.atvquadotwock.pl\/sklep\/produkt\/lift-zawieszenia-1-5-cala-cfmoto-450-520\/","title":{"rendered":"LIFT KIT zawieszenia 1.5 cala CFMOTO 450 520 podniesienie podnoszenie CF MOTO"},"content":{"rendered":"<p>LIFT dost\u0119pny od r\u0119ki.<\/p>\n<p>&nbsp;<\/p>\n<p>Lift zawieszenia do CFMOTO 450 520 ( stary model do rocznika 2022) oraz goes 400 500 terrox<\/p>\n<p>&nbsp;<\/p>\n<p>Podnosi quada o oko\u0142o 3-4cm po za\u0142o\u017ceniu.<\/p>\n<p>Po tym zabiegu jeste\u015b wstanie za\u0142o\u017cy\u0107 28 calowe opony, bo zmie\u015bci si\u0119 w nadkolu po lifcie.<\/p>\n<p>1. Tylne zwrotnice trzeba obr\u00f3ci\u0107.<\/p>\n<p>2. Adaptery montuje si\u0119 na amortyzatory w celu podniesienia pojazdu.<\/p>\n<p>Zalecane s\u0105 dystanse do pojazdu, r\u00f3wnie\u017c dost\u0119pne u nas (minimum 30mm 270z\u0142 para) poniewa\u017c bez nich quad jest bardzo niestabilny po lifcie. W ZESTAWIE taniej! Szukaj na innej naszej aukcji.<\/p>\n<p>Produkt w ca\u0142o\u015bci wyprodukowany w Polsce na najnowszych maszynach CNC.<br \/>\nZaprojektowany i wyci\u0119ty laserowo.<\/p>\n<p>NAJWY\u017bSZA JAKO\u015a\u0106! Produkt na lata!<\/p>\n<p>Ocynk lift<br \/>\n\u015aruby wraz z nakretkami z ocynk wzmocnione 10.9! Przy zawieszeniu ma to znaczenie.<\/p>\n<p>Podk\u0142adki powi\u0119kszone 2x ocynk<\/p>\n<p>Przy monta\u017cu zalecamy posmarowa\u0107 tulejk\u0119 i \u015brub\u0119 dowolnym smarem.<\/p>\n<p>PRODUKT DO U\u017bYTKU W\u0141ASNEGO. NIE HOMOLOGOWANY.<\/p>\n<p>Film z monta\u017cu<\/p>\n<p><iframe loading=\"lazy\" title=\"Monta\u017c LIFT KIT 1.5&quot; zawieszenia CFMOTO 450 520 gen1 GOES 500 TERROX 400 CF MOTO CFORCE podniesienie\" width=\"1140\" height=\"641\" src=\"https:\/\/www.youtube.com\/embed\/WQ2voHkkHiI?feature=oembed\" frameborder=\"0\" allow=\"accelerometer; autoplay; clipboard-write; encrypted-media; gyroscope; picture-in-picture; web-share\" referrerpolicy=\"strict-origin-when-cross-origin\" allowfullscreen><\/iframe><\/p>\n<p>Przed zakupem zapytaj nas o dost\u0119pno\u015b\u0107.<br \/>\nSzukasz innych cz\u0119\u015bci do CFMOTO?<br \/>\nNapisz lub zadzwo\u0144. Tw\u00f3j autoryzowany dealer CFMOTO.<\/p>\n<p>Sklep ATV-QUAD<br \/>\n05-400 Otwock ul. \u0141ugi 82<br \/>\nCzynny<br \/>\nod Poniedzia\u0142ku do Pi\u0105tku<br \/>\n10:00 \u2013 18:00<br \/>\ntel. 791 477 830<\/p>\n<p><a href=\"https:\/\/www.facebook.com\/quadyotwock\">https:\/\/www.facebook.com\/quadyotwock<\/a><br \/>\n<a href=\"https:\/\/g.page\/QUADYOTWOCK?share\">https:\/\/g.page\/QUADYOTWOCK?share<\/a><br \/>\nznajd\u017a nas na FACEBOOKU i GOOGLE zostaw recenzj\u0119 a otrzymasz 10% rabatu na zam\u00f3wienie!<\/p>\n<p><a href=\"https:\/\/www.instagram.com\/atvquadotwock\">https:\/\/www.instagram.com\/atvquadotwock<\/a> obserwuj nas na instagramie a dowiesz si\u0119 o nowo\u015bciach,<br \/>\ntuningowaniu quad\u00f3w jak i relacji z przegl\u0105d\u00f3w.<\/p>\n","protected":false},"excerpt":{"rendered":"<p>LIFT dost\u0119pny od r\u0119ki. &nbsp; Lift zawieszenia do CFMOTO 450 520 ( stary model do rocznika 2022) oraz goes 400&hellip;<\/p>\n","protected":false},"featured_media":1725,"template":"","meta":{"spay_email":""},"product_cat":[75,90,91,102],"product_tag":[],"woo-feed-brand":[],"acf":[],"_links":{"self":[{"href":"https:\/\/www.atvquadotwock.pl\/sklep\/wp-json\/wp\/v2\/product\/1228"}],"collection":[{"href":"https:\/\/www.atvquadotwock.pl\/sklep\/wp-json\/wp\/v2\/product"}],"about":[{"href":"https:\/\/www.atvquadotwock.pl\/sklep\/wp-json\/wp\/v2\/types\/product"}],"wp:featuredmedia":[{"embeddable":true,"href":"https:\/\/www.atvquadotwock.pl\/sklep\/wp-json\/wp\/v2\/media\/1725"}],"wp:attachment":[{"href":"https:\/\/www.atvquadotwock.pl\/sklep\/wp-json\/wp\/v2\/media?parent=1228"}],"wp:term":[{"taxonomy":"product_cat","embeddable":true,"href":"https:\/\/www.atvquadotwock.pl\/sklep\/wp-json\/wp\/v2\/product_cat?post=1228"},{"taxonomy":"product_tag","embeddable":true,"href":"https:\/\/www.atvquadotwock.pl\/sklep\/wp-json\/wp\/v2\/product_tag?post=1228"},{"taxonomy":"woo-feed-brand","embeddable":true,"href":"https:\/\/www.atvquadotwock.pl\/sklep\/wp-json\/wp\/v2\/woo-feed-brand?post=1228"}],"curies":[{"name":"wp","href":"https:\/\/api.w.org\/{rel}","templated":true}]}}