{"id":1225,"date":"2020-09-02T12:59:53","date_gmt":"2020-09-02T12:59:53","guid":{"rendered":"https:\/\/www.atvquadotwock.pl\/sklep\/?post_type=product&#038;p=1225"},"modified":"2021-01-20T08:01:51","modified_gmt":"2021-01-20T08:01:51","slug":"filtr-powietrza-twin-air-cfmoto-450-520-550-600-800-820-850-0800-112000","status":"publish","type":"product","link":"https:\/\/www.atvquadotwock.pl\/sklep\/produkt\/filtr-powietrza-twin-air-cfmoto-450-520-550-600-800-820-850-0800-112000\/","title":{"rendered":"FILTR POWIETRZA TWIN AIR CFMOTO 450 520 550 600 800 820 850 (0800-112000)"},"content":{"rendered":"<p>FILTR POWIETRZA G\u0104BKOWY FIRMY TWIN AIR<\/p>\n<p>TWIN AIR \u2013 Wysokiej jako\u015bci ameryka\u0144skie filtry powietrza oraz oleje do konserwacji filtr\u00f3w. Filtry powietrza stosowane przez czo\u0142owe teamy USA oraz fabrycznie montowane w motocyklach KTM. Filtr powietrza TwinAir zosta\u0142 zaprojektowany w celu osi\u0105gni\u0119cia wysokiego, praktycznie nieograniczonego przep\u0142ywu powietrza w po\u0142\u0105czeniu z doskona\u0142ym poziomem filtracji. Tajemnica sukcesu le\u017cy w unikalnych w\u0142a\u015bciwo\u015bciach filtru, kt\u00f3ry zosta\u0142 w ca\u0142o\u015bci i od podstaw zaprojektowany przez TwinAir .<\/p>\n<p>Firma TwinAir jest jednym z najwi\u0119kszych producent\u00f3w filtr\u00f3w powietrza.<\/p>\n<p>KOD PRODUKTU: 156052FR<\/p>\n<p>KOD ORYGINA\u0141U: (0800-112000)<\/p>\n<p>Przed zakupem zapytaj nas o dost\u0119pno\u015b\u0107.<br \/>\nSzukasz innych cz\u0119\u015bci do CFMOTO?<br \/>\nNapisz lub zadzwo\u0144. Tw\u00f3j autoryzowany dealer CFMOTO.<\/p>\n<p>Sklep ATV-QUAD<br \/>\n05-400 Otwock ul. \u0141ugi 82<br \/>\nCzynny<br \/>\nod Poniedzia\u0142ku do Pi\u0105tku<br \/>\n10:00 \u2013 18:00<br \/>\ntel. 791 477 830<\/p>\n<p><a href=\"https:\/\/www.facebook.com\/quadyotwock\">https:\/\/www.facebook.com\/quadyotwock<\/a><br \/>\n<a href=\"https:\/\/g.page\/QUADYOTWOCK?share\">https:\/\/g.page\/QUADYOTWOCK?share<\/a><br \/>\nznajd\u017a nas na FACEBOOKU i GOOGLE zostaw recenzj\u0119 a otrzymasz 10% rabatu na zam\u00f3wienie!<\/p>\n<p><a href=\"https:\/\/www.instagram.com\/atvquadotwock\">https:\/\/www.instagram.com\/atvquadotwock<\/a> obserwuj nas na instagramie a dowiesz si\u0119 o nowo\u015bciach,<br \/>\ntuningowaniu quad\u00f3w jak i relacji z przegl\u0105d\u00f3w.<\/p>\n","protected":false},"excerpt":{"rendered":"<p>FILTR POWIETRZA G\u0104BKOWY FIRMY TWIN AIR TWIN AIR \u2013 Wysokiej jako\u015bci ameryka\u0144skie filtry powietrza oraz oleje do konserwacji filtr\u00f3w. Filtry&hellip;<\/p>\n","protected":false},"featured_media":1226,"template":"","meta":{"spay_email":""},"product_cat":[80,22],"product_tag":[],"woo-feed-brand":[],"acf":[],"_links":{"self":[{"href":"https:\/\/www.atvquadotwock.pl\/sklep\/wp-json\/wp\/v2\/product\/1225"}],"collection":[{"href":"https:\/\/www.atvquadotwock.pl\/sklep\/wp-json\/wp\/v2\/product"}],"about":[{"href":"https:\/\/www.atvquadotwock.pl\/sklep\/wp-json\/wp\/v2\/types\/product"}],"wp:featuredmedia":[{"embeddable":true,"href":"https:\/\/www.atvquadotwock.pl\/sklep\/wp-json\/wp\/v2\/media\/1226"}],"wp:attachment":[{"href":"https:\/\/www.atvquadotwock.pl\/sklep\/wp-json\/wp\/v2\/media?parent=1225"}],"wp:term":[{"taxonomy":"product_cat","embeddable":true,"href":"https:\/\/www.atvquadotwock.pl\/sklep\/wp-json\/wp\/v2\/product_cat?post=1225"},{"taxonomy":"product_tag","embeddable":true,"href":"https:\/\/www.atvquadotwock.pl\/sklep\/wp-json\/wp\/v2\/product_tag?post=1225"},{"taxonomy":"woo-feed-brand","embeddable":true,"href":"https:\/\/www.atvquadotwock.pl\/sklep\/wp-json\/wp\/v2\/woo-feed-brand?post=1225"}],"curies":[{"name":"wp","href":"https:\/\/api.w.org\/{rel}","templated":true}]}}