{"id":1216,"date":"2020-09-01T16:17:34","date_gmt":"2020-09-01T16:17:34","guid":{"rendered":"https:\/\/www.atvquadotwock.pl\/sklep\/?post_type=product&#038;p=1216"},"modified":"2020-10-08T10:38:22","modified_gmt":"2020-10-08T10:38:22","slug":"nakretka-stozkowa-przelotowa-do-dystansow-m10x1-25-rp2897","status":"publish","type":"product","link":"https:\/\/www.atvquadotwock.pl\/sklep\/produkt\/nakretka-stozkowa-przelotowa-do-dystansow-m10x1-25-rp2897\/","title":{"rendered":"Nakr\u0119tka sto\u017ckowa przelotowa do dystans\u00f3w M10x1.25 RP2897"},"content":{"rendered":"<h3>PRODUCENT:\u00a0Ride Pro<br \/>\nNUMER KATALOGOWY:\u00a0RP2897<\/h3>\n<h3>OPIS:<\/h3>\n<div class=\"txt\">\n<ul>\n<li>Nakr\u0119tka sto\u017ckowa 10&#215;1.25<\/li>\n<li>stal w\u0119glowa, chromowana<\/li>\n<li>d\u0142ugo\u015b\u0107 L=21mm<\/li>\n<li>klucz=17mm<\/li>\n<\/ul>\n<\/div>\n<p>Przed zakupem zapytaj nas o dost\u0119pno\u015b\u0107.<br \/>\nSzukasz innych cz\u0119\u015bci do CFMOTO?<br \/>\nNapisz lub zadzwo\u0144. Tw\u00f3j autoryzowany dealer CFMOTO.<\/p>\n<p>Sklep ATV-QUAD<br \/>\n05-400 Otwock ul. \u0141ugi 82<br \/>\nCzynny<br \/>\nod Poniedzia\u0142ku do Pi\u0105tku<br \/>\n10:00 \u2013 18:00<br \/>\ntel. 791 477 830<\/p>\n<p><a href=\"https:\/\/www.facebook.com\/quadyotwock\">https:\/\/www.facebook.com\/quadyotwock<\/a><br \/>\n<a href=\"https:\/\/g.page\/QUADYOTWOCK?share\">https:\/\/g.page\/QUADYOTWOCK?share<\/a><br \/>\nznajd\u017a nas na FACEBOOKU i GOOGLE zostaw recenzj\u0119 a otrzymasz 10% rabatu na zam\u00f3wienie!<\/p>\n<p><a href=\"https:\/\/www.instagram.com\/atvquadotwock\">https:\/\/www.instagram.com\/atvquadotwock<\/a> obserwuj nas na instagramie a dowiesz si\u0119 o nowo\u015bciach,<br \/>\ntuningowaniu quad\u00f3w jak i relacji z przegl\u0105d\u00f3w.<\/p>\n","protected":false},"excerpt":{"rendered":"<p>PRODUCENT:\u00a0Ride Pro NUMER KATALOGOWY:\u00a0RP2897 OPIS: Nakr\u0119tka sto\u017ckowa 10&#215;1.25 stal w\u0119glowa, chromowana d\u0142ugo\u015b\u0107 L=21mm klucz=17mm Przed zakupem zapytaj nas o dost\u0119pno\u015b\u0107.&hellip;<\/p>\n","protected":false},"featured_media":1217,"template":"","meta":{"spay_email":""},"product_cat":[75,19],"product_tag":[],"woo-feed-brand":[],"acf":[],"_links":{"self":[{"href":"https:\/\/www.atvquadotwock.pl\/sklep\/wp-json\/wp\/v2\/product\/1216"}],"collection":[{"href":"https:\/\/www.atvquadotwock.pl\/sklep\/wp-json\/wp\/v2\/product"}],"about":[{"href":"https:\/\/www.atvquadotwock.pl\/sklep\/wp-json\/wp\/v2\/types\/product"}],"wp:featuredmedia":[{"embeddable":true,"href":"https:\/\/www.atvquadotwock.pl\/sklep\/wp-json\/wp\/v2\/media\/1217"}],"wp:attachment":[{"href":"https:\/\/www.atvquadotwock.pl\/sklep\/wp-json\/wp\/v2\/media?parent=1216"}],"wp:term":[{"taxonomy":"product_cat","embeddable":true,"href":"https:\/\/www.atvquadotwock.pl\/sklep\/wp-json\/wp\/v2\/product_cat?post=1216"},{"taxonomy":"product_tag","embeddable":true,"href":"https:\/\/www.atvquadotwock.pl\/sklep\/wp-json\/wp\/v2\/product_tag?post=1216"},{"taxonomy":"woo-feed-brand","embeddable":true,"href":"https:\/\/www.atvquadotwock.pl\/sklep\/wp-json\/wp\/v2\/woo-feed-brand?post=1216"}],"curies":[{"name":"wp","href":"https:\/\/api.w.org\/{rel}","templated":true}]}}