{"id":1198,"date":"2020-08-27T15:30:25","date_gmt":"2020-08-27T15:30:25","guid":{"rendered":"https:\/\/www.atvquadotwock.pl\/sklep\/?post_type=product&#038;p=1198"},"modified":"2024-06-25T13:42:23","modified_gmt":"2024-06-25T13:42:23","slug":"silnik-zmiany-napedu-cfmoto-450-520-550-600-850-1000-q830-314000-motor-assy-front-gear-case","status":"publish","type":"product","link":"https:\/\/www.atvquadotwock.pl\/sklep\/produkt\/silnik-zmiany-napedu-cfmoto-450-520-550-600-850-1000-q830-314000-motor-assy-front-gear-case\/","title":{"rendered":"Silnik zmiany nap\u0119du CFMOTO 450 520 625 850 1000 mechanizm Silnik zmiany MOTOR ASSY, FRONT GEAR CASE"},"content":{"rendered":"<p>Silnik zmiany nap\u0119du dyfra przedniego w CFMOTO<\/p>\n<h1>Q890-314000-10000<\/h1>\n<p>nowy typ<\/p>\n<div><\/div>\n<div><\/div>\n<p>Wysy\u0142ka kurierem lub odbi\u00f3r osobisty. Szukasz innych cz\u0119\u015bci do CFMOTO?<\/p>\n<p>Napisz lub zadzwo\u0144. Tw\u00f3j autoryzowany dealer CFMOTO.<\/p>\n<p>Sklep ATV-QUAD<\/p>\n<p>05-400 Otwock<\/p>\n<p>ul. \u0141ugi 82<\/p>\n<p>Czynny od Poniedzia\u0142ku do Pi\u0105tku 10:00 &#8211; 18:00<\/p>\n<p>Znajd\u017a nas na facebook.com\/quadyotwock oraz instagram.com\/atvquadotwock<\/p>\n","protected":false},"excerpt":{"rendered":"<p>Silnik zmiany nap\u0119du dyfra przedniego w CFMOTO Q890-314000-10000 nowy typ Wysy\u0142ka kurierem lub odbi\u00f3r osobisty. Szukasz innych cz\u0119\u015bci do CFMOTO?&hellip;<\/p>\n","protected":false},"featured_media":7487,"template":"","meta":{"spay_email":""},"product_cat":[135,133,131,132,38],"product_tag":[],"woo-feed-brand":[],"acf":[],"_links":{"self":[{"href":"https:\/\/www.atvquadotwock.pl\/sklep\/wp-json\/wp\/v2\/product\/1198"}],"collection":[{"href":"https:\/\/www.atvquadotwock.pl\/sklep\/wp-json\/wp\/v2\/product"}],"about":[{"href":"https:\/\/www.atvquadotwock.pl\/sklep\/wp-json\/wp\/v2\/types\/product"}],"wp:featuredmedia":[{"embeddable":true,"href":"https:\/\/www.atvquadotwock.pl\/sklep\/wp-json\/wp\/v2\/media\/7487"}],"wp:attachment":[{"href":"https:\/\/www.atvquadotwock.pl\/sklep\/wp-json\/wp\/v2\/media?parent=1198"}],"wp:term":[{"taxonomy":"product_cat","embeddable":true,"href":"https:\/\/www.atvquadotwock.pl\/sklep\/wp-json\/wp\/v2\/product_cat?post=1198"},{"taxonomy":"product_tag","embeddable":true,"href":"https:\/\/www.atvquadotwock.pl\/sklep\/wp-json\/wp\/v2\/product_tag?post=1198"},{"taxonomy":"woo-feed-brand","embeddable":true,"href":"https:\/\/www.atvquadotwock.pl\/sklep\/wp-json\/wp\/v2\/woo-feed-brand?post=1198"}],"curies":[{"name":"wp","href":"https:\/\/api.w.org\/{rel}","templated":true}]}}