{"id":1196,"date":"2020-08-27T11:28:03","date_gmt":"2020-08-27T11:28:03","guid":{"rendered":"https:\/\/www.atvquadotwock.pl\/sklep\/?post_type=product&#038;p=1196"},"modified":"2022-11-08T13:30:38","modified_gmt":"2022-11-08T13:30:38","slug":"dekielek-napedu-cvtech-cfmoto-450-520-550-ramp-plate-0gr0-051002-cf-moto","status":"publish","type":"product","link":"https:\/\/www.atvquadotwock.pl\/sklep\/produkt\/dekielek-napedu-cvtech-cfmoto-450-520-550-ramp-plate-0gr0-051002-cf-moto\/","title":{"rendered":"Dekielek talerz nap\u0119du CVTECH CFMOTO 450 520 550 RAMP PLATE 0GR0-051002 CF MOTO"},"content":{"rendered":"<p>Dekielek nap\u0119du CVTECH CFMOTO<\/p>\n<p>PASUJE DO: 450 520 550<\/p>\n<p>KOD OEM: RAMP PLATE 0GR0-051002<\/p>\n<p>&nbsp;<\/p>\n<p>Wysy\u0142ka kurierem lub odbi\u00f3r osobisty. Szukasz innych cz\u0119\u015bci do CFMOTO?<\/p>\n<p>Napisz lub zadzwo\u0144. Tw\u00f3j autoryzowany dealer CFMOTO.<\/p>\n<p>Sklep ATV-QUAD<\/p>\n<p>05-400 Otwock<\/p>\n<p>ul. \u0141ugi 82<\/p>\n<p>Czynny od Poniedzia\u0142ku do Pi\u0105tku 10:00 &#8211; 18:00<\/p>\n<p>Znajd\u017a nas na facebook.com\/quadyotwock oraz instagram.com\/atvquadotwock<\/p>\n<p>Przed zakupem zapytaj nas o dost\u0119pno\u015b\u0107.<br \/>\nSzukasz innych cz\u0119\u015bci do CFMOTO?<br \/>\nNapisz lub zadzwo\u0144. Tw\u00f3j autoryzowany dealer CFMOTO.<\/p>\n<p>Sklep ATV-QUAD<br \/>\n05-400 Otwock ul. \u0141ugi 82<br \/>\nCzynny<br \/>\nod Poniedzia\u0142ku do Pi\u0105tku<br \/>\n10:00 \u2013 18:00<br \/>\ntel. 791 477 830<\/p>\n<p><a href=\"https:\/\/www.facebook.com\/quadyotwock\">https:\/\/www.facebook.com\/quadyotwock<\/a><br \/>\n<a href=\"https:\/\/g.page\/QUADYOTWOCK?share\">https:\/\/g.page\/QUADYOTWOCK?share<\/a><br \/>\nznajd\u017a nas na FACEBOOKU i GOOGLE zostaw recenzj\u0119 a otrzymasz 10% rabatu na zam\u00f3wienie!<\/p>\n<p><a href=\"https:\/\/www.instagram.com\/atvquadotwock\">https:\/\/www.instagram.com\/atvquadotwock<\/a> obserwuj nas na instagramie a dowiesz si\u0119 o nowo\u015bciach,<br \/>\ntuningowaniu quad\u00f3w jak i relacji z przegl\u0105d\u00f3w.<\/p>\n","protected":false},"excerpt":{"rendered":"<p>Dekielek nap\u0119du CVTECH CFMOTO PASUJE DO: 450 520 550 KOD OEM: RAMP PLATE 0GR0-051002 &nbsp; Wysy\u0142ka kurierem lub odbi\u00f3r osobisty.&hellip;<\/p>\n","protected":false},"featured_media":1197,"template":"","meta":{"spay_email":""},"product_cat":[90,91,92,38],"product_tag":[],"woo-feed-brand":[],"acf":[],"_links":{"self":[{"href":"https:\/\/www.atvquadotwock.pl\/sklep\/wp-json\/wp\/v2\/product\/1196"}],"collection":[{"href":"https:\/\/www.atvquadotwock.pl\/sklep\/wp-json\/wp\/v2\/product"}],"about":[{"href":"https:\/\/www.atvquadotwock.pl\/sklep\/wp-json\/wp\/v2\/types\/product"}],"wp:featuredmedia":[{"embeddable":true,"href":"https:\/\/www.atvquadotwock.pl\/sklep\/wp-json\/wp\/v2\/media\/1197"}],"wp:attachment":[{"href":"https:\/\/www.atvquadotwock.pl\/sklep\/wp-json\/wp\/v2\/media?parent=1196"}],"wp:term":[{"taxonomy":"product_cat","embeddable":true,"href":"https:\/\/www.atvquadotwock.pl\/sklep\/wp-json\/wp\/v2\/product_cat?post=1196"},{"taxonomy":"product_tag","embeddable":true,"href":"https:\/\/www.atvquadotwock.pl\/sklep\/wp-json\/wp\/v2\/product_tag?post=1196"},{"taxonomy":"woo-feed-brand","embeddable":true,"href":"https:\/\/www.atvquadotwock.pl\/sklep\/wp-json\/wp\/v2\/woo-feed-brand?post=1196"}],"curies":[{"name":"wp","href":"https:\/\/api.w.org\/{rel}","templated":true}]}}