{"id":11792,"date":"2026-03-24T11:17:03","date_gmt":"2026-03-24T11:17:03","guid":{"rendered":"https:\/\/www.atvquadotwock.pl\/sklep\/?post_type=product&#038;p=11792"},"modified":"2026-03-24T11:17:03","modified_gmt":"2026-03-24T11:17:03","slug":"przyczepa-motocyklowa-lorries-mt-2-black-edition-na-2-motocykle-quad","status":"publish","type":"product","link":"https:\/\/www.atvquadotwock.pl\/sklep\/produkt\/przyczepa-motocyklowa-lorries-mt-2-black-edition-na-2-motocykle-quad\/","title":{"rendered":"PRZYCZEPA MOTOCYKLOWA Lorries MT-2 Black Edition na 2 motocykle \/ quad"},"content":{"rendered":"<h1 id=\"h-bezpieczna-przyczepa-na-dwa-motocykle\" class=\"wp-block-heading\"><strong>BEZPIECZNA PRZYCZEPA NA DWA MOTOCYKLE lub QUADA<\/strong><\/h1>\n<hr class=\"wp-block-separator has-text-color has-cyan-bluish-gray-color has-css-opacity has-cyan-bluish-gray-background-color has-background is-style-default\" \/>\n<div class=\"wp-block-columns\">\n<div class=\"wp-block-column\">\n<p>&nbsp;<\/p>\n<p>MT-2 to\u00a0<strong>nowoczesna przyczepa motocyklowa i quadowa<\/strong>\u00a0wykonana w modnej, prostej stylistyce,\u00a0<strong>przeznaczona do transportu 2 motocykli lub 1 du\u017cego QUADA<\/strong>. Przyczepa zosta\u0142a wykonana w ca\u0142o\u015bci ze stali. Rama przyczepy jest zabezpieczona przed korozj\u0105 warstw\u0105 ocynku, co wzmacnia j\u0105 tak\u017ce przed uszkodzeniami mechanicznymi. Dodatkowo\u00a0<strong>pomalowana\u00a0<\/strong>jest<strong>\u00a0proszkowo w kolorze czarnym<\/strong>, co nadaje jej elegancki i klasyczny wygl\u0105d, pasuj\u0105cy do ka\u017cdego jedno\u015bladu.<\/p>\n<p>Konstrukcja podwozia oraz dyszel wykonane s\u0105 ze stalowego profilu zamkni\u0119tego.\u00a0<strong>Rama przyczepy<\/strong>\u00a0jest dodatkowo\u00a0<strong>wzmocniona<\/strong>\u00a0dzi\u0119ki zastosowaniu poprzecznych wspawanych wspornik\u00f3w. Gwarantuje to\u00a0<strong>stabilno\u015b\u0107 i pewno\u015b\u0107 ca\u0142ej konstrukcji<\/strong>.<\/p>\n<p>Przyczepa\u00a0 wyposa\u017cona jest w wygodny w u\u017cyciu <strong>mechanizm podnoszenia i opuszczania platformy<\/strong>. Dzi\u0119ki temu motocykle mo\u017cna w \u0142atwy spos\u00f3b wprowadzi\u0107 lub sprowadzi\u0107 z przyczepy.<\/p>\n<p>MT-2 zbudowana jest z dw\u00f3ch ruchomych ram, dzi\u0119ki czemu\u00a0<strong>mo\u017cna j\u0105 w \u0142atwy spos\u00f3b z\u0142o\u017cy\u0107 na p\u00f3\u0142<\/strong>. Z\u0142o\u017cona przyczepa mo\u017ce by\u0107\u00a0<strong>przechowywana zar\u00f3wno w pozycji pionowej, jak i poziomej<\/strong>. Dzi\u0119ki temu mo\u017cemy j\u0105 magazynowa\u0107 w czasie, gdy nie b\u0119dzie u\u017cywana. W ten spos\u00f3b, zajmie du\u017co mniej przestrzeni np. w gara\u017cu czy na parkingu.\u00a0\u00a0<strong>\u00a0<\/strong><\/p>\n<p>Przyczepa\u00a0<strong>z\u0142o\u017cona na p\u00f3\u0142<\/strong>\u00a0ma wysoko\u015b\u0107 2574 mm.<\/p>\n<p>Zastosowane w przyczepie motocyklowej rozwi\u0105zania techniczne s\u0105 chronione patentem \u015bwiatowym.<\/p>\n<\/div>\n<\/div>\n","protected":false},"excerpt":{"rendered":"<p>BEZPIECZNA PRZYCZEPA NA DWA MOTOCYKLE lub QUADA &nbsp; MT-2 to\u00a0nowoczesna przyczepa motocyklowa i quadowa\u00a0wykonana w modnej, prostej stylistyce,\u00a0przeznaczona do transportu&hellip;<\/p>\n","protected":false},"featured_media":11794,"template":"","meta":{"spay_email":""},"product_cat":[140],"product_tag":[],"woo-feed-brand":[],"acf":[],"_links":{"self":[{"href":"https:\/\/www.atvquadotwock.pl\/sklep\/wp-json\/wp\/v2\/product\/11792"}],"collection":[{"href":"https:\/\/www.atvquadotwock.pl\/sklep\/wp-json\/wp\/v2\/product"}],"about":[{"href":"https:\/\/www.atvquadotwock.pl\/sklep\/wp-json\/wp\/v2\/types\/product"}],"wp:featuredmedia":[{"embeddable":true,"href":"https:\/\/www.atvquadotwock.pl\/sklep\/wp-json\/wp\/v2\/media\/11794"}],"wp:attachment":[{"href":"https:\/\/www.atvquadotwock.pl\/sklep\/wp-json\/wp\/v2\/media?parent=11792"}],"wp:term":[{"taxonomy":"product_cat","embeddable":true,"href":"https:\/\/www.atvquadotwock.pl\/sklep\/wp-json\/wp\/v2\/product_cat?post=11792"},{"taxonomy":"product_tag","embeddable":true,"href":"https:\/\/www.atvquadotwock.pl\/sklep\/wp-json\/wp\/v2\/product_tag?post=11792"},{"taxonomy":"woo-feed-brand","embeddable":true,"href":"https:\/\/www.atvquadotwock.pl\/sklep\/wp-json\/wp\/v2\/woo-feed-brand?post=11792"}],"curies":[{"name":"wp","href":"https:\/\/api.w.org\/{rel}","templated":true}]}}