{"id":1154,"date":"2020-08-22T08:10:24","date_gmt":"2020-08-22T08:10:24","guid":{"rendered":"https:\/\/www.atvquadotwock.pl\/sklep\/?post_type=product&#038;p=1154"},"modified":"2023-03-10T09:34:04","modified_gmt":"2023-03-10T09:34:04","slug":"krzyzak-walu-blueprint-adc32901-25x64","status":"publish","type":"product","link":"https:\/\/www.atvquadotwock.pl\/sklep\/produkt\/krzyzak-walu-blueprint-adc32901-25x64\/","title":{"rendered":"krzy\u017cak wa\u0142u 25X64 7020-290130"},"content":{"rendered":"<p>Dane techniczne<\/p>\n<p>D\u0142ugo\u015b\u0107 [mm]: 63,8<br \/>\n\u015arednica zewn\u0119trzna [mm]: 25,0<br \/>\nCi\u0119\u017car [kg]: 0,340<\/p>\n<p>&nbsp;<\/p>\n<p>Pasuje do CFMOTO 500 I 800 ITP.<\/p>\n","protected":false},"excerpt":{"rendered":"<p>Dane techniczne D\u0142ugo\u015b\u0107 [mm]: 63,8 \u015arednica zewn\u0119trzna [mm]: 25,0 Ci\u0119\u017car [kg]: 0,340 &nbsp; Pasuje do CFMOTO 500 I 800 ITP.<\/p>\n","protected":false},"featured_media":1155,"template":"","meta":{"spay_email":""},"product_cat":[100,94,95,96,38],"product_tag":[],"woo-feed-brand":[],"acf":[],"_links":{"self":[{"href":"https:\/\/www.atvquadotwock.pl\/sklep\/wp-json\/wp\/v2\/product\/1154"}],"collection":[{"href":"https:\/\/www.atvquadotwock.pl\/sklep\/wp-json\/wp\/v2\/product"}],"about":[{"href":"https:\/\/www.atvquadotwock.pl\/sklep\/wp-json\/wp\/v2\/types\/product"}],"wp:featuredmedia":[{"embeddable":true,"href":"https:\/\/www.atvquadotwock.pl\/sklep\/wp-json\/wp\/v2\/media\/1155"}],"wp:attachment":[{"href":"https:\/\/www.atvquadotwock.pl\/sklep\/wp-json\/wp\/v2\/media?parent=1154"}],"wp:term":[{"taxonomy":"product_cat","embeddable":true,"href":"https:\/\/www.atvquadotwock.pl\/sklep\/wp-json\/wp\/v2\/product_cat?post=1154"},{"taxonomy":"product_tag","embeddable":true,"href":"https:\/\/www.atvquadotwock.pl\/sklep\/wp-json\/wp\/v2\/product_tag?post=1154"},{"taxonomy":"woo-feed-brand","embeddable":true,"href":"https:\/\/www.atvquadotwock.pl\/sklep\/wp-json\/wp\/v2\/woo-feed-brand?post=1154"}],"curies":[{"name":"wp","href":"https:\/\/api.w.org\/{rel}","templated":true}]}}