{"id":1146,"date":"2020-08-17T14:16:56","date_gmt":"2020-08-17T14:16:56","guid":{"rendered":"https:\/\/www.atvquadotwock.pl\/sklep\/?post_type=product&#038;p=1146"},"modified":"2021-11-27T00:03:06","modified_gmt":"2021-11-27T00:03:06","slug":"pokrowiec-na-quada-xxxl-camouflage-wzor-lasu","status":"publish","type":"product","link":"https:\/\/www.atvquadotwock.pl\/sklep\/produkt\/pokrowiec-na-quada-xxxl-camouflage-wzor-lasu\/","title":{"rendered":"Pokrowiec na quada XXXL camouflage wz\u00f3r lasu"},"content":{"rendered":"<p>Pokrowiec XXXL camouflage<\/p>\n<p>pasuje nawet na najwiekszego quada<\/p>\n<p>OPIS PRZEDMIOTU:<\/p>\n<p>POKROWIEC NA QUADA<\/p>\n<p>\u015aCI\u0104GACZE( WSZYTE SZNURKI ZE STOPERKAMI NA DOLE POKROWCA)<\/p>\n<p>MATERIA\u0141 U\u017bYTY DO PRODUKCJI PLANDEKI WYKORZYSTYWANY JEST W NAJNOWSZYCH TECHNOLOGIACH PRODUKCJI NAMIOT\u00d3W<\/p>\n<p>MATERIA\u0141 BARDZO MI\u0118KKI I LEKKI ZARAZEM WYTRZYMA\u0141Y, NIE RYSUJE LAKIERU<\/p>\n<p>CA\u0141KOWICIE ODPORNY NA PROMIENIOWANIE UV ( NIE ZMIENI KOLORU NAWET PO KILKU LATACH EKSPLOATACJI )<\/p>\n<p>MATERIA\u0141 ODPORNY NA WYSOK\u0104 TEMPERATUR\u0118, NIE PRZYWIERA DO T\u0141UMIKA<\/p>\n<p>W KOMPLECIE WOREK DO PRZECHOWYWANIA POKROWCA<\/p>\n<p>WYMIARY:<\/p>\n<p>SZEROKO\u015a\u0106 130cm<br \/>\nD\u0141UGO\u015a\u0106 230cm<br \/>\nWYSOKO\u015a\u0106 130cm<\/p>\n","protected":false},"excerpt":{"rendered":"<p>Pokrowiec XXXL camouflage pasuje nawet na najwiekszego quada OPIS PRZEDMIOTU: POKROWIEC NA QUADA \u015aCI\u0104GACZE( WSZYTE SZNURKI ZE STOPERKAMI NA DOLE&hellip;<\/p>\n","protected":false},"featured_media":2515,"template":"","meta":{"spay_email":""},"product_cat":[17],"product_tag":[],"woo-feed-brand":[],"acf":[],"_links":{"self":[{"href":"https:\/\/www.atvquadotwock.pl\/sklep\/wp-json\/wp\/v2\/product\/1146"}],"collection":[{"href":"https:\/\/www.atvquadotwock.pl\/sklep\/wp-json\/wp\/v2\/product"}],"about":[{"href":"https:\/\/www.atvquadotwock.pl\/sklep\/wp-json\/wp\/v2\/types\/product"}],"wp:featuredmedia":[{"embeddable":true,"href":"https:\/\/www.atvquadotwock.pl\/sklep\/wp-json\/wp\/v2\/media\/2515"}],"wp:attachment":[{"href":"https:\/\/www.atvquadotwock.pl\/sklep\/wp-json\/wp\/v2\/media?parent=1146"}],"wp:term":[{"taxonomy":"product_cat","embeddable":true,"href":"https:\/\/www.atvquadotwock.pl\/sklep\/wp-json\/wp\/v2\/product_cat?post=1146"},{"taxonomy":"product_tag","embeddable":true,"href":"https:\/\/www.atvquadotwock.pl\/sklep\/wp-json\/wp\/v2\/product_tag?post=1146"},{"taxonomy":"woo-feed-brand","embeddable":true,"href":"https:\/\/www.atvquadotwock.pl\/sklep\/wp-json\/wp\/v2\/woo-feed-brand?post=1146"}],"curies":[{"name":"wp","href":"https:\/\/api.w.org\/{rel}","templated":true}]}}