{"id":11443,"date":"2026-01-30T08:51:19","date_gmt":"2026-01-30T08:51:19","guid":{"rendered":"https:\/\/www.atvquadotwock.pl\/sklep\/?post_type=product&#038;p=11443"},"modified":"2026-01-30T08:52:43","modified_gmt":"2026-01-30T08:52:43","slug":"dystanse-50mm-4x110-m12-cfmoto-buggy-tylko-suzuki-yamaha-kawasaki-honda","status":"publish","type":"product","link":"https:\/\/www.atvquadotwock.pl\/sklep\/produkt\/dystanse-50mm-4x110-m12-cfmoto-buggy-tylko-suzuki-yamaha-kawasaki-honda\/","title":{"rendered":"DYSTANSE 50mm 4&#215;110 m12 CFMOTO (buggy tylko!) SUZUKI YAMAHA KAWASAKI HONDA"},"content":{"rendered":"<p>Dystanse z pe\u0142nego odlewu z aluminium lotniczego. Twardo\u015b\u0107 \u015brub 12.9. Nakr\u0119tki w zestawie. Zalecane skr\u0119cenie na klej nakr\u0119tek do piasty.<\/p>\n<p>UWAGA SZPILKI GRUBSZE M12 przeznaczonego UTV LUB SSV od cfmoto.<\/p>\n<p>&nbsp;<\/p>\n<p>CENA ZA PAR\u0118<\/p>\n<p>&nbsp;<\/p>\n","protected":false},"excerpt":{"rendered":"<p>Dystanse z pe\u0142nego odlewu z aluminium lotniczego. Twardo\u015b\u0107 \u015brub 12.9. Nakr\u0119tki w zestawie. Zalecane skr\u0119cenie na klej nakr\u0119tek do piasty.&hellip;<\/p>\n","protected":false},"featured_media":4991,"template":"","meta":{"spay_email":""},"product_cat":[19],"product_tag":[],"woo-feed-brand":[],"acf":[],"_links":{"self":[{"href":"https:\/\/www.atvquadotwock.pl\/sklep\/wp-json\/wp\/v2\/product\/11443"}],"collection":[{"href":"https:\/\/www.atvquadotwock.pl\/sklep\/wp-json\/wp\/v2\/product"}],"about":[{"href":"https:\/\/www.atvquadotwock.pl\/sklep\/wp-json\/wp\/v2\/types\/product"}],"wp:featuredmedia":[{"embeddable":true,"href":"https:\/\/www.atvquadotwock.pl\/sklep\/wp-json\/wp\/v2\/media\/4991"}],"wp:attachment":[{"href":"https:\/\/www.atvquadotwock.pl\/sklep\/wp-json\/wp\/v2\/media?parent=11443"}],"wp:term":[{"taxonomy":"product_cat","embeddable":true,"href":"https:\/\/www.atvquadotwock.pl\/sklep\/wp-json\/wp\/v2\/product_cat?post=11443"},{"taxonomy":"product_tag","embeddable":true,"href":"https:\/\/www.atvquadotwock.pl\/sklep\/wp-json\/wp\/v2\/product_tag?post=11443"},{"taxonomy":"woo-feed-brand","embeddable":true,"href":"https:\/\/www.atvquadotwock.pl\/sklep\/wp-json\/wp\/v2\/woo-feed-brand?post=11443"}],"curies":[{"name":"wp","href":"https:\/\/api.w.org\/{rel}","templated":true}]}}