{"id":11368,"date":"2026-01-19T10:22:49","date_gmt":"2026-01-19T10:22:49","guid":{"rendered":"https:\/\/www.atvquadotwock.pl\/sklep\/?post_type=product&#038;p=11368"},"modified":"2026-01-19T10:24:08","modified_gmt":"2026-01-19T10:24:08","slug":"variator-upgrade-clutch-kit-stage-3-cfmoto-cforce-1000-tuning-wariatora","status":"publish","type":"product","link":"https:\/\/www.atvquadotwock.pl\/sklep\/produkt\/variator-upgrade-clutch-kit-stage-3-cfmoto-cforce-1000-tuning-wariatora\/","title":{"rendered":"Variator upgrade \/ Clutch KIT (stage 3) CFMOTO CFORCE 1000 tuning wariatora"},"content":{"rendered":"<p>Zestaw Stage 3 Mud Kit (opony 29\u201d-34\u201d)<\/p>\n<p>\u2022 Zestaw du\u017cych opon do jazdy w b\u0142ocie \/ z u\u017cyciem skeg\u00f3w.<\/p>\n<p>\u2022 Pomaga lepiej przenosi\u0107 moc silnika na ko\u0142a.<\/p>\n<p>\u2022 P\u0142ynniejsze w\u0142\u0105czanie!<\/p>\n<p>\u2022 Dolna cz\u0119\u015b\u0107 \u015bruby pozwala na jazd\u0119 z nisk\u0105 pr\u0119dko\u015bci\u0105 przy wy\u017cszych obrotach, zapewniaj\u0105c wi\u0119ksz\u0105 moc i moment obrotowy na ko\u0142ach. Zapewnia to du\u017cy moment obrotowy, pozwalaj\u0105cy pokonywa\u0107 grube b\u0142oto \/ skeg.<\/p>\n<p>\u2022 G\u00f3rna cz\u0119\u015b\u0107 \u015bruby zosta\u0142a zaprojektowana tak, aby zapewni\u0107 coraz wi\u0119ksz\u0105 zmian\u0119 bieg\u00f3w w g\u00f3r\u0119 przy tej samej mocy silnika!<\/p>\n<p>\u2022 Szybsza zmiana bieg\u00f3w w d\u00f3\u0142, co skutkuje szybk\u0105 reakcj\u0105 przepustnicy!<\/p>\n<p>\u2022 Zmniejsza po\u015blizg paska i nagrzewanie.<\/p>\n<p>\u2022 To zestaw dla Ciebie, je\u015bli lubisz je\u017adzi\u0107 w g\u0119stym b\u0142ocie lub masz du\u017ce opony!<\/p>\n<p>&nbsp;<\/p>\n<p>Zestaw przeszed\u0142 d\u0142ugi okres test\u00f3w \u2013 w tym testy w rzeczywistych warunkach jazdy, a tak\u017ce testy na hamowni \u2013 zanim wybrano t\u0119 konkretn\u0105 kombinacj\u0119 ustawie\u0144 do tego modelu pojazdu \/ kombinacji variatora \u2013 wynik, kt\u00f3ry tu masz, jest najlepszym i najbezpieczniejszym wyborem ustawie\u0144 dla Ciebie i Twojego pojazdu.<\/p>\n<p>Przet\u0142umaczono z DeepL.com (wersja darmowa)<\/p>\n","protected":false},"excerpt":{"rendered":"<p>Zestaw Stage 3 Mud Kit (opony 29\u201d-34\u201d) \u2022 Zestaw du\u017cych opon do jazdy w b\u0142ocie \/ z u\u017cyciem skeg\u00f3w. \u2022&hellip;<\/p>\n","protected":false},"featured_media":11370,"template":"","meta":{"spay_email":""},"product_cat":[121,98],"product_tag":[],"woo-feed-brand":[],"acf":[],"_links":{"self":[{"href":"https:\/\/www.atvquadotwock.pl\/sklep\/wp-json\/wp\/v2\/product\/11368"}],"collection":[{"href":"https:\/\/www.atvquadotwock.pl\/sklep\/wp-json\/wp\/v2\/product"}],"about":[{"href":"https:\/\/www.atvquadotwock.pl\/sklep\/wp-json\/wp\/v2\/types\/product"}],"wp:featuredmedia":[{"embeddable":true,"href":"https:\/\/www.atvquadotwock.pl\/sklep\/wp-json\/wp\/v2\/media\/11370"}],"wp:attachment":[{"href":"https:\/\/www.atvquadotwock.pl\/sklep\/wp-json\/wp\/v2\/media?parent=11368"}],"wp:term":[{"taxonomy":"product_cat","embeddable":true,"href":"https:\/\/www.atvquadotwock.pl\/sklep\/wp-json\/wp\/v2\/product_cat?post=11368"},{"taxonomy":"product_tag","embeddable":true,"href":"https:\/\/www.atvquadotwock.pl\/sklep\/wp-json\/wp\/v2\/product_tag?post=11368"},{"taxonomy":"woo-feed-brand","embeddable":true,"href":"https:\/\/www.atvquadotwock.pl\/sklep\/wp-json\/wp\/v2\/woo-feed-brand?post=11368"}],"curies":[{"name":"wp","href":"https:\/\/api.w.org\/{rel}","templated":true}]}}