{"id":1136,"date":"2020-08-17T12:56:44","date_gmt":"2020-08-17T12:56:44","guid":{"rendered":"https:\/\/www.atvquadotwock.pl\/sklep\/?post_type=product&#038;p=1136"},"modified":"2021-11-05T09:25:37","modified_gmt":"2021-11-05T09:25:37","slug":"dzwignie-klamki-uniwersalne-sprzegla-i-hamulca-kolor-czerwony","status":"publish","type":"product","link":"https:\/\/www.atvquadotwock.pl\/sklep\/produkt\/dzwignie-klamki-uniwersalne-sprzegla-i-hamulca-kolor-czerwony\/","title":{"rendered":"D\u017awignie klamki uniwersalne sprz\u0119g\u0142a i hamulca &#8211; kolor czerwony"},"content":{"rendered":"<p>Zestaw uniwersalny<br \/>\nd\u017awignia sprz\u0119g\u0142a i hamulca do quad\u00f3w sportowych lub motocykli<br \/>\nmateria\u0142 : aluminium anodowane,<br \/>\n6 stopni regulacji odchylenia<\/p>\n<p>kolor czerwony<\/p>\n","protected":false},"excerpt":{"rendered":"<p>Zestaw uniwersalny d\u017awignia sprz\u0119g\u0142a i hamulca do quad\u00f3w sportowych lub motocykli materia\u0142 : aluminium anodowane, 6 stopni regulacji odchylenia kolor&hellip;<\/p>\n","protected":false},"featured_media":1137,"template":"","meta":{"spay_email":""},"product_cat":[44],"product_tag":[],"woo-feed-brand":[],"acf":[],"_links":{"self":[{"href":"https:\/\/www.atvquadotwock.pl\/sklep\/wp-json\/wp\/v2\/product\/1136"}],"collection":[{"href":"https:\/\/www.atvquadotwock.pl\/sklep\/wp-json\/wp\/v2\/product"}],"about":[{"href":"https:\/\/www.atvquadotwock.pl\/sklep\/wp-json\/wp\/v2\/types\/product"}],"wp:featuredmedia":[{"embeddable":true,"href":"https:\/\/www.atvquadotwock.pl\/sklep\/wp-json\/wp\/v2\/media\/1137"}],"wp:attachment":[{"href":"https:\/\/www.atvquadotwock.pl\/sklep\/wp-json\/wp\/v2\/media?parent=1136"}],"wp:term":[{"taxonomy":"product_cat","embeddable":true,"href":"https:\/\/www.atvquadotwock.pl\/sklep\/wp-json\/wp\/v2\/product_cat?post=1136"},{"taxonomy":"product_tag","embeddable":true,"href":"https:\/\/www.atvquadotwock.pl\/sklep\/wp-json\/wp\/v2\/product_tag?post=1136"},{"taxonomy":"woo-feed-brand","embeddable":true,"href":"https:\/\/www.atvquadotwock.pl\/sklep\/wp-json\/wp\/v2\/woo-feed-brand?post=1136"}],"curies":[{"name":"wp","href":"https:\/\/api.w.org\/{rel}","templated":true}]}}