{"id":11349,"date":"2026-01-16T15:56:39","date_gmt":"2026-01-16T15:56:39","guid":{"rendered":"https:\/\/www.atvquadotwock.pl\/sklep\/?post_type=product&#038;p=11349"},"modified":"2026-01-21T10:22:11","modified_gmt":"2026-01-21T10:22:11","slug":"kufer-oryginalny-do-cfmoto-450-520-850-1000-gen3-goes-1000-terrox-v2","status":"publish","type":"product","link":"https:\/\/www.atvquadotwock.pl\/sklep\/produkt\/kufer-oryginalny-do-cfmoto-450-520-850-1000-gen3-goes-1000-terrox-v2\/","title":{"rendered":"Kufer oryginalny do cfmoto 450\/520 850\/1000 gen3 goes 1000 terrox v2"},"content":{"rendered":"<p>100l pojemno\u015bci.<\/p>\n<p>pasuje oryginalnie bez wiercenia do! DO CFMOTO 450\/520 GEN2, CFMOTO 850 \/ 1000 GEN 3 ORAZ GOES 1000 TERROX. na szybko z\u0142\u0105czkach kt\u00f3re s\u0105 w zestawie. Montowany od \u015brodka na z\u0142\u0105czki.<\/p>\n<p>Pasuje te\u017c do innych pojazd\u00f3w po lekkich przer\u00f3bkach.<\/p>\n<p>kod oem: 9AWV-806300-8002<\/p>\n<p>&nbsp;<\/p>\n<p>&nbsp;<\/p>\n","protected":false},"excerpt":{"rendered":"<p>100l pojemno\u015bci. pasuje oryginalnie bez wiercenia do! DO CFMOTO 450\/520 GEN2, CFMOTO 850 \/ 1000 GEN 3 ORAZ GOES 1000&hellip;<\/p>\n","protected":false},"featured_media":11351,"template":"","meta":{"spay_email":""},"product_cat":[24],"product_tag":[],"woo-feed-brand":[],"acf":[],"_links":{"self":[{"href":"https:\/\/www.atvquadotwock.pl\/sklep\/wp-json\/wp\/v2\/product\/11349"}],"collection":[{"href":"https:\/\/www.atvquadotwock.pl\/sklep\/wp-json\/wp\/v2\/product"}],"about":[{"href":"https:\/\/www.atvquadotwock.pl\/sklep\/wp-json\/wp\/v2\/types\/product"}],"wp:featuredmedia":[{"embeddable":true,"href":"https:\/\/www.atvquadotwock.pl\/sklep\/wp-json\/wp\/v2\/media\/11351"}],"wp:attachment":[{"href":"https:\/\/www.atvquadotwock.pl\/sklep\/wp-json\/wp\/v2\/media?parent=11349"}],"wp:term":[{"taxonomy":"product_cat","embeddable":true,"href":"https:\/\/www.atvquadotwock.pl\/sklep\/wp-json\/wp\/v2\/product_cat?post=11349"},{"taxonomy":"product_tag","embeddable":true,"href":"https:\/\/www.atvquadotwock.pl\/sklep\/wp-json\/wp\/v2\/product_tag?post=11349"},{"taxonomy":"woo-feed-brand","embeddable":true,"href":"https:\/\/www.atvquadotwock.pl\/sklep\/wp-json\/wp\/v2\/woo-feed-brand?post=11349"}],"curies":[{"name":"wp","href":"https:\/\/api.w.org\/{rel}","templated":true}]}}