{"id":11318,"date":"2026-01-13T08:35:39","date_gmt":"2026-01-13T08:35:39","guid":{"rendered":"https:\/\/www.atvquadotwock.pl\/sklep\/?post_type=product&#038;p=11318"},"modified":"2026-01-13T08:46:18","modified_gmt":"2026-01-13T08:46:18","slug":"plug-do-odsniezania-150cm-black-wolf","status":"publish","type":"product","link":"https:\/\/www.atvquadotwock.pl\/sklep\/produkt\/plug-do-odsniezania-150cm-black-wolf\/","title":{"rendered":"P\u0141UG do od\u015bnie\u017cania 150CM black wolf"},"content":{"rendered":"<p>p\u0142ug 150cm. w zestawie \u015brubki, p\u0142yta mocuj\u0105ca pod spodem.<\/p>\n<p>pasuje do wi\u0119kszo\u015bci quad\u00f3w na rynku.<\/p>\n<p>ci\u0119\u017cki solidny.<\/p>\n<p>&nbsp;<\/p>\n<p>Mo\u017cliwo\u015b\u0107 dokupienia gumy zbrojonej do niego.<\/p>\n","protected":false},"excerpt":{"rendered":"<p>p\u0142ug 150cm. w zestawie \u015brubki, p\u0142yta mocuj\u0105ca pod spodem. pasuje do wi\u0119kszo\u015bci quad\u00f3w na rynku. ci\u0119\u017cki solidny. &nbsp; Mo\u017cliwo\u015b\u0107 dokupienia&hellip;<\/p>\n","protected":false},"featured_media":11319,"template":"","meta":{"spay_email":""},"product_cat":[34],"product_tag":[],"woo-feed-brand":[],"acf":[],"_links":{"self":[{"href":"https:\/\/www.atvquadotwock.pl\/sklep\/wp-json\/wp\/v2\/product\/11318"}],"collection":[{"href":"https:\/\/www.atvquadotwock.pl\/sklep\/wp-json\/wp\/v2\/product"}],"about":[{"href":"https:\/\/www.atvquadotwock.pl\/sklep\/wp-json\/wp\/v2\/types\/product"}],"wp:featuredmedia":[{"embeddable":true,"href":"https:\/\/www.atvquadotwock.pl\/sklep\/wp-json\/wp\/v2\/media\/11319"}],"wp:attachment":[{"href":"https:\/\/www.atvquadotwock.pl\/sklep\/wp-json\/wp\/v2\/media?parent=11318"}],"wp:term":[{"taxonomy":"product_cat","embeddable":true,"href":"https:\/\/www.atvquadotwock.pl\/sklep\/wp-json\/wp\/v2\/product_cat?post=11318"},{"taxonomy":"product_tag","embeddable":true,"href":"https:\/\/www.atvquadotwock.pl\/sklep\/wp-json\/wp\/v2\/product_tag?post=11318"},{"taxonomy":"woo-feed-brand","embeddable":true,"href":"https:\/\/www.atvquadotwock.pl\/sklep\/wp-json\/wp\/v2\/woo-feed-brand?post=11318"}],"curies":[{"name":"wp","href":"https:\/\/api.w.org\/{rel}","templated":true}]}}