{"id":11223,"date":"2025-12-30T01:59:34","date_gmt":"2025-12-30T01:59:34","guid":{"rendered":"https:\/\/www.atvquadotwock.pl\/sklep\/?post_type=product&#038;p=11223"},"modified":"2026-01-13T12:25:32","modified_gmt":"2026-01-13T12:25:32","slug":"goes-terrox-500-long-eps","status":"publish","type":"product","link":"https:\/\/www.atvquadotwock.pl\/sklep\/produkt\/goes-terrox-500-long-eps\/","title":{"rendered":"GOES TERROX 500 LONG EPS rok 2024"},"content":{"rendered":"<p>Star\u0105 niezawodn\u0105 CFMOTO 520 long w Nowej ods\u0142onie &#8211; GOES TERROX 500 long !!! WERSJA\u00a0 z wspomaganiem DOST\u0118PNE od r\u0119ki!<\/p>\n<p>SPRAWD\u0179 OPINIE SALONU TAM GDZIE kupujesz. CENA TO NIE WSZYSTKO! Opieka po zakupie oraz bezproblemowa gwarancja tylko u nas. Czytaj na grupach tematycznych.<\/p>\n<p>GOES TERROX 500 L to nic innego jak starsze CFMOTO 520. Przed\u0142u\u017cenie \u017cywotno\u015bci starej 520 pod nazw\u0105 GOES. Niezawodny model zosta\u0142 stworzony na podstawi\u0119 starej cf520l &#8211; UWAGA &#8211; podzespo\u0142y obudowa wszystko jest to samo co w CF520 !! Marka CFMOTO stworzy\u0142a submark\u0119 GOES aby m\u00f3c sprzedawa\u0107 dalej starsze produkty a Z NOW\u0104 TECHNOLOGI\u0104 rozwija\u0107 pod mark\u0105 CFMOTO.<\/p>\n<p>Wersja d\u0142uga = wi\u0119kszy komfort dla za\u0142ogi, wi\u0119ksza stabilno\u015b\u0107 do bardziej wymagaj\u0105cych prac. Wi\u0119ksza moc, wi\u0119cej pracy i zabawy.<\/p>\n<p>WYPOSA\u017bENIE OBEJMUJE<\/p>\n<p>Wyci\u0105garka 3000 lbs, hak holowniczy, gniazdo DC\/USB, 12-calowe aluminiowe felgi, os\u0142ony r\u0105k kierowcy, oparcie fotela pasa\u017cera z r\u0105czkami, wspomaganie<\/p>\n<p>Budujemy r\u00f3wnie\u017c pojazdy indywidualne pod Rajdy, stra\u017c po\u017carn\u0105, policj\u0119 oraz dla firm np. od\u015bnie\u017caj\u0105cych<\/p>\n<p>Zobacz nasze filmy w internecie!<\/p>\n<p>FAKTURA VAT. HOMOLOGACJA NA 2 OSOBY. CI\u0104GNIK ROLNICZY T3B. ODLICZ VAT!<\/p>\n<p>GWARANCJA PRODUCENTA 3 LATA<\/p>\n<p>Jako nieliczni w Polsce, posiadamy dost\u0119p do wszystkich magazyn\u00f3w cz\u0119\u015bci CFMOTO na \u015bwiecie. Zajmujemy si\u0119 tylko t\u0105 mark\u0105! Kupuj bezpo\u015brednio w salonie TYLKO CFMOTO! To gwarantuje priorytetow\u0105 obs\u0142ug\u0119 po zakupow\u0105.<\/p>\n<p>Posiadamy r\u00f3wnie\u017c wypo\u017cyczalnie tej marki z ponad 19 letnim do\u015bwiadczeniem, mo\u017cesz przetestowa\u0107 przed zakupem tylko u nas!<\/p>\n<p>Specyfikacja:<\/p>\n<p>REJESTRACJA NA 2 OSOBY<\/p>\n<p>D\u0142ugo\u015b\u0107 (mm) 2390<\/p>\n<p>Szeroko\u015b\u0107 (mm) 1100<\/p>\n<p>Wysoko\u015b\u0107 (mm) 1435<\/p>\n<p>Wysoko\u015b\u0107 siedzenia (mm) 860<\/p>\n<p>Prze\u015bwit (mm) 250<\/p>\n<p>Rozstaw osi (mm) 1260<\/p>\n<p>Waga (kg) 345<\/p>\n<p>Dopuszczalna \u0142adowno\u015b\u0107 (kg) 210<\/p>\n<p>Zawieszenie prz\u00f3d\/ty\u0142 Podw\u00f3jne wahacze z regulacj\u0105 amortyzator\u00f3w.<\/p>\n<p>Hamulce prz\u00f3d\/ty\u0142 Tarczowe<\/p>\n<p>Opony prz\u00f3d\/ty\u0142 25\u00d78-12 \/ 25\u00d710-12<\/p>\n<p>Felgi Aluminiowe<\/p>\n<p>Typ silnika 1-cylindrowy, 4-suwowy<\/p>\n<p>Silnik (cc) 495<\/p>\n<p>System zap\u0142onu ECU<\/p>\n<p>Start Elektryczny<\/p>\n<p>Max moc (kW) 29<\/p>\n<p>Skrzynia bieg\u00f3w CVTech<\/p>\n<p>2WD\/4WD 2WD\/4WD z blokad\u0105 dyferencja\u0142u<\/p>\n<p>System ch\u0142odzenia Ch\u0142odzenie wod\u0105<\/p>\n<p>Wtrysk DELPHI EFI<\/p>\n<p>Licznik Cyfrowy<\/p>\n<p>Przek\u0142adnia automatyczna CVT \u2013 wariator \/ blokowany przedni mechanizm r\u00f3\u017cnicowy \/ biegi P\/R\/N\/H\/L<\/p>\n<p>Mo\u017cliwo\u015b\u0107 dom\u00f3wienia dodatkowych akcesori\u00f3w:<\/p>\n<p>-manetki grzane z kciukiem<\/p>\n<p>-siedziska grzane kierowca\/ pasa\u017cer<\/p>\n<p>-Dystanse 50mm<\/p>\n<p>-dystanse 30mm<\/p>\n<p>-mocowanie wyci\u0105garki na ty\u0142<\/p>\n<p>-wyci\u0105garka 4500lbs stalowa\/lub syntetyczna (Dajemy j\u0105 na prz\u00f3d bo jest mocniejsza a oryginalna na ty\u0142 przenosimy)<\/p>\n<p>-relokator ch\u0142odnicy ze snorklami<\/p>\n<p>-led prz\u00f3d<\/p>\n<p>-lampa led ty\u0142<\/p>\n<p>-uchwyt na tel z \u0142adowark\u0105<\/p>\n<p>-chowana ramka tab rejestracyjna<\/p>\n<p>-czujnik temp wody<\/p>\n<p>-czujnik temp paska<\/p>\n<p>-Odblokowanie vmax + bieg L + wsteczny NO LIMIT<\/p>\n<p>-Ga\u015bnica<\/p>\n<p>-zbiornik na paliwo 5L \/ Czarny<\/p>\n<p>-lift zawieszenia 1.5cala<\/p>\n<p>-p\u0142ug stalowy 150cm<\/p>\n<p>-p\u0142ug plastikowy 130cm\/150cm<\/p>\n<p>-Tuning stage 3 \/ wariatora lepsze przyspieszenie<\/p>\n<p>-Tuba na dokumenty<\/p>\n<p>-Mocowanie na \u0142opat\u0119\/bro\u0144<\/p>\n<p>-Bumper prz\u00f3d\/ty\u0142<\/p>\n<p>-plastikowe poszerzenie nadkoli<\/p>\n<p>-Kufer<\/p>\n<p>-ko\u0144c\u00f3wka wydechu<\/p>\n<p>-wydech ze stali nierdzewnej pojedynczy\/podw\u00f3jny<\/p>\n<p>-os\u0142ony spodu aluminiowe<\/p>\n<p>-os\u0142ony IRON BALTIC plastikowe<\/p>\n<p>I wiele innych wed\u0142ug \u017cycze\u0144 klienta. Budujemy pojazdy na ca\u0142\u0105 Polsk\u0119.<\/p>\n<p>Finansowanie:<\/p>\n<p>\u2013 KREDYT dla osoby prywatnej (ALIOR, BNP PARIBAS, BANK PKO)<\/p>\n<p>\u2013 LEASING dla firm (IDEA BANK, BNP PARIBAS, EUROPEJSKI FUNDUSZ LEASINGOWY, BANK PKO)<\/p>\n<p>Mo\u017cliwy kredyt lub leasing.<\/p>\n<p>Mo\u017cliwy transport na terenie ca\u0142ego kraju.<\/p>\n<p>Jako pierwsi w Polsce wprowadzili\u015bmy us\u0142ug\u0119 dotarcia maszyny i zrobienie pierwszego przegl\u0105du po 100km. Us\u0142uga docierania jest bezp\u0142atna przy zakupie u nas pojazdu. To jest \u015bwietne rozwi\u0105zanie dla klient\u00f3w z daleka, gdy\u017c nie musz\u0105 zjawia\u0107 po 100km a dopiero przy 500km. Nasz team specjalist\u00f3w dotrze wed\u0142ug naszych procedur. Wybierz salon i serwis z pasj\u0105! Przeczytaj opinie o ATV OTWOCK.<\/p>\n<p>Pami\u0119tajcie \u017ce Kupuj\u0105c u nas, macie:<\/p>\n<p>\u2705\ufe0f PRZEGL\u0104D OT-0 BEZP\u0141ATNY<\/p>\n<p>\u2705\ufe0f Komplet dokument\u00f3w do rejestracji<\/p>\n<p>\u2705\ufe0f Faktur\u0119 vat brutto. Osoby prywatne s\u0105 zwolnione z podatku PCC.<\/p>\n<p>\u2705\ufe0f Przegl\u0105dy nast\u0119pne rzetelne i uczciwe. Sprawd\u017a opinie o naszym serwisie.<\/p>\n<p>\u2705 Sta\u0142y kontakt na messengerze, telefoniczny oraz mailowy.<\/p>\n<p>\u2705 Profesjonaln\u0105 obs\u0142ug\u0119<\/p>\n<p>\u2705 Pot\u0119\u017cn\u0105 wiedz\u0119 od A do Z je\u015bli chodzi o CFMOTO. Obs\u0142ugujemy pojazdy z ca\u0142ej Polski jak i Europy<\/p>\n<p>\u2705 Rabat -200z\u0142 na ka\u017cdy przegl\u0105d<\/p>\n<p>\u2705 Pierwsze\u0144stwo w zapisach na PRZEGL\u0104DY, SERWIS, DOPOSA\u017bANIE<\/p>\n<p>\u2705 Rabat na Akcesoria i cz\u0119\u015bci do 30% (zale\u017cy od asortymentu)<\/p>\n<p>\u2705 U nas dowiesz si\u0119 o dzia\u0142aniu wszystkich uk\u0142ad\u00f3w w CFMOTO<\/p>\n<p>\u2705 Mniej pyta\u0144 na grupach z zapytaniami bo po to jeste\u015bmy my aby ich udziela\u0107.<\/p>\n<p>\u2705 Ksi\u0105\u017ck\u0119 gwarancyjn\u0105 z ochron\u0105 bezp\u0142atnych napraw u nas w serwisie.<\/p>\n<p>\u2705 Klucze fabryczne serwisowe<\/p>\n<p>\u2705 Teczk\u0119 na dokumenty<\/p>\n<p>\u2705\ufe0f Instrukcj\u0119 obs\u0142ugi papierow\u0105<\/p>\n<p>\u2705 Kart\u0119 sta\u0142ego klienta z rabatami i pierwsze\u0144stwem w zapisach na przegl\u0105dy.<\/p>\n<p>Zapraszamy do naszej siedziby w Otwocku przy ul. \u0141ugi 82<\/p>\n<p>jeste\u015bmy jednymi z najstarszych i do\u015bwiadczonych dealer\u00f3w CFMOTO w Polsce! *Sprawd\u017a opinie o ATV-QUAD. Kupuj tylko u pasjonat\u00f3w marki. B\u0119dziemy z tob\u0105 r\u00f3wnie\u017c po zakupie.<\/p>\n","protected":false},"excerpt":{"rendered":"<p>Star\u0105 niezawodn\u0105 CFMOTO 520 long w Nowej ods\u0142onie &#8211; GOES TERROX 500 long !!! WERSJA\u00a0 z wspomaganiem DOST\u0118PNE od r\u0119ki!&hellip;<\/p>\n","protected":false},"featured_media":11229,"template":"","meta":{"spay_email":""},"product_cat":[15],"product_tag":[],"woo-feed-brand":[],"acf":[],"_links":{"self":[{"href":"https:\/\/www.atvquadotwock.pl\/sklep\/wp-json\/wp\/v2\/product\/11223"}],"collection":[{"href":"https:\/\/www.atvquadotwock.pl\/sklep\/wp-json\/wp\/v2\/product"}],"about":[{"href":"https:\/\/www.atvquadotwock.pl\/sklep\/wp-json\/wp\/v2\/types\/product"}],"wp:featuredmedia":[{"embeddable":true,"href":"https:\/\/www.atvquadotwock.pl\/sklep\/wp-json\/wp\/v2\/media\/11229"}],"wp:attachment":[{"href":"https:\/\/www.atvquadotwock.pl\/sklep\/wp-json\/wp\/v2\/media?parent=11223"}],"wp:term":[{"taxonomy":"product_cat","embeddable":true,"href":"https:\/\/www.atvquadotwock.pl\/sklep\/wp-json\/wp\/v2\/product_cat?post=11223"},{"taxonomy":"product_tag","embeddable":true,"href":"https:\/\/www.atvquadotwock.pl\/sklep\/wp-json\/wp\/v2\/product_tag?post=11223"},{"taxonomy":"woo-feed-brand","embeddable":true,"href":"https:\/\/www.atvquadotwock.pl\/sklep\/wp-json\/wp\/v2\/woo-feed-brand?post=11223"}],"curies":[{"name":"wp","href":"https:\/\/api.w.org\/{rel}","templated":true}]}}