{"id":11175,"date":"2025-12-30T01:26:40","date_gmt":"2025-12-30T01:26:40","guid":{"rendered":"https:\/\/www.atvquadotwock.pl\/sklep\/?post_type=product&#038;p=11175"},"modified":"2026-02-02T09:58:34","modified_gmt":"2026-02-02T09:58:34","slug":"goes-terrox-1000","status":"publish","type":"product","link":"https:\/\/www.atvquadotwock.pl\/sklep\/produkt\/goes-terrox-1000\/","title":{"rendered":"GOES TERROX 1000"},"content":{"rendered":"<div class=\"introduction__ImageWrapper-sc-1467fnm-4 hgWBBP\">\n<div class=\"gatsby-image-wrapper gatsby-image-wrapper-constrained lazy-image__StyledGatsbyImage-sc-1k240yx-0 fWVGAu\" data-gatsby-image-wrapper=\"\">\n<p>GOES TERROX 1000 4&#215;4 ze wspomaganiem DOST\u0118PNE od r\u0119ki! Ju\u017c dzisiaj mo\u017cesz je\u017adzi\u0107!\u00a0 \u00a0Wyst\u0119puje w kilku kolorach szary, czarny, pomara\u0144czowy, camo wojskowy i wiele innych. Zadzwo\u0144 i zapytaj o dost\u0119pno\u015b\u0107 koloru! TYLKO U NAS!<\/p>\n<\/div>\n<p>Fabryczne wyposa\u017cenie PREMIUM:<\/p>\n<p><span class=\"html-span xexx8yu xyri2b x18d9i69 x1c1uobl x1hl2dhg x16tdsg8 x1vvkbs x3nfvp2 x1j61x8r x1fcty0u xdj266r xat24cr xm2jcoa x1mpyi22 xxymvpz xlup9mm x1kky2od\"><img loading=\"lazy\" class=\"xz74otr x15mokao x1ga7v0g x16uus16 xbiv7yw\" src=\"https:\/\/static.xx.fbcdn.net\/images\/emoji.php\/v9\/t33\/1\/16\/2705.png\" alt=\"\u2705\" width=\"16\" height=\"16\" \/><\/span> 8-calowy ekran z CarPlay i nawigacj\u0105<\/p>\n<p><span class=\"html-span xexx8yu xyri2b x18d9i69 x1c1uobl x1hl2dhg x16tdsg8 x1vvkbs x3nfvp2 x1j61x8r x1fcty0u xdj266r xat24cr xm2jcoa x1mpyi22 xxymvpz xlup9mm x1kky2od\"><img loading=\"lazy\" class=\"xz74otr x15mokao x1ga7v0g x16uus16 xbiv7yw\" src=\"https:\/\/static.xx.fbcdn.net\/images\/emoji.php\/v9\/t33\/1\/16\/2705.png\" alt=\"\u2705\" width=\"16\" height=\"16\" \/><\/span> Wyci\u0105garka<\/p>\n<p><span class=\"html-span xexx8yu xyri2b x18d9i69 x1c1uobl x1hl2dhg x16tdsg8 x1vvkbs x3nfvp2 x1j61x8r x1fcty0u xdj266r xat24cr xm2jcoa x1mpyi22 xxymvpz xlup9mm x1kky2od\"><img loading=\"lazy\" class=\"xz74otr x15mokao x1ga7v0g x16uus16 xbiv7yw\" src=\"https:\/\/static.xx.fbcdn.net\/images\/emoji.php\/v9\/t33\/1\/16\/2705.png\" alt=\"\u2705\" width=\"16\" height=\"16\" \/><\/span> Handbary<\/p>\n<p><span class=\"html-span xexx8yu xyri2b x18d9i69 x1c1uobl x1hl2dhg x16tdsg8 x1vvkbs x3nfvp2 x1j61x8r x1fcty0u xdj266r xat24cr xm2jcoa x1mpyi22 xxymvpz xlup9mm x1kky2od\"><img loading=\"lazy\" class=\"xz74otr x15mokao x1ga7v0g x16uus16 xbiv7yw\" src=\"https:\/\/static.xx.fbcdn.net\/images\/emoji.php\/v9\/t33\/1\/16\/2705.png\" alt=\"\u2705\" width=\"16\" height=\"16\" \/> Amortyzatory olejowe<\/span><\/p>\n<div class=\"gatsby-image-wrapper gatsby-image-wrapper-constrained lazy-image__StyledGatsbyImage-sc-1k240yx-0 fWVGAu\" data-gatsby-image-wrapper=\"\">\n<p>DOKUMENTY DO REJESTRACJI OD R\u0118KI! NIE CZEKAJ TYGODNIAMI. U NAS MASZ BEZPO\u015aREDNIO. SPRAWD\u0179 opinie o ATV OTWOCK.<br \/>\nZarezerwuj pojazd ju\u017c dzi\u015b, zostaw SMS. Oddzwonimy!<br \/>\nPOJAZDY S\u0104 OD R\u0118KI U NAS DOST\u0118PNE!<\/p>\n<p>Budujemy r\u00f3wnie\u017c pojazdy indywidualne pod Rajdy, stra\u017c po\u017carn\u0105, policj\u0119 oraz dla firm np. od\u015bnie\u017caj\u0105cych<br \/>\nZobacz nasze filmy w internecie!<\/p>\n<p>OWO\u015a\u0106 w sprzeda\u017cy. Najlepszy stosunek ceny do jako\u015bci. Ponad 90 koni mocy!<br \/>\nGWARANCJA PRODUCENTA 3 LAT<\/p>\n<p>Jako nieliczni w Polsce, posiadamy dost\u0119p do wszystkich magazyn\u00f3w cz\u0119\u015bci GOES, CFMOTO na \u015bwiecie. Zajmujemy si\u0119 tylko t\u0105 mark\u0105! Kupuj bezpo\u015brednio w salonie TYLKO GOES, CFMOTO! To gwarantuje priorytetow\u0105 obs\u0142ug\u0119 po zakupow\u0105.<br \/>\nPosiadamy r\u00f3wnie\u017c wypo\u017cyczalnie tej marki ju\u017c od 2006roku i mo\u017cesz przetestowa\u0107 przed zakupem tylko u nas!<\/p>\n<table border=\"1\" width=\"100%\" cellspacing=\"0\" cellpadding=\"7\">\n<tbody>\n<tr valign=\"TOP\">\n<td width=\"48%\" height=\"40\">\n<h5 style=\"text-align: left;\"><\/h5>\n<h5 style=\"text-align: left;\"><strong><em><span style=\"color: #000000;\"><span style=\"font-family: Arial, sans-serif;\"><span style=\"font-size: small;\">&#8211; Typ silnika <\/span><\/span><\/span><span style=\"color: #000000;\">V-Twin, ch\u0142odzony ciecz\u0105, 4-suwowy, <\/span><\/em><\/strong><\/h5>\n<h5 style=\"text-align: left;\"><strong><em>SOHC, 8-zaworowy <\/em><\/strong><\/h5>\n<h5 style=\"text-align: left;\"><strong><em>&#8211; Pojemno\u015b\u0107 963 cm3 <\/em><\/strong><\/h5>\n<h5 style=\"text-align: left;\"><strong><em><span style=\"font-family: Arial, sans-serif;\"><span style=\"font-size: small;\">&#8211; System paliwowy <\/span><\/span>Bosch EFI <span style=\"font-family: Arial, sans-serif;\"><span style=\"font-size: small;\">Tryby \u2013 zasilania <\/span><\/span>Sport\/Normalny\/Praca <\/em><\/strong><\/h5>\n<h5 style=\"text-align: left;\"><strong><em><span style=\"font-family: Arial, sans-serif;\"><span style=\"font-size: small;\">&#8211; Maksymalna moc <\/span><\/span>90 KM przy 7500 obr.\/min <\/em><\/strong><\/h5>\n<h5 style=\"text-align: left;\"><strong><em><span style=\"font-family: Arial, sans-serif;\"><span style=\"font-size: small;\">&#8211; Maksymalny moment obrotowy <\/span><\/span>85 Nm przy 5500 CVT,<\/em><\/strong><\/h5>\n<h5 style=\"text-align: left;\"><strong><em><span style=\"font-family: Arial, sans-serif;\"><span style=\"font-size: small;\">&#8211; Przenoszenie <\/span><\/span>P-R-N-H-L Blokada<\/em><\/strong><\/h5>\n<h5 style=\"text-align: left;\"><strong><em>&#8211; Nap\u0119d 2WD\/4WD\/4WD (przedni mechanizm r\u00f3\u017cnicowy)<\/em><\/strong><\/h5>\n<h5 style=\"text-align: left;\"><strong><em>&#8211; Kontrola wspomagania zjazdu<\/em><\/strong><\/h5>\n<h5 style=\"text-align: left;\"><strong><em>&#8211; Potr\u00f3jny tryb EPS<\/em><\/strong><\/h5>\n<h5 style=\"text-align: left;\"><strong><em>&#8211; Przednie zawieszenie <span lang=\"pl-PL\">Niezale\u017cny od ramienia A o du\u017cym prze\u015bwicie, <\/span><\/em><\/strong><\/h5>\n<h5 style=\"text-align: left;\"><strong><em>Skok 230 mm <\/em><\/strong><\/h5>\n<h5 style=\"text-align: left;\"><strong><em>&#8211; Tylne zawieszenie Niezale\u017cne rami\u0119 wleczone, <\/em><\/strong><\/h5>\n<h5 style=\"text-align: left;\"><strong><em>-Amortyzatory olejowe<\/em><\/strong><\/h5>\n<h5 style=\"text-align: left;\"><strong><em>&#8211; Opony 28X9.00-14 28X11.00-14<\/em><\/strong><\/h5>\n<h5 style=\"text-align: left;\"><strong><em><span style=\"font-family: Arial, sans-serif;\"><span style=\"font-size: small;\">&#8211; Ko\u0142a 14-calowy aluminiowy<\/span><\/span><\/em><\/strong><\/h5>\n<h5 style=\"text-align: left;\"><strong><em>&#8211; Hydrauliczne hamulce tarczowe na cztery ko\u0142a, zacisk jednot\u0142okowy<\/em><\/strong><\/h5>\n<\/td>\n<td width=\"52%\">\n<h5 style=\"text-align: left;\"><strong><em><span style=\"font-family: Arial, sans-serif;\"><span style=\"font-size: small;\">-Rozstaw osi 1480 mm<\/span><\/span><\/em><\/strong><\/h5>\n<h5 style=\"text-align: left;\"><strong><em><span style=\"font-family: Arial, sans-serif;\"><span style=\"font-size: small;\">-Prze\u015bwit 305mm<\/span><\/span><\/em><\/strong><\/h5>\n<h5 style=\"text-align: left;\"><strong><em><span style=\"font-family: Arial, sans-serif;\"><span style=\"font-size: small;\">-\u015arednica toczenia 6,7 m<\/span><\/span><\/em><\/strong><\/h5>\n<h5 style=\"text-align: left;\"><strong><em><span style=\"font-family: Arial, sans-serif;\"><span style=\"font-size: small;\">-Masa w\u0142asna 472 kg <\/span><\/span><\/em><\/strong><\/h5>\n<h5 style=\"text-align: left;\"><strong><em><span style=\"font-family: Arial, sans-serif;\"><span style=\"font-size: small;\">-Ca\u0142kowity rozmiar pojazdu (DxSxW) 2445 x 1282 x 1465 mm<\/span><\/span><\/em><\/strong><\/h5>\n<h5 style=\"text-align: left;\"><strong><em><span style=\"font-family: Arial, sans-serif;\"><span style=\"font-size: small;\">-\u0141adowno\u015b\u0107 300 kg<\/span><\/span><\/em><\/strong><\/h5>\n<h5 style=\"text-align: left;\"><strong><em><span style=\"font-family: Arial, sans-serif;\"><span style=\"font-size: small;\">-Uci\u0105g 820kg \/ 800kg UE<\/span><\/span><\/em><\/strong><\/h5>\n<h5 style=\"text-align: left;\"><strong><em><span style=\"font-family: Arial, sans-serif;\"><span style=\"font-size: small;\">-pojemno\u015b\u0107 zbiornika paliwa 26L<\/span><\/span><\/em><\/strong><\/h5>\n<h5 style=\"text-align: left;\"><strong><em><span style=\"font-family: Arial, sans-serif;\"><span style=\"font-size: small;\">-Dwa, niezale\u017cne siedzenia pasa\u017cera<\/span><\/span><\/em><\/strong><\/h5>\n<h5 style=\"text-align: left;\"><strong><em><span style=\"font-family: Arial, sans-serif;\"><span style=\"font-size: small;\">z uchwytami<\/span><\/span><\/em><\/strong><\/h5>\n<h5 style=\"text-align: left;\"><strong><em><span style=\"font-family: Arial, sans-serif;\"><span style=\"font-size: small;\">-system cargo CF-Connect,<\/span><\/span><\/em><\/strong><\/h5>\n<h5 style=\"text-align: left;\"><strong><em><span style=\"font-family: Arial, sans-serif;\"><span style=\"font-size: small;\">z wymiennymi stojakami<\/span><\/span><\/em><\/strong><\/h5>\n<h5 style=\"text-align: left;\"><strong><em><span style=\"font-family: Arial, sans-serif;\"><span style=\"font-size: small;\">-Pe\u0142ne o\u015bwietlenie LED<\/span><\/span><\/em><\/strong><\/h5>\n<h5 style=\"text-align: left;\"><strong><em><span style=\"font-family: Arial, sans-serif;\"><span style=\"font-size: small;\">-Wci\u0105garka elektryczna o ud\u017awigu 3500 kg<\/span><\/span><\/em><\/strong><\/h5>\n<h5 style=\"text-align: left;\"><strong><em><span style=\"font-family: Arial, sans-serif;\"><span style=\"font-size: small;\">-8-calowy wy\u015bwietlacz TFT<\/span><\/span><\/em><\/strong><\/h5>\n<h5 style=\"text-align: left;\"><strong><em><span style=\"font-family: Arial, sans-serif;\"><span style=\"font-size: small;\">-T\u0142umik z podw\u00f3jnym wydechem<\/span><\/span><\/em><\/strong><\/h5>\n<h5 style=\"text-align: left;\"><strong><em><span style=\"font-family: Arial, sans-serif;\"><span style=\"font-size: small;\">-Schowek podr\u0119czny o pojemno\u015bci 3,81 l<\/span><\/span><\/em><\/strong><\/h5>\n<h5 style=\"text-align: left;\"><strong><em><span style=\"font-family: Arial, sans-serif;\"><span style=\"font-size: small;\">-podw\u00f3jne gniazda zasilania<\/span><\/span><\/em><\/strong><\/h5>\n<\/td>\n<\/tr>\n<\/tbody>\n<\/table>\n<p>Mo\u017cliwo\u015b\u0107 dom\u00f3wienia dodatkowych akcesori\u00f3w:<br \/>\n\u2013 lampy led prz\u00f3d<br \/>\n\u2013 lampy led ty\u0142<br \/>\n\u2013 kufer prz\u00f3d<\/p>\n<p>\u2013 kufer ty\u0142<br \/>\n\u2013 dystanse<br \/>\n\u2013 p\u0142ug do od\u015bnie\u017cania<br \/>\n\u2013 grzane manetki<br \/>\n\u2013 spody aluminiowe podwozia<br \/>\n\u2013 poszerze\u0144<br \/>\n\u2013 relocator oraz snorkle<br \/>\n&#8211; lift zawieszenia<br \/>\nI wiele innych wed\u0142ug \u017cycze\u0144 klienta. Budujemy pojazdy na ca\u0142\u0105 Polsk\u0119.<\/p>\n<p>Finansowanie:<br \/>\n\u2013 KREDYT dla osoby prywatnej (ALIOR, BNP PARIBAS, BANK PKO)<br \/>\n\u2013 LEASING dla firm (IDEA BANK, BNP PARIBAS, EUROPEJSKI FUNDUSZ LEASINGOWY, BANK PKO)<\/p>\n<p>Mo\u017cliwy kredyt lub leasing.<br \/>\nMo\u017cliwy transport na terenie ca\u0142ego kraju.<\/p>\n<p>Jako pierwsi w Polsce wprowadzili\u015bmy us\u0142ug\u0119 dotarcia maszyny i zrobienie pierwszego przegl\u0105du po 100km. Us\u0142uga docierania jest bezp\u0142atna przy zakupie u nas pojazdu. To jest \u015bwietne rozwi\u0105zanie dla klient\u00f3w z daleka, gdy\u017c nie musz\u0105 zjawia\u0107 po 100km a dopiero przy 1100km. Nasz team specjalist\u00f3w dotrze wed\u0142ug naszych procedur. Wybierz salon i serwis z pasj\u0105! Przeczytaj opinie o ATV OTWOCK.<\/p>\n<p>Pami\u0119tajcie \u017ce Kupuj\u0105c u nas, macie:<br \/>\n\u2705\ufe0f PRZEGL\u0104D ROZSZERZONY OT-0 BEZP\u0141ATNY<br \/>\n\u2705\ufe0f Komplet dokument\u00f3w do rejestracji<br \/>\n\u2705\ufe0f Faktur\u0119 vat brutto. Osoby prywatne s\u0105 zwolnione z podatku PCC.<br \/>\n\u2705\ufe0f Przegl\u0105dy nast\u0119pne rzetelne i uczciwe. Sprawd\u017a opinie o naszym serwisie.<br \/>\n\u2705 Sta\u0142y kontakt na messengerze, telefoniczny oraz mailowy.<br \/>\n\u2705 Profesjonaln\u0105 obs\u0142ug\u0119<br \/>\n\u2705 Pot\u0119\u017cn\u0105 wiedz\u0119 od A do Z je\u015bli chodzi o CFMOTO. Obs\u0142ugujemy pojazdy z ca\u0142ej Polski jak i Europy<br \/>\n\u2705 Rabat -200z\u0142 na ka\u017cdy przegl\u0105d<br \/>\n\u2705 Pierwsze\u0144stwo w zapisach na PRZEGL\u0104DY, SERWIS, DOPOSA\u017bANIE<br \/>\n\u2705 Rabat na Akcesoria i cz\u0119\u015bci do 30% (zale\u017cy od asortymentu)<br \/>\n\u2705 U nas dowiesz si\u0119 o dzia\u0142aniu wszystkich uk\u0142ad\u00f3w w CFMOTO<br \/>\n\u2705 Mniej pyta\u0144 na grupach z zapytaniami bo po to jeste\u015bmy my aby ich udziela\u0107.<br \/>\n\u2705 Ksi\u0105\u017ck\u0119 gwarancyjn\u0105 z ochron\u0105 bezp\u0142atnych napraw u nas w serwisie.<br \/>\n\u2705 Klucze fabryczne serwisowe<br \/>\n\u2705 Teczk\u0119 na dokumenty<br \/>\n\u2705\ufe0f Instrukcj\u0119 obs\u0142ugi papierow\u0105<br \/>\n\u2705 Kart\u0119 sta\u0142ego klienta z rabatami i pierwsze\u0144stwem w zapisach na przegl\u0105dy.<\/p>\n<p>Zapraszamy do naszej siedziby w Otwocku przy ul. \u0141ugi 82<br \/>\njeste\u015bmy jednymi z najstarszych i do\u015bwiadczonych dealer\u00f3w CFMOTO w Polsce! *Sprawd\u017a opinie o ATV-QUAD. Kupuj tylko u pasjonat\u00f3w marki. B\u0119dziemy z tob\u0105 r\u00f3wnie\u017c po zakupie.<\/p>\n<\/div>\n<\/div>\n<div class=\"introduction__TextWrapper-sc-1467fnm-5 dHUywq\">\n<div class=\"introduction__ImageWrapper-sc-1467fnm-4 hgWBBP\">\n<div data-gatsby-image-wrapper=\"\">\n<div class=\"accordion__heading\" role=\"heading\" data-accordion-component=\"AccordionItemHeading\" aria-level=\"3\">\n<div id=\"accordion__heading-:r3:\" class=\"specification__StyledAccordionItemButton-sc-1qyw43l-4 bEGGCk\" tabindex=\"0\" role=\"button\" aria-disabled=\"false\" aria-expanded=\"true\" aria-controls=\"accordion__panel-:r3:\" data-accordion-component=\"AccordionItemButton\">\n<div id=\"accordion__panel-:r3:\" class=\"specification__StyledAccordionItemPanel-sc-1qyw43l-5 eavoBI\" data-accordion-component=\"AccordionItemPanel\">\n<div class=\"specification__TechnicalDataItem-sc-1qyw43l-6 deiaMj\">\n<p><strong>ZAPRASZAMY DO NASZEGO AUTORYZOWANEGO SERWISU CF MOTO<\/strong><br \/>\n<strong>ATV-QUAD<\/strong><br \/>\n<strong>facebook.com\/quadyotwock<\/strong><br \/>\n<strong>Otwock ul. \u0141ugi 82<\/strong><br \/>\n<strong>Tel. 508 608 208 lub <\/strong><strong>E-mail:\u00a0<em>sklep@atvquadotwock.pl<\/em><\/strong><\/p>\n<\/div>\n<\/div>\n<\/div>\n<\/div>\n<\/div>\n<\/div>\n<\/div>\n","protected":false},"excerpt":{"rendered":"<p>GOES TERROX 1000 4&#215;4 ze wspomaganiem DOST\u0118PNE od r\u0119ki! Ju\u017c dzisiaj mo\u017cesz je\u017adzi\u0107!\u00a0 \u00a0Wyst\u0119puje w kilku kolorach szary, czarny, pomara\u0144czowy,&hellip;<\/p>\n","protected":false},"featured_media":11177,"template":"","meta":{"spay_email":""},"product_cat":[131,132,136,15,48],"product_tag":[],"woo-feed-brand":[],"acf":[],"_links":{"self":[{"href":"https:\/\/www.atvquadotwock.pl\/sklep\/wp-json\/wp\/v2\/product\/11175"}],"collection":[{"href":"https:\/\/www.atvquadotwock.pl\/sklep\/wp-json\/wp\/v2\/product"}],"about":[{"href":"https:\/\/www.atvquadotwock.pl\/sklep\/wp-json\/wp\/v2\/types\/product"}],"wp:featuredmedia":[{"embeddable":true,"href":"https:\/\/www.atvquadotwock.pl\/sklep\/wp-json\/wp\/v2\/media\/11177"}],"wp:attachment":[{"href":"https:\/\/www.atvquadotwock.pl\/sklep\/wp-json\/wp\/v2\/media?parent=11175"}],"wp:term":[{"taxonomy":"product_cat","embeddable":true,"href":"https:\/\/www.atvquadotwock.pl\/sklep\/wp-json\/wp\/v2\/product_cat?post=11175"},{"taxonomy":"product_tag","embeddable":true,"href":"https:\/\/www.atvquadotwock.pl\/sklep\/wp-json\/wp\/v2\/product_tag?post=11175"},{"taxonomy":"woo-feed-brand","embeddable":true,"href":"https:\/\/www.atvquadotwock.pl\/sklep\/wp-json\/wp\/v2\/woo-feed-brand?post=11175"}],"curies":[{"name":"wp","href":"https:\/\/api.w.org\/{rel}","templated":true}]}}