{"id":11159,"date":"2025-12-30T01:09:28","date_gmt":"2025-12-30T01:09:28","guid":{"rendered":"https:\/\/www.atvquadotwock.pl\/sklep\/?post_type=product&#038;p=11159"},"modified":"2025-12-30T01:11:29","modified_gmt":"2025-12-30T01:11:29","slug":"cfmoto-cforce-520l-long-t3b","status":"publish","type":"product","link":"https:\/\/www.atvquadotwock.pl\/sklep\/produkt\/cfmoto-cforce-520l-long-t3b\/","title":{"rendered":"CFMOTO CFORCE 520L long T3B"},"content":{"rendered":"<p dir=\"ltr\">Zadzwo\u0144 i zapytaj o aktualne promocje i dost\u0119pno\u015b\u0107 pojazd\u00f3w!<\/p>\n<p dir=\"ltr\">Posiadamy te\u017c wersje kr\u00f3tkie z wspomaganiem, bez wspomagania. inne kolory, czarne, szare, niebieskie, zielone i inne na zam\u00f3wienie!<\/p>\n<p dir=\"ltr\">5 lat gwarancji.<\/p>\n<p dir=\"ltr\">DOST\u0118PNE od r\u0119ki! Ju\u017c dzisiaj mo\u017cesz je\u017adzi\u0107! CENA BRUTTO!<\/p>\n<p dir=\"ltr\">DOKUMENTY DO REJESTRACJI OD R\u0118KI! NIE CZEKAJ TYGODNIAMI. U NAS MASZ BEZPO\u015aREDNIO. SPRAWD\u0179 opinie o ATV OTWOCK. MY DAJEMY gratis NAJLEPSZ\u0104 OPIEK\u0118 PO SPRZEDA\u017bY i serwis z prawdziwego zdarzenia. CZYTAJ OPINIE! ogl\u0105daj filmy w internecie nasze. Popytaj znajomych.<\/p>\n<p dir=\"ltr\">Specyfikacja \/ Wyposa\u017cenie:<\/p>\n<p dir=\"ltr\">\u2705 Silnik 495 cm\u00b3, 38 KM<\/p>\n<p dir=\"ltr\">\u2705 Nap\u0119d 2&#215;4 \/ 4&#215;4 z blokad\u0105 przedniego dyfra<\/p>\n<p dir=\"ltr\">\u2705 Homologacja T3b \u2013 legalna jazda po drogach<\/p>\n<p dir=\"ltr\">\u2705 Wyci\u0105garka 3000 lbs<\/p>\n<p dir=\"ltr\">\u2705 Hak holowniczy<\/p>\n<p dir=\"ltr\">\u2705 Amortyzatory olejowe z regulacj\u0105<\/p>\n<p dir=\"ltr\">\u2705 Pe\u0142ne o\u015bwietlenie LED z ty\u0142u<\/p>\n<p dir=\"ltr\">\u2705 Gniazdo 12V + USB<\/p>\n<p dir=\"ltr\">\u2705 Baga\u017cnik prz\u00f3d \/ ty\u0142<\/p>\n<p dir=\"ltr\">\u2705 Zawieszenie niezale\u017cne na wahaczach<\/p>\n<p dir=\"ltr\">Zarezerwuj pojazd ju\u017c dzi\u015b, zostaw SMS. Oddzwonimy!<\/p>\n<p dir=\"ltr\">POJAZDY S\u0104 OD R\u0118KI U NAS DOST\u0118PNE!<\/p>\n<p dir=\"ltr\">Budujemy r\u00f3wnie\u017c pojazdy indywidualne pod Rajdy, stra\u017c po\u017carn\u0105, policj\u0119 oraz dla firm np. od\u015bnie\u017caj\u0105cych<\/p>\n<p dir=\"ltr\">Zobacz nasze filmy w internecie!<\/p>\n<p dir=\"ltr\">GWARANCJA PRODUCENTA 60 MIESI\u0118CY! 5 LAT!<\/p>\n<p dir=\"ltr\">Jako nieliczni w Polsce, posiadamy dost\u0119p do wszystkich magazyn\u00f3w cz\u0119\u015bci CFMOTO na \u015bwiecie. Zajmujemy si\u0119 tylko t\u0105 mark\u0105! Kupuj bezpo\u015brednio w salonie TYLKO CFMOTO! To gwarantuje priorytetow\u0105 obs\u0142ug\u0119 po zakupow\u0105.<\/p>\n<p dir=\"ltr\">Posiadamy r\u00f3wnie\u017c wypo\u017cyczalnie tej marki ju\u017c ponad 19lat i mo\u017cesz przetestowa\u0107 przed zakupem tylko u nas!<\/p>\n<p dir=\"ltr\">Mo\u017cliwo\u015b\u0107 dom\u00f3wienia dodatkowych akcesori\u00f3w:<\/p>\n<p dir=\"ltr\">\u2013 lampy led prz\u00f3d<\/p>\n<p dir=\"ltr\">\u2013 lampy led ty\u0142<\/p>\n<p dir=\"ltr\">\u2013 kufer prz\u00f3d<\/p>\n<p dir=\"ltr\">\u2013 kufer ty\u0142<\/p>\n<p dir=\"ltr\">\u2013 dystanse<\/p>\n<p dir=\"ltr\">\u2013 p\u0142ug do od\u015bnie\u017cania<\/p>\n<p dir=\"ltr\">\u2013 grzane manetki<\/p>\n<p dir=\"ltr\">\u2013 spody aluminiowe podwozia<\/p>\n<p dir=\"ltr\">\u2013 poszerze\u0144<\/p>\n<p dir=\"ltr\">\u2013 relocator oraz snorkle<\/p>\n<p dir=\"ltr\">&#8211; lift zawieszenia<\/p>\n<p dir=\"ltr\">I wiele innych wed\u0142ug \u017cycze\u0144 klienta. Budujemy pojazdy na ca\u0142\u0105 Polsk\u0119.<\/p>\n<p dir=\"ltr\">Finansowanie:<\/p>\n<p dir=\"ltr\">\u2013 KREDYT dla osoby prywatnej (ALIOR, BNP PARIBAS, BANK PKO)<\/p>\n<p dir=\"ltr\">\u2013 LEASING dla firm (IDEA BANK, BNP PARIBAS, EUROPEJSKI FUNDUSZ LEASINGOWY, BANK PKO)<\/p>\n<p dir=\"ltr\">Mo\u017cliwy kredyt lub leasing.<\/p>\n<p dir=\"ltr\">Mo\u017cliwy transport na terenie ca\u0142ego kraju.<\/p>\n<p dir=\"ltr\">Jako pierwsi w Polsce wprowadzili\u015bmy us\u0142ug\u0119 dotarcia maszyny i zrobienie pierwszego przegl\u0105du po 100km. Us\u0142uga docierania jest bezp\u0142atna przy zakupie u nas pojazdu. To jest \u015bwietne rozwi\u0105zanie dla klient\u00f3w z daleka, gdy\u017c nie musz\u0105 zjawia\u0107 po 100km a dopiero przy 500km. Nasz team specjalist\u00f3w dotrze wed\u0142ug naszych procedur. Wybierz salon i serwis z pasj\u0105! Przeczytaj opinie o ATV OTWOCK.<\/p>\n<p dir=\"ltr\">Pami\u0119tajcie \u017ce Kupuj\u0105c u nas, macie:<\/p>\n<p dir=\"ltr\">\u2705\ufe0f PRZEGL\u0104D ROZSZERZONY plus ultra OT-0 BEZP\u0141ATNY (sk\u0142adanie pojazdu nowego i sprawdzanie wszystkiego)<\/p>\n<p dir=\"ltr\">\u2705\ufe0f Komplet dokument\u00f3w do rejestracji<\/p>\n<p dir=\"ltr\">\u2705\ufe0f Faktur\u0119 vat brutto. Osoby prywatne s\u0105 zwolnione z podatku PCC.<\/p>\n<p dir=\"ltr\">\u2705\ufe0f Przegl\u0105dy nast\u0119pne rzetelne i uczciwe. Sprawd\u017a opinie o naszym serwisie.<\/p>\n<p dir=\"ltr\">\u2705 Sta\u0142y kontakt na messengerze, telefoniczny oraz mailowy.<\/p>\n<p dir=\"ltr\">\u2705 Profesjonaln\u0105 obs\u0142ug\u0119<\/p>\n<p dir=\"ltr\">\u2705 Pot\u0119\u017cn\u0105 wiedz\u0119 od A do Z je\u015bli chodzi o CFMOTO. Obs\u0142ugujemy pojazdy z ca\u0142ej Polski jak i Europy<\/p>\n<p dir=\"ltr\">\u2705 Rabat -300z\u0142 na ka\u017cdy przegl\u0105d<\/p>\n<p dir=\"ltr\">\u2705 Pierwsze\u0144stwo w zapisach na PRZEGL\u0104DY, SERWIS, DOPOSA\u017bANIE<\/p>\n<p dir=\"ltr\">\u2705 Rabat na Akcesoria i cz\u0119\u015bci do 30% (zale\u017cy od asortymentu)<\/p>\n<p dir=\"ltr\">\u2705 U nas dowiesz si\u0119 o dzia\u0142aniu wszystkich uk\u0142ad\u00f3w w CFMOTO<\/p>\n<p dir=\"ltr\">\u2705 Mniej pyta\u0144 na grupach z zapytaniami bo po to jeste\u015bmy my aby ich udziela\u0107.<\/p>\n<p dir=\"ltr\">\u2705 Ksi\u0105\u017ck\u0119 gwarancyjn\u0105 z ochron\u0105 bezp\u0142atnych napraw u nas w serwisie.<\/p>\n<p dir=\"ltr\">\u2705 Klucze fabryczne serwisowe<\/p>\n<p dir=\"ltr\">\u2705 Teczk\u0119 na dokumenty<\/p>\n<p dir=\"ltr\">\u2705\ufe0f Instrukcj\u0119 obs\u0142ugi papierow\u0105<\/p>\n<p dir=\"ltr\">\u2705 Kart\u0119 sta\u0142ego klienta z rabatami i pierwsze\u0144stwem w zapisach na przegl\u0105dy.<\/p>\n<p dir=\"ltr\">Zapraszamy do naszej siedziby w Otwocku przy ul. \u0141ugi 82<\/p>\n<p dir=\"ltr\">jeste\u015bmy jednymi z najstarszych i do\u015bwiadczonych dealer\u00f3w CFMOTO w Polsce! *Sprawd\u017a opinie o ATV-QUAD. Kupuj tylko u pasjonat\u00f3w marki. B\u0119dziemy z tob\u0105 r\u00f3wnie\u017c po zakupie.<\/p>\n","protected":false},"excerpt":{"rendered":"<p>Zadzwo\u0144 i zapytaj o aktualne promocje i dost\u0119pno\u015b\u0107 pojazd\u00f3w! Posiadamy te\u017c wersje kr\u00f3tkie z wspomaganiem, bez wspomagania. inne kolory, czarne,&hellip;<\/p>\n","protected":false},"featured_media":11164,"template":"","meta":{"spay_email":""},"product_cat":[125,15],"product_tag":[],"woo-feed-brand":[],"acf":[],"_links":{"self":[{"href":"https:\/\/www.atvquadotwock.pl\/sklep\/wp-json\/wp\/v2\/product\/11159"}],"collection":[{"href":"https:\/\/www.atvquadotwock.pl\/sklep\/wp-json\/wp\/v2\/product"}],"about":[{"href":"https:\/\/www.atvquadotwock.pl\/sklep\/wp-json\/wp\/v2\/types\/product"}],"wp:featuredmedia":[{"embeddable":true,"href":"https:\/\/www.atvquadotwock.pl\/sklep\/wp-json\/wp\/v2\/media\/11164"}],"wp:attachment":[{"href":"https:\/\/www.atvquadotwock.pl\/sklep\/wp-json\/wp\/v2\/media?parent=11159"}],"wp:term":[{"taxonomy":"product_cat","embeddable":true,"href":"https:\/\/www.atvquadotwock.pl\/sklep\/wp-json\/wp\/v2\/product_cat?post=11159"},{"taxonomy":"product_tag","embeddable":true,"href":"https:\/\/www.atvquadotwock.pl\/sklep\/wp-json\/wp\/v2\/product_tag?post=11159"},{"taxonomy":"woo-feed-brand","embeddable":true,"href":"https:\/\/www.atvquadotwock.pl\/sklep\/wp-json\/wp\/v2\/woo-feed-brand?post=11159"}],"curies":[{"name":"wp","href":"https:\/\/api.w.org\/{rel}","templated":true}]}}