{"id":11135,"date":"2025-12-30T00:45:08","date_gmt":"2025-12-30T00:45:08","guid":{"rendered":"https:\/\/www.atvquadotwock.pl\/sklep\/?post_type=product&#038;p=11135"},"modified":"2025-12-30T00:45:08","modified_gmt":"2025-12-30T00:45:08","slug":"cfmoto-800mtx","status":"publish","type":"product","link":"https:\/\/www.atvquadotwock.pl\/sklep\/produkt\/cfmoto-800mtx\/","title":{"rendered":"CFMOTO 800MTX"},"content":{"rendered":"<p>DWA KOLORY do wybory!<\/p>\n<p>MO\u017bLIWO\u015a\u0106 TYLKO U NAS! MAPY TUNINGOWEJ PODNOSZ\u0104C\u0104 MOC BEZ UTRATY GWARANCJI!<\/p>\n<p>TYP SILNIKA<\/p>\n<p>Typ silnika<\/p>\n<p>Dwucylindrowy, rz\u0119dowy, ch\u0142odzony ciecz\u0105, EFI, 8 zawor\u00f3w, DOHC<\/p>\n<p>Pojemno\u015b\u0107<\/p>\n<p>799 cc<\/p>\n<p>Maksymalna moc<\/p>\n<p>95 KM\/8500 rpm<\/p>\n<p>D\u0142ugo\u015b\u0107 x szeroko\u015b\u0107 x wysoko\u015b\u0107<\/p>\n<p>2288 x 945 x 1426 mm<\/p>\n<p>Masa<\/p>\n<p>220 kg<\/p>\n<p>pojemno\u015b\u0107 baku 22.5l<\/p>\n<p>WYSOKO\u015a\u0106 SIEDZISKA 830mm, 870 mm (KANAPA PODWY\u017bSZANA)<\/p>\n<p>Jako nieliczni w Polsce, posiadamy dost\u0119p do wszystkich magazyn\u00f3w cz\u0119\u015bci CFMOTO na \u015bwiecie. Zajmujemy si\u0119 tylko t\u0105 mark\u0105!<\/p>\n<p>Posiadamy wypo\u017cyczalnie tej marki ju\u017c ponad 19lat i mo\u017cesz przetestowa\u0107 tylko u nas przed zakupem.<\/p>\n<p>Mo\u017cliwo\u015b\u0107 dom\u00f3wienia dodatkowych akcesori\u00f3w:<\/p>\n<p>&#8211; lampy led prz\u00f3d<\/p>\n<p>&#8211; kufry<\/p>\n<p>&#8211; sakwy<\/p>\n<p>&#8211; gmole<\/p>\n<p>&#8211; handbary<\/p>\n<p>I wiele innych.<\/p>\n<p>Finansowanie:<\/p>\n<p>\u2013 KREDYT dla osoby prywatnej (ALIOR, BNP PARIBAS, BANK PKO)<\/p>\n<p>\u2013 LEASING dla firm (IDEA BANK, BNP PARIBAS, EUROPEJSKI FUNDUSZ LEASINGOWY, BANK PKO)<\/p>\n<p>Mo\u017cliwy kredyt lub leasing.<\/p>\n<p>Mo\u017cliwy transport na terenie ca\u0142ego kraju.<\/p>\n<p>Pami\u0119tajcie \u017ce Kupuj\u0105c u nas, macie:<\/p>\n<p>\u2705\ufe0f PRZEGL\u0104D OT-0 BEZP\u0141ATNY<\/p>\n<p>\u2705\ufe0f Przegl\u0105dy nast\u0119pne rzetelne i uczciwe. Sprawd\u017a opinie o naszym serwisie.<\/p>\n<p>\u2705 Sta\u0142y kontakt na messengerze, telefoniczny oraz mailowy.<\/p>\n<p>\u2705 Profesjonaln\u0105 obs\u0142ug\u0119<\/p>\n<p>\u2705 Pot\u0119\u017cn\u0105 wiedz\u0119 od A do Z je\u015bli chodzi o CFMOTO. Obs\u0142ugujemy pojazdy z ca\u0142ej Polski jak i Europy<\/p>\n<p>\u2705 Rabat -200z\u0142 na ka\u017cdy przegl\u0105d<\/p>\n<p>\u2705 Pierwsze\u0144stwo w zapisach na PRZEGL\u0104DY, SERWIS, DOPOSA\u017bANIE<\/p>\n<p>\u2705 Rabat na Akcesoria i cz\u0119\u015bci do 30% (zale\u017cy od asortymentu)<\/p>\n<p>\u2705 U nas dowiesz si\u0119 o dzia\u0142aniu wszystkich uk\u0142ad\u00f3w w CFMOTO<\/p>\n<p>\u2705 Mniej pyta\u0144 na grupach tematycznych z pytaniami bo po to jeste\u015bmy my aby ich udziela\u0107.<\/p>\n<p>Zapraszamy do naszej siedziby w Otwocku przy ul. \u0141ugi 82<\/p>\n<p>jeste\u015bmy jednymi z najstarszych i do\u015bwiadczonych dealer\u00f3w CFMOTO w Polsce! *Sprawd\u017a opinie o ATV-QUAD. Kupuj tylko u pasjonat\u00f3w marki. B\u0119dziemy z tob\u0105 r\u00f3wnie\u017c po zakupie. Wybierz salon i serwis z pasj\u0105!<\/p>\n","protected":false},"excerpt":{"rendered":"<p>DWA KOLORY do wybory! MO\u017bLIWO\u015a\u0106 TYLKO U NAS! MAPY TUNINGOWEJ PODNOSZ\u0104C\u0104 MOC BEZ UTRATY GWARANCJI! TYP SILNIKA Typ silnika Dwucylindrowy,&hellip;<\/p>\n","protected":false},"featured_media":11140,"template":"","meta":{"spay_email":""},"product_cat":[117],"product_tag":[],"woo-feed-brand":[],"acf":[],"_links":{"self":[{"href":"https:\/\/www.atvquadotwock.pl\/sklep\/wp-json\/wp\/v2\/product\/11135"}],"collection":[{"href":"https:\/\/www.atvquadotwock.pl\/sklep\/wp-json\/wp\/v2\/product"}],"about":[{"href":"https:\/\/www.atvquadotwock.pl\/sklep\/wp-json\/wp\/v2\/types\/product"}],"wp:featuredmedia":[{"embeddable":true,"href":"https:\/\/www.atvquadotwock.pl\/sklep\/wp-json\/wp\/v2\/media\/11140"}],"wp:attachment":[{"href":"https:\/\/www.atvquadotwock.pl\/sklep\/wp-json\/wp\/v2\/media?parent=11135"}],"wp:term":[{"taxonomy":"product_cat","embeddable":true,"href":"https:\/\/www.atvquadotwock.pl\/sklep\/wp-json\/wp\/v2\/product_cat?post=11135"},{"taxonomy":"product_tag","embeddable":true,"href":"https:\/\/www.atvquadotwock.pl\/sklep\/wp-json\/wp\/v2\/product_tag?post=11135"},{"taxonomy":"woo-feed-brand","embeddable":true,"href":"https:\/\/www.atvquadotwock.pl\/sklep\/wp-json\/wp\/v2\/woo-feed-brand?post=11135"}],"curies":[{"name":"wp","href":"https:\/\/api.w.org\/{rel}","templated":true}]}}