{"id":1113,"date":"2020-08-10T13:15:35","date_gmt":"2020-08-10T13:15:35","guid":{"rendered":"https:\/\/www.atvquadotwock.pl\/sklep\/?post_type=product&#038;p=1113"},"modified":"2020-08-10T17:45:11","modified_gmt":"2020-08-10T17:45:11","slug":"napinacz-lancucha-rozrzadu-cf-moto-450-520-550-600-625-0gr0-023400","status":"publish","type":"product","link":"https:\/\/www.atvquadotwock.pl\/sklep\/produkt\/napinacz-lancucha-rozrzadu-cf-moto-450-520-550-600-625-0gr0-023400\/","title":{"rendered":"NAPINACZ \u0141A\u0143CUCHA ROZRZ\u0104DU CF MOTO 450 520 550 600 625 0GR0-023400"},"content":{"rendered":"<p>NAPINACZ \u0141A\u0143CUCHA ROZRZ\u0104DU<br \/>\npasuje do:<br \/>\nCF MOTO 450 520 550 600 625 <\/p>\n<p>kod produktu: 0GR0-023400<\/p>\n<p>Szukasz innych cz\u0119\u015bci do CFMOTO?<br \/>\nNapisz lub zadzwo\u0144. Tw\u00f3j autoryzowany dealer CFMOTO.<\/p>\n<p>Sklep ATV-QUAD<br \/>\n05-400 Otwock ul. \u0141ugi 82<br \/>\nCzynny<br \/>\nod Poniedzia\u0142ku do Pi\u0105tku<br \/>\n10:00 &#8211; 18:00<\/p>\n<p>Wysy\u0142ki codziennie realizujemy.<\/p>\n","protected":false},"excerpt":{"rendered":"<p>NAPINACZ \u0141A\u0143CUCHA ROZRZ\u0104DU pasuje do: CF MOTO 450 520 550 600 625 kod produktu: 0GR0-023400 Szukasz innych cz\u0119\u015bci do CFMOTO?&hellip;<\/p>\n","protected":false},"featured_media":1114,"template":"","meta":{"spay_email":""},"product_cat":[48],"product_tag":[],"woo-feed-brand":[],"acf":[],"_links":{"self":[{"href":"https:\/\/www.atvquadotwock.pl\/sklep\/wp-json\/wp\/v2\/product\/1113"}],"collection":[{"href":"https:\/\/www.atvquadotwock.pl\/sklep\/wp-json\/wp\/v2\/product"}],"about":[{"href":"https:\/\/www.atvquadotwock.pl\/sklep\/wp-json\/wp\/v2\/types\/product"}],"wp:featuredmedia":[{"embeddable":true,"href":"https:\/\/www.atvquadotwock.pl\/sklep\/wp-json\/wp\/v2\/media\/1114"}],"wp:attachment":[{"href":"https:\/\/www.atvquadotwock.pl\/sklep\/wp-json\/wp\/v2\/media?parent=1113"}],"wp:term":[{"taxonomy":"product_cat","embeddable":true,"href":"https:\/\/www.atvquadotwock.pl\/sklep\/wp-json\/wp\/v2\/product_cat?post=1113"},{"taxonomy":"product_tag","embeddable":true,"href":"https:\/\/www.atvquadotwock.pl\/sklep\/wp-json\/wp\/v2\/product_tag?post=1113"},{"taxonomy":"woo-feed-brand","embeddable":true,"href":"https:\/\/www.atvquadotwock.pl\/sklep\/wp-json\/wp\/v2\/woo-feed-brand?post=1113"}],"curies":[{"name":"wp","href":"https:\/\/api.w.org\/{rel}","templated":true}]}}