{"id":11129,"date":"2025-12-30T00:41:09","date_gmt":"2025-12-30T00:41:09","guid":{"rendered":"https:\/\/www.atvquadotwock.pl\/sklep\/?post_type=product&#038;p=11129"},"modified":"2025-12-30T00:41:09","modified_gmt":"2025-12-30T00:41:09","slug":"cfmoto-800mt-explore","status":"publish","type":"product","link":"https:\/\/www.atvquadotwock.pl\/sklep\/produkt\/cfmoto-800mt-explore\/","title":{"rendered":"CFMOTO 800MT EXPLORE"},"content":{"rendered":"<p>Oficjalny DEALER na Polsk\u0119 CFMOTO prezentuje:<br \/>\nCFMOTO MT800 EXPLORE Z GPS-CarPlay<\/p>\n<p>5 lat gwarancji!<\/p>\n<p>800MT Explore to zaktualizowana i ulepszona wersja 800MT. Ma pot\u0119\u017cn\u0105 moc i ogromne mo\u017cliwo\u015bci podczas jazdy na d\u0142ugich dystansach. 8-calowy, w pe\u0142ni laminowany wy\u015bwietlacz TFT, wyposa\u017cony jest w mikrokontroler klasy samochodowej, zapewniaj\u0105cy wyra\u017ane efekty wizualne i p\u0142ynn\u0105 obs\u0142ug\u0119 jak na tablecie. Wodoodporny i py\u0142oszczelny IP67, w pe\u0142ni zdolny s\u0142u\u017cy\u0107 jako drugie urz\u0105dzenie mobilne. Interwencja uk\u0142adu kontroli trakcji TCS poprawia przyczepno\u015b\u0107 i stabilno\u015b\u0107 pojazdu, pomagaj\u0105c zapobiega\u0107 po\u015blizgowi k\u00f3\u0142 i utracie kontroli, tylny radar RDS z CarPlay kompatybilny z aplikacj\u0105 Apple.<\/p>\n<p>4 tryby jazdy do wyboru Sport\/Deszcz\/Off-road\/All Terrain, wygodnie umieszczone na wielofunkcyjnej kierownicy, mog\u0105 by\u0107 r\u00f3wnie\u017c u\u017cywane do sprawdzania ci\u015bnienia w oponach z poziomu menu, umo\u017cliwiaj\u0105c kierowcom dostosowanie wra\u017ce\u0144 zgodnie z ich preferencjami i warunkami na drodze. Podczas jazdy na d\u0142ugich dystansach funkcja Cruise Control zapewnia wygod\u0119 i brak wysi\u0142ku, umo\u017cliwiaj\u0105c kierowcom utrzymanie pr\u0119dko\u015bci do 120 km\/h.<\/p>\n<p>Wystawiamy Faktur\u0119 VAT! Kupuj\u0105cy zwolniony z podatku pcc.<\/p>\n<p>POJAZD fabrycznie NOWY.<\/p>\n<p>Typ silnika<br \/>\nDwucylindrowy, rz\u0119dowy, ch\u0142odzony ciecz\u0105, 8-zaworowy, EFI, DOHC<br \/>\nPojemno\u015bc silnika 799 cm3<br \/>\n\u015arednica x skok 88,0 \u00d7 65,7 mm<br \/>\nMoc 95 KM\/9000 rpm maks. moment obrotowy 77 Nm przy 6500 obr.\/min<br \/>\nStopie\u0144 spr\u0119\u017cania 12,7:1<br \/>\nsprz\u0119g\u0142o wielotarczowe, antypo\u015blizgowe<br \/>\nPrzepustnica- Elektroniczny Tryb zasilania Sport, Deszcz<\/p>\n<p>wymiary: d\u0142ugo\u015b\u0107 x szeroko\u015b\u0107 x wysoko\u015b\u0107 2234 x 853 x 1277 mm<br \/>\nrozstaw osi 1531 mm<br \/>\nwysoko\u015b\u0107 siedzenia 825 mm<br \/>\npojemno\u015b\u0107 baku 19 L<br \/>\nmasa w\u0142asna 231 kg<br \/>\nOpona prz\u00f3d 110\/80 R19 MICHELIN Tubeless Tire<br \/>\nOpona Ty\u0142 150\/70 R17 MICHELIN Tubeless Tire<\/p>\n<p>Przedni hamulec podw\u00f3jna tarcza<br \/>\npromieniowy, sta\u0142y zacisk 320mm<br \/>\nTylny hamulec pojedynczy dysk 260mm<br \/>\nReflektory LED (\u015bwiat\u0142a mijania zawsze w\u0142\u0105czone)<br \/>\nPanel 8-calowy dotykowy wy\u015bwietlacz MMI<\/p>\n<p>Jako nieliczni w Polsce, posiadamy dost\u0119p do wszystkich magazyn\u00f3w cz\u0119\u015bci CFMOTO na \u015bwiecie. Zajmujemy si\u0119 tylko t\u0105 mark\u0105!<br \/>\nPosiadamy wypo\u017cyczalnie tej marki ju\u017c od 2006r i mo\u017cesz przetestowa\u0107 tylko u nas przed zakupem.<\/p>\n<p>Mo\u017cliwo\u015b\u0107 dom\u00f3wienia dodatkowych akcesori\u00f3w:<br \/>\n&#8211; lampy led prz\u00f3d<br \/>\n&#8211; kufry<br \/>\n&#8211; sakwy<br \/>\n&#8211; gmole<br \/>\n&#8211; handbary<br \/>\nI wiele innych.<\/p>\n<p>Finansowanie:<br \/>\n\u2013 KREDYT dla osoby prywatnej (ALIOR, BNP PARIBAS, BANK PKO)<br \/>\n\u2013 LEASING dla firm (IDEA BANK, BNP PARIBAS, EUROPEJSKI FUNDUSZ LEASINGOWY, BANK PKO)<\/p>\n<p>Mo\u017cliwy kredyt lub leasing.<br \/>\nMo\u017cliwy transport na terenie ca\u0142ego kraju.<\/p>\n<p>Pami\u0119tajcie \u017ce Kupuj\u0105c u nas, macie:<br \/>\n\u2705\ufe0f PRZEGL\u0104D OT-0 BEZP\u0141ATNY<br \/>\n\u2705\ufe0f Przegl\u0105dy nast\u0119pne rzetelne i uczciwe. Sprawd\u017a opinie o naszym serwisie.<br \/>\n\u2705 Sta\u0142y kontakt na messengerze, telefoniczny oraz mailowy.<br \/>\n\u2705 Profesjonaln\u0105 obs\u0142ug\u0119<br \/>\n\u2705 Pot\u0119\u017cn\u0105 wiedz\u0119 od A do Z je\u015bli chodzi o CFMOTO. Obs\u0142ugujemy pojazdy z ca\u0142ej Polski jak i Europy<br \/>\n\u2705 Rabat -200z\u0142 na ka\u017cdy przegl\u0105d<br \/>\n\u2705 Pierwsze\u0144stwo w zapisach na PRZEGL\u0104DY, SERWIS, DOPOSA\u017bANIE<br \/>\n\u2705 Rabat na Akcesoria i cz\u0119\u015bci do 30% (zale\u017cy od asortymentu)<br \/>\n\u2705 U nas dowiesz si\u0119 o dzia\u0142aniu wszystkich uk\u0142ad\u00f3w w CFMOTO<br \/>\n\u2705 Mniej pyta\u0144 na grupach tematycznych z pytaniami bo po to jeste\u015bmy my aby ich udziela\u0107.<\/p>\n<p>Zapraszamy do naszej siedziby w Otwocku przy ul. \u0141ugi 82<br \/>\njeste\u015bmy jednymi z najstarszych i do\u015bwiadczonych dealer\u00f3w CFMOTO w Polsce! *Sprawd\u017a opinie o ATV-QUAD. Kupuj tylko u pasjonat\u00f3w marki. B\u0119dziemy z tob\u0105 r\u00f3wnie\u017c po zakupie. Wybierz salon i serwis z pasj\u0105!<\/p>\n","protected":false},"excerpt":{"rendered":"<p>Oficjalny DEALER na Polsk\u0119 CFMOTO prezentuje: CFMOTO MT800 EXPLORE Z GPS-CarPlay 5 lat gwarancji! 800MT Explore to zaktualizowana i ulepszona&hellip;<\/p>\n","protected":false},"featured_media":11131,"template":"","meta":{"spay_email":""},"product_cat":[117],"product_tag":[],"woo-feed-brand":[],"acf":[],"_links":{"self":[{"href":"https:\/\/www.atvquadotwock.pl\/sklep\/wp-json\/wp\/v2\/product\/11129"}],"collection":[{"href":"https:\/\/www.atvquadotwock.pl\/sklep\/wp-json\/wp\/v2\/product"}],"about":[{"href":"https:\/\/www.atvquadotwock.pl\/sklep\/wp-json\/wp\/v2\/types\/product"}],"wp:featuredmedia":[{"embeddable":true,"href":"https:\/\/www.atvquadotwock.pl\/sklep\/wp-json\/wp\/v2\/media\/11131"}],"wp:attachment":[{"href":"https:\/\/www.atvquadotwock.pl\/sklep\/wp-json\/wp\/v2\/media?parent=11129"}],"wp:term":[{"taxonomy":"product_cat","embeddable":true,"href":"https:\/\/www.atvquadotwock.pl\/sklep\/wp-json\/wp\/v2\/product_cat?post=11129"},{"taxonomy":"product_tag","embeddable":true,"href":"https:\/\/www.atvquadotwock.pl\/sklep\/wp-json\/wp\/v2\/product_tag?post=11129"},{"taxonomy":"woo-feed-brand","embeddable":true,"href":"https:\/\/www.atvquadotwock.pl\/sklep\/wp-json\/wp\/v2\/woo-feed-brand?post=11129"}],"curies":[{"name":"wp","href":"https:\/\/api.w.org\/{rel}","templated":true}]}}