{"id":11127,"date":"2025-12-30T00:36:38","date_gmt":"2025-12-30T00:36:38","guid":{"rendered":"https:\/\/www.atvquadotwock.pl\/sklep\/?post_type=product&#038;p=11127"},"modified":"2025-12-30T00:36:38","modified_gmt":"2025-12-30T00:36:38","slug":"cfmoto-800mt-touring-wyprzedaz","status":"publish","type":"product","link":"https:\/\/www.atvquadotwock.pl\/sklep\/produkt\/cfmoto-800mt-touring-wyprzedaz\/","title":{"rendered":"CFMOTO 800MT TOURING &#8211; WYPRZEDA\u017b"},"content":{"rendered":"<p>Fabrycznie nowe CFMOTO MT800 TOURING ostatnie sztuki na wyprzeda\u017cy!<\/p>\n<p>GRATIS MAPA TUNINGOWA SILNIKA od MotoTune z gwarancj\u0105 u nas, podnosz\u0105ca 94konie.<\/p>\n<p>Wystawiamy Faktur\u0119 VAT! Kupuj\u0105cy zwolniony z podatku pcc.<\/p>\n<p>Gwarancja 5 lat!<\/p>\n<p>Kupuj\u0105c u nas i serwisuj\u0105c, nie tracisz gwarancji! Wybieraj bezpo\u015brednio.<\/p>\n<p>Mozliwo\u015b\u0107 jazdy testowej!<\/p>\n<p>Posiadamy r\u00f3wnie\u017c jeszcze kilka sztuk fabrycznie nowych!<\/p>\n<p>TYP SILNIKA<\/p>\n<p>Dwucylindrowy, rz\u0119dowy, ch\u0142odzony ciecz\u0105, 8-zaworowy, EFI, DOHC<\/p>\n<p>POJEMNO\u015a\u0106:<\/p>\n<p>799 cc<\/p>\n<p>MAKSYMALNA MOC. (po mapie 94km!)<\/p>\n<p>91 KM\/9250 rpm<\/p>\n<p>D\u0141UGO\u015a\u0106 X SZEROKO\u015a\u0106 X WYSOKO\u015a\u0106<\/p>\n<p>2234 x 853 x 1277 mm<\/p>\n<p>MASA<\/p>\n<p>231 kg (bez skrzyni bocznej)<\/p>\n<p>Jako nieliczni w Polsce, posiadamy dost\u0119p do wszystkich magazyn\u00f3w cz\u0119\u015bci CFMOTO na \u015bwiecie. Zajmujemy si\u0119 tylko t\u0105 mark\u0105!<\/p>\n<p>Posiadamy wypo\u017cyczalnie tej marki ju\u017c ponad 19lat i mo\u017cesz przetestowa\u0107 tylko u nas przed zakupem.<\/p>\n<p>Mo\u017cliwo\u015b\u0107 dom\u00f3wienia dodatkowych akcesori\u00f3w:<\/p>\n<p>&#8211; kufry oryginalne<\/p>\n<p>&#8211; sakwy<\/p>\n<p>&#8211; os\u0142ony dodatkowe lamp<\/p>\n<p>&#8211; kanapa wy\u017csza<\/p>\n<p>Finansowanie:<\/p>\n<p>\u2013 KREDYT dla osoby prywatnej (ALIOR, BNP PARIBAS, BANK PKO)<\/p>\n<p>\u2013 LEASING dla firm (alior bank, BNP PARIBAS, EUROPEJSKI FUNDUSZ LEASINGOWY, BANK PKO)<\/p>\n<p>Mo\u017cliwy kredyt lub leasing. Decyzja do paru godzin!<\/p>\n<p>Mo\u017cliwy transport na terenie ca\u0142ego kraju.<\/p>\n<p>Pami\u0119tajcie \u017ce Kupuj\u0105c u nas, macie:<\/p>\n<p>\u2705\ufe0f PRZEGL\u0104D OT-0 BEZP\u0141ATNY<\/p>\n<p>\u2705\ufe0f Przegl\u0105dy nast\u0119pne rzetelne i uczciwe. Sprawd\u017a opinie o naszym serwisie.<\/p>\n<p>\u2705 Sta\u0142y kontakt na messengerze, telefoniczny oraz mailowy.<\/p>\n<p>\u2705 Profesjonaln\u0105 obs\u0142ug\u0119<\/p>\n<p>\u2705 Pot\u0119\u017cn\u0105 wiedz\u0119 od A do Z je\u015bli chodzi o CFMOTO. Obs\u0142ugujemy pojazdy z ca\u0142ej Polski jak i Europy<\/p>\n<p>\u2705 Rabat -200z\u0142 na ka\u017cdy przegl\u0105d<\/p>\n<p>\u2705 Pierwsze\u0144stwo w zapisach na PRZEGL\u0104DY, SERWIS, DOPOSA\u017bANIE<\/p>\n<p>\u2705 Rabat na Akcesoria i cz\u0119\u015bci do 30% (zale\u017cy od asortymentu)<\/p>\n<p>\u2705 U nas dowiesz si\u0119 o dzia\u0142aniu wszystkich uk\u0142ad\u00f3w w CFMOTO<\/p>\n<p>\u2705 Mniej pyta\u0144 na grupach tematycznych z pytaniami bo po to jeste\u015bmy my aby ich udziela\u0107.<\/p>\n<p>Zapraszamy do naszej siedziby w Otwocku przy ul. \u0141ugi 82<\/p>\n<p>jeste\u015bmy jednymi z najstarszych i do\u015bwiadczonych dealer\u00f3w CFMOTO w Polsce!<\/p>\n<p><span class=\"ooa-1kxpgnj\" data-testid=\"invisibleSpan\">\u00a0<\/span><\/p>\n","protected":false},"excerpt":{"rendered":"<p>Fabrycznie nowe CFMOTO MT800 TOURING ostatnie sztuki na wyprzeda\u017cy! GRATIS MAPA TUNINGOWA SILNIKA od MotoTune z gwarancj\u0105 u nas, podnosz\u0105ca&hellip;<\/p>\n","protected":false},"featured_media":11128,"template":"","meta":{"spay_email":""},"product_cat":[117],"product_tag":[],"woo-feed-brand":[],"acf":[],"_links":{"self":[{"href":"https:\/\/www.atvquadotwock.pl\/sklep\/wp-json\/wp\/v2\/product\/11127"}],"collection":[{"href":"https:\/\/www.atvquadotwock.pl\/sklep\/wp-json\/wp\/v2\/product"}],"about":[{"href":"https:\/\/www.atvquadotwock.pl\/sklep\/wp-json\/wp\/v2\/types\/product"}],"wp:featuredmedia":[{"embeddable":true,"href":"https:\/\/www.atvquadotwock.pl\/sklep\/wp-json\/wp\/v2\/media\/11128"}],"wp:attachment":[{"href":"https:\/\/www.atvquadotwock.pl\/sklep\/wp-json\/wp\/v2\/media?parent=11127"}],"wp:term":[{"taxonomy":"product_cat","embeddable":true,"href":"https:\/\/www.atvquadotwock.pl\/sklep\/wp-json\/wp\/v2\/product_cat?post=11127"},{"taxonomy":"product_tag","embeddable":true,"href":"https:\/\/www.atvquadotwock.pl\/sklep\/wp-json\/wp\/v2\/product_tag?post=11127"},{"taxonomy":"woo-feed-brand","embeddable":true,"href":"https:\/\/www.atvquadotwock.pl\/sklep\/wp-json\/wp\/v2\/woo-feed-brand?post=11127"}],"curies":[{"name":"wp","href":"https:\/\/api.w.org\/{rel}","templated":true}]}}