{"id":11116,"date":"2025-12-30T00:16:26","date_gmt":"2025-12-30T00:16:26","guid":{"rendered":"https:\/\/www.atvquadotwock.pl\/sklep\/?post_type=product&#038;p=11116"},"modified":"2025-12-30T00:19:37","modified_gmt":"2025-12-30T00:19:37","slug":"cfmoto-cforce-625-long-eps-overland","status":"publish","type":"product","link":"https:\/\/www.atvquadotwock.pl\/sklep\/produkt\/cfmoto-cforce-625-long-eps-overland\/","title":{"rendered":"CFMOTO CFORCE 625 long EPS &#8211; OVERLAND"},"content":{"rendered":"<div data-gatsby-image-wrapper=\"\">CFMOTO 625 long eps DOST\u0118PNE od r\u0119ki! Ju\u017c dzisiaj mo\u017cesz je\u017adzi\u0107!<\/div>\n<div data-gatsby-image-wrapper=\"\">WERSJA OVERLAND POSIADA:<\/div>\n<div data-gatsby-image-wrapper=\"\">&#8211; BUMPER PRZ\u00d3D<\/div>\n<div data-gatsby-image-wrapper=\"\">&#8211; SZYBA PRZ\u00d3D<\/div>\n<div data-gatsby-image-wrapper=\"\">&#8211; MANETKI GRZANE Z KCIUKIEM<\/div>\n<div data-gatsby-image-wrapper=\"\">&#8211; KUFER TY\u0141<\/div>\n<div data-gatsby-image-wrapper=\"\">&#8211; ROZPINANY DYFER TY\u0141 NA \u017b\u0104DANIE<\/div>\n<div data-gatsby-image-wrapper=\"\">DWA KOLORY DO WYBORU. SZARY lub CAMO<\/div>\n<div data-gatsby-image-wrapper=\"\"><\/div>\n<div data-gatsby-image-wrapper=\"\">FAKTURA VAT. HOMOLOGACJA NA 2 OSOBY. CI\u0104GNIK ROLNICZY T3B. ODLICZ VAT! GWARANCJA PRODUCENTA 5 LAT<\/div>\n<div data-gatsby-image-wrapper=\"\">Jako nieliczni w Polsce, posiadamy dost\u0119p do wszystkich magazyn\u00f3w cz\u0119\u015bci CFMOTO na \u015bwiecie. Zajmujemy si\u0119 tylko t\u0105 mark\u0105! Kupuj bezpo\u015brednio w salonie TYLKO CFMOTO! To gwarantuje priorytetow\u0105 obs\u0142ug\u0119 po zakupow\u0105.<\/div>\n<div data-gatsby-image-wrapper=\"\">Posiadamy r\u00f3wnie\u017c wypo\u017cyczalnie tej marki\u00a0 od 2006r i mo\u017cesz przetestowa\u0107 przed zakupem tylko u nas!<\/div>\n<div data-gatsby-image-wrapper=\"\"><\/div>\n<div data-gatsby-image-wrapper=\"\">Specyfikacja:<\/div>\n<div data-gatsby-image-wrapper=\"\">&#8211; REJESTRACJA NA 2 OSOBY.<\/div>\n<div data-gatsby-image-wrapper=\"\">\u2013 silnik: jednocylindrowy<\/div>\n<div data-gatsby-image-wrapper=\"\">\u2013 typ silnika: czterosuwowy, SOHC, ch\u0142odzony ciecz\u0105<\/div>\n<div data-gatsby-image-wrapper=\"\">\u2013 pojemno\u015bc: 580 cc<\/div>\n<div data-gatsby-image-wrapper=\"\">\u2013 moc: 45 KM<\/div>\n<div data-gatsby-image-wrapper=\"\">\u2013 zap\u0142on<\/div>\n<div data-gatsby-image-wrapper=\"\">\u2013 ECU<\/div>\n<div data-gatsby-image-wrapper=\"\">\u2013 starter: elektryczny<\/div>\n<div data-gatsby-image-wrapper=\"\">\u2013 skrzynia bieg\u00f3w<\/div>\n<div data-gatsby-image-wrapper=\"\">\u2013 CVT\/automat : L-reduktor, H-szosowy, N-neutralny, R-wsteczny, P-parking<\/div>\n<div data-gatsby-image-wrapper=\"\">\u2013 przeniesienie nap\u0119du<\/div>\n<div data-gatsby-image-wrapper=\"\">\u2013 2\/4 WD, blokada most\u00f3w<\/div>\n<div data-gatsby-image-wrapper=\"\">\u2013 prze\u0142\u0105czane elektrycznie<\/div>\n<div data-gatsby-image-wrapper=\"\">\u2013 zawieszenie prz\u00f3d\/ty\u0142: podw\u00f3jny wahacz z regulacj\u0105 amortyzator\u00f3w<\/div>\n<div data-gatsby-image-wrapper=\"\">\u2013 hamulce prz\u00f3d\/ty\u0142: podw\u00f3jne tarcze<\/div>\n<div data-gatsby-image-wrapper=\"\">\u2013 felgi: aluminiowe 14-calowe<\/div>\n<div data-gatsby-image-wrapper=\"\">\u2013 opony: prz\u00f3d-AT 25\u00d78-14, ty\u0142-AT 25\u00d710-14<\/div>\n<div data-gatsby-image-wrapper=\"\">\u2013 masa w\u0142asna: 360 kg<\/div>\n<div data-gatsby-image-wrapper=\"\">\u2013 prze\u015bwit: 270 mm<\/div>\n<div data-gatsby-image-wrapper=\"\">\u2013 wymiary: d\u0142ugo\u015b\u0107: 2035mm<\/div>\n<div data-gatsby-image-wrapper=\"\">\u2013 szeroko\u015b\u0107: 1160 mm<\/div>\n<div data-gatsby-image-wrapper=\"\">\u2013 wysoko\u015b\u0107: 1400 mm<\/div>\n<div data-gatsby-image-wrapper=\"\">\n<div data-gatsby-image-wrapper=\"\">Budujemy r\u00f3wnie\u017c pojazdy indywidualne pod Rajdy, stra\u017c po\u017carn\u0105, policj\u0119 oraz dla firm np. od\u015bnie\u017caj\u0105cych<\/div>\n<div data-gatsby-image-wrapper=\"\">Zobacz nasze filmy w internecie!<\/div>\n<div data-gatsby-image-wrapper=\"\"><\/div>\n<\/div>\n<div class=\"gatsby-image-wrapper gatsby-image-wrapper-constrained lazy-image__StyledGatsbyImage-sc-1k240yx-0 fWVGAu\" data-gatsby-image-wrapper=\"\">Mo\u017cliwo\u015b\u0107 dom\u00f3wienia dodatkowych akcesori\u00f3w:<\/div>\n<div data-gatsby-image-wrapper=\"\">\n<p class=\"western\" align=\"left\"><b><span lang=\"pl-PL\">-manetki grzane z kciukiem<br \/>\n-siedziska grzane kierowca\/ pasa\u017cer<br \/>\n-Dystanse 50mm<br \/>\n-dystanse 30mm<br \/>\n-mocowanie wyci\u0105garki na ty\u0142<br \/>\n-wyci\u0105garka 4500lbs stalowa\/lub syntetyczna (Dajemy j\u0105 na prz\u00f3d bo jest mocniejsza a oryginalna na ty\u0142 przenosimy)<br \/>\n-relokator ch\u0142odnicy ze snorklami<br \/>\n-led prz\u00f3d<br \/>\n-lampa led ty\u0142<br \/>\n-uchwyt na tel z \u0142adowark\u0105<br \/>\n-chowana ramka tab rejestracyjna<br \/>\n-czujnik temp wody<br \/>\n-czujnik temp paska<br \/>\n-Odblokowanie vmax + bieg L + wsteczny NO LIMIT<br \/>\n-Ga\u015bnica<br \/>\n-zbiornik na paliwo 5L \/ Czarny<br \/>\n-lift zawieszenia 1.5cala<br \/>\n-p\u0142ug stalowy 150cm<\/span><\/b><\/p>\n<p class=\"western\" align=\"left\"><b><span lang=\"pl-PL\">-Tuning stage 3 \/ wariatora lepsze przyspieszenie<br \/>\n-Tuba na dokumenty<\/span><\/b><\/p>\n<p class=\"western\" align=\"left\"><b><span lang=\"pl-PL\">-Mocowanie na \u0142opat\u0119\/bro\u0144<\/span><\/b><\/p>\n<p class=\"western\" align=\"left\"><b><span lang=\"pl-PL\">-Bumper prz\u00f3d\/ty\u0142<\/span><\/b><\/p>\n<p class=\"western\" align=\"left\"><b><span lang=\"pl-PL\">-plastikowe poszerzenie nadkoli<\/span><\/b><\/p>\n<p class=\"western\" align=\"left\"><b><span lang=\"pl-PL\">-Kufer<\/span><\/b><\/p>\n<p class=\"western\" align=\"left\"><b><span lang=\"pl-PL\">-ko\u0144c\u00f3wka wydechu<\/span><\/b><\/p>\n<p class=\"western\" align=\"left\"><b><span lang=\"pl-PL\">-wydech ze stali nierdzewnej pojedynczy\/podw\u00f3jny<\/span><\/b><\/p>\n<p class=\"western\" align=\"left\"><b><span lang=\"pl-PL\">-os\u0142ony spodu aluminiowe<\/span><\/b><\/p>\n<p class=\"western\" align=\"left\"><b><span lang=\"pl-PL\">-os\u0142ony IRON BALTIC plastikowe<\/span><\/b><\/p>\n<p align=\"left\">\n<\/div>\n<div data-gatsby-image-wrapper=\"\">\n<div class=\"accordion__heading\" role=\"heading\" data-accordion-component=\"AccordionItemHeading\" aria-level=\"3\">\n<div id=\"accordion__heading-:r3:\" class=\"specification__StyledAccordionItemButton-sc-1qyw43l-4 bEGGCk\" tabindex=\"0\" role=\"button\" aria-disabled=\"false\" aria-expanded=\"true\" aria-controls=\"accordion__panel-:r3:\" data-accordion-component=\"AccordionItemButton\">\n<div id=\"accordion__panel-:r3:\" class=\"specification__StyledAccordionItemPanel-sc-1qyw43l-5 eavoBI\" data-accordion-component=\"AccordionItemPanel\">\n<div class=\"specification__TechnicalDataItem-sc-1qyw43l-6 deiaMj\">\n<p><strong>ZAPRASZAMY DO NASZEGO AUTORYZOWANEGO SERWISU CF MOTO<\/strong><br \/>\n<strong>ATV-QUAD<\/strong><br \/>\n<strong>facebook.com\/quadyotwock<\/strong><br \/>\n<strong>Otwock ul. \u0141ugi 82<\/strong><br \/>\n<strong>Tel. 508 608 208 lub <\/strong><strong>E-mail:\u00a0<em>sklep@atvquadotwock.pl<\/em><\/strong><\/p>\n<\/div>\n<\/div>\n<\/div>\n<\/div>\n<\/div>\n","protected":false},"excerpt":{"rendered":"<p>CFMOTO 625 long eps DOST\u0118PNE od r\u0119ki! Ju\u017c dzisiaj mo\u017cesz je\u017adzi\u0107! WERSJA OVERLAND POSIADA: &#8211; BUMPER PRZ\u00d3D &#8211; SZYBA PRZ\u00d3D&hellip;<\/p>\n","protected":false},"featured_media":11118,"template":"","meta":{"spay_email":""},"product_cat":[133,15],"product_tag":[],"woo-feed-brand":[],"acf":[],"_links":{"self":[{"href":"https:\/\/www.atvquadotwock.pl\/sklep\/wp-json\/wp\/v2\/product\/11116"}],"collection":[{"href":"https:\/\/www.atvquadotwock.pl\/sklep\/wp-json\/wp\/v2\/product"}],"about":[{"href":"https:\/\/www.atvquadotwock.pl\/sklep\/wp-json\/wp\/v2\/types\/product"}],"wp:featuredmedia":[{"embeddable":true,"href":"https:\/\/www.atvquadotwock.pl\/sklep\/wp-json\/wp\/v2\/media\/11118"}],"wp:attachment":[{"href":"https:\/\/www.atvquadotwock.pl\/sklep\/wp-json\/wp\/v2\/media?parent=11116"}],"wp:term":[{"taxonomy":"product_cat","embeddable":true,"href":"https:\/\/www.atvquadotwock.pl\/sklep\/wp-json\/wp\/v2\/product_cat?post=11116"},{"taxonomy":"product_tag","embeddable":true,"href":"https:\/\/www.atvquadotwock.pl\/sklep\/wp-json\/wp\/v2\/product_tag?post=11116"},{"taxonomy":"woo-feed-brand","embeddable":true,"href":"https:\/\/www.atvquadotwock.pl\/sklep\/wp-json\/wp\/v2\/woo-feed-brand?post=11116"}],"curies":[{"name":"wp","href":"https:\/\/api.w.org\/{rel}","templated":true}]}}