{"id":11089,"date":"2025-12-29T23:50:22","date_gmt":"2025-12-29T23:50:22","guid":{"rendered":"https:\/\/www.atvquadotwock.pl\/sklep\/?post_type=product&#038;p=11089"},"modified":"2025-12-29T23:55:45","modified_gmt":"2025-12-29T23:55:45","slug":"cfmoto-cforce-850-touring-new-gen-3-premium-plus","status":"publish","type":"product","link":"https:\/\/www.atvquadotwock.pl\/sklep\/produkt\/cfmoto-cforce-850-touring-new-gen-3-premium-plus\/","title":{"rendered":"CFMOTO CFORCE 850 TOURING new gen 3 &#8211; Premium PLUS"},"content":{"rendered":"<div class=\"introduction__ImageWrapper-sc-1467fnm-4 hgWBBP\">\n<div class=\"gatsby-image-wrapper gatsby-image-wrapper-constrained lazy-image__StyledGatsbyImage-sc-1k240yx-0 fWVGAu\" data-gatsby-image-wrapper=\"\">\n<p>NAJNOWSZY MODEL CFMOTO 850 4&#215;4 ze wspomaganiem DOST\u0118PNE od r\u0119ki! Ju\u017c dzisiaj mo\u017cesz je\u017adzi\u0107! Wyst\u0119puje w kilku kolorach szary, czarny, pomara\u0144czowy, camo wojskowy i wiele innych. Zadzwo\u0144 i zapytaj o dost\u0119pno\u015b\u0107 koloru! TYLKO U NAS!<\/p>\n<div data-gatsby-image-wrapper=\"\">REJESTRACJA CI\u0104GNIK NA 2 OSOBY!<\/div>\n<div data-gatsby-image-wrapper=\"\">Zadzwo\u0144 i zapytaj o aktualne promocje!<\/div>\n<div data-gatsby-image-wrapper=\"\"><\/div>\n<p>850 PREMIUM PLUS WERSJA ZAWIERA:<\/p>\n<ul>\n<li>ROZPINANY DYFER TY\u0141 NA PRZYCISK<\/li>\n<li>MANETKI GRZANE Z KCIUKIEM<\/li>\n<li>GAZOWE AMORTYZATORY Z REGULACJ\u0104.<\/li>\n<li>KANAPA GRZANA<\/li>\n<li>BUMPERY PRZ\u00d3D I TY\u0141<\/li>\n<li>FELGI BEADLOCK<\/li>\n<\/ul>\n<p>&nbsp;<\/p>\n<p>DOKUMENTY DO REJESTRACJI OD R\u0118KI! NIE CZEKAJ TYGODNIAMI. U NAS MASZ BEZPO\u015aREDNIO. SPRAWD\u0179 opinie o ATV OTWOCK.<br \/>\nZarezerwuj pojazd ju\u017c dzi\u015b, zostaw SMS. Oddzwonimy!<\/p>\n<p>Budujemy r\u00f3wnie\u017c pojazdy indywidualne pod Rajdy, stra\u017c po\u017carn\u0105, policj\u0119 oraz dla firm np. od\u015bnie\u017caj\u0105cych<br \/>\nZobacz nasze filmy w internecie!<\/p>\n<p>CFMOTO 850 NOWO\u015a\u0106 w sprzeda\u017cy. Najlepszy stosunek ceny do jako\u015bci. Ponad 75koni mocy!<br \/>\nGWARANCJA PRODUCENTA 5 LAT GWARANCJI<\/p>\n<p>Jako nieliczni w Polsce, posiadamy dost\u0119p do wszystkich magazyn\u00f3w cz\u0119\u015bci CFMOTO na \u015bwiecie. Zajmujemy si\u0119 tylko t\u0105 mark\u0105! Kupuj bezpo\u015brednio w salonie TYLKO CFMOTO! To gwarantuje priorytetow\u0105 obs\u0142ug\u0119 po zakupow\u0105.<br \/>\nPosiadamy r\u00f3wnie\u017c wypo\u017cyczalnie tej marki ju\u017c od 2006r i mo\u017cesz przetestowa\u0107 przed zakupem tylko u nas!<\/p>\n<table border=\"1\" width=\"616\" cellspacing=\"0\" cellpadding=\"7\">\n<tbody>\n<tr valign=\"TOP\">\n<td width=\"267\" height=\"181\">&nbsp;<\/p>\n<p><a name=\"tw-target-text\"><\/a><span style=\"font-family: Arial, sans-serif;\"><span style=\"font-size: small;\"><b><span style=\"color: #000000;\">&#8211; Typ silnika <\/span><span style=\"color: #000000;\">V-Twin, ch\u0142odzony ciecz\u0105, 4-suwowy, <\/span><\/b><\/span><\/span><\/p>\n<p><span style=\"font-family: Arial, sans-serif;\"><span style=\"font-size: small;\"><b>SOHC, 8-zaworowy <\/b><\/span><\/span><\/p>\n<p><span style=\"font-family: Arial, sans-serif;\"><span style=\"font-size: small;\"><b>&#8211; Pojemno\u015b\u0107 800 cm3 <\/b><\/span><\/span><\/p>\n<p><span style=\"font-family: Arial, sans-serif;\"><span style=\"font-size: small;\"><b>&#8211; System paliwowy Bosch EFI<\/b><\/span><\/span><\/p>\n<p><span style=\"font-family: Arial, sans-serif;\"><span style=\"font-size: small;\"><b>&#8211; Tryby zasilania Sport\/Normalny\/Praca <\/b><\/span><\/span><\/p>\n<p><span style=\"font-family: Arial, sans-serif;\"><span style=\"font-size: small;\"><b>&#8211; Maksymalna moc 75 KM przy 7500 obr.\/min <\/b><\/span><\/span><\/p>\n<p><span style=\"font-family: Arial, sans-serif;\"><span style=\"font-size: small;\"><b>&#8211; Maksymalny moment obrotowy 70 Nm przy 5500 CVT,<\/b><\/span><\/span><\/p>\n<p><span style=\"font-family: Arial, sans-serif;\"><span style=\"font-size: small;\"><b>&#8211; Przenoszenie P-R-N-H-L Blokada<\/b><\/span><\/span><\/p>\n<p><span style=\"font-family: Arial, sans-serif;\"><span style=\"font-size: small;\"><b>&#8211; Nap\u0119d 2WD\/4WD\/4WD (przedni mechanizm r\u00f3\u017cnicowy)<\/b><\/span><\/span><\/p>\n<p><span style=\"font-family: Arial, sans-serif;\"><span style=\"font-size: small;\"><b>-Potr\u00f3jny tryb EPS<\/b><\/span><\/span><\/p>\n<p><span style=\"font-family: Arial, sans-serif;\"><span style=\"font-size: small;\"><b>&#8211; Przednie zawieszenie <span lang=\"pl-PL\">Niezale\u017cny od ramienia A o du\u017cym prze\u015bwicie, <\/span><\/b><\/span><\/span><span style=\"font-family: Arial, sans-serif;\"><span style=\"font-size: small;\"><b>Skok 230 mm <\/b><\/span><\/span><\/p>\n<p><span style=\"font-family: Arial, sans-serif;\"><span style=\"font-size: small;\"><b>&#8211; Tylne zawieszenie Niezale\u017cne rami\u0119 wleczone, skok 236mm<\/b><\/span><\/span><\/p>\n<p><span style=\"font-family: Arial, sans-serif;\"><span style=\"font-size: small;\"><b>&#8211; AMORTYZATORY GAZOWE TYPU PIGGYBACK<\/b><\/span><\/span><\/p>\n<p><span style=\"font-family: Arial, sans-serif;\"><span style=\"font-size: small;\"><b>&#8211; MANETKI GRZANE<\/b><\/span><\/span><\/p>\n<p><span style=\"font-family: Arial, sans-serif;\"><span style=\"font-size: small;\"><b>&#8211; Opony 27X9.00-14 27X11.00-14<\/b><\/span><\/span><\/p>\n<p><span style=\"font-family: Arial, sans-serif;\"><span style=\"font-size: small;\"><b>-Ko\u0142a 14-calowe ALUMINIOWE<\/b><\/span><\/span><\/td>\n<td width=\"319\"><span style=\"font-family: Arial, sans-serif;\"><span style=\"font-size: small;\"><b>-Rozstaw osi 1480 mm<\/b><\/span><\/span><\/p>\n<p><span style=\"font-family: Arial, sans-serif;\"><span style=\"font-size: small;\"><b>-Prze\u015bwit 285 mm<\/b><\/span><\/span><\/p>\n<p><span style=\"font-family: Arial, sans-serif;\"><span style=\"font-size: small;\"><b>-\u015arednica toczenia 6,7 m<\/b><\/span><\/span><\/p>\n<p><span style=\"font-family: Arial, sans-serif;\"><span style=\"font-size: small;\"><b>-Masa w\u0142asna 465 kg <\/b><\/span><\/span><\/p>\n<p><span style=\"font-family: Arial, sans-serif;\"><span style=\"font-size: small;\"><b>-Ca\u0142kowity rozmiar pojazdu (DxSxW) 2445 x 1264 x 1450 mm<\/b><\/span><\/span><\/p>\n<p><span style=\"font-family: Arial, sans-serif;\"><span style=\"font-size: small;\"><b>-\u0141adowno\u015b\u0107 300 kg<\/b><\/span><\/span><\/p>\n<p><span style=\"font-family: Arial, sans-serif;\"><span style=\"font-size: small;\"><b>-Uci\u0105g 820kg \/ 800kg UE<\/b><\/span><\/span><\/p>\n<p><span style=\"font-family: Arial, sans-serif;\"><span style=\"font-size: small;\"><b>-pojemno\u015b\u0107 zbiornika paliwa 26L<\/b><\/span><\/span><\/p>\n<p><span style=\"font-family: Arial, sans-serif;\"><span style=\"font-size: small;\"><b>-Dwa, niezale\u017cne siedzenia pasa\u017cera<\/b><\/span><\/span><\/p>\n<p><span style=\"font-family: Arial, sans-serif;\"><span style=\"font-size: small;\"><b>z uchwytami<\/b><\/span><\/span><\/p>\n<p><span style=\"font-family: Arial, sans-serif;\"><span style=\"font-size: small;\"><b>-system cargo CF-Connect,<\/b><\/span><\/span><\/p>\n<p><span style=\"font-family: Arial, sans-serif;\"><span style=\"font-size: small;\"><b>-Pe\u0142ne o\u015bwietlenie LED<\/b><\/span><\/span><\/p>\n<p><span style=\"font-family: Arial, sans-serif;\"><span style=\"font-size: small;\"><b>-Wci\u0105garka elektryczna o ud\u017awigu 3500 kg<\/b><\/span><\/span><\/p>\n<p><span style=\"font-family: Arial, sans-serif;\"><span style=\"font-size: small;\"><b>-7-calowy wy\u015bwietlacz TFT<\/b><\/span><\/span><\/p>\n<p><span style=\"font-family: Arial, sans-serif;\"><span style=\"font-size: small;\"><b>-T\u0142umik z podw\u00f3jnym wydechem<\/b><\/span><\/span><\/p>\n<p><span style=\"font-family: Arial, sans-serif;\"><span style=\"font-size: small;\"><b>-Schowek podr\u0119czny o pojemno\u015bci 3,8 l<\/b><\/span><\/span><\/p>\n<p><span style=\"font-family: Arial, sans-serif;\"><span style=\"font-size: small;\"><b>-podw\u00f3jne gniazda zasilania<\/b><\/span><\/span><\/p>\n<p><span style=\"font-family: Arial, sans-serif;\"><span style=\"font-size: small;\"><b>&#8211; os\u0142ony d\u0142oni<\/b><\/span><\/span><\/p>\n<p><span style=\"font-family: Arial, sans-serif;\"><span style=\"font-size: small;\"><b>&#8211; Hydrauliczne hamulce tarczowe na cztery ko\u0142a, zacisk jednot\u0142okowy <\/b><\/span><\/span><\/p>\n<p>&nbsp;<\/td>\n<\/tr>\n<\/tbody>\n<\/table>\n<p>Mo\u017cliwo\u015b\u0107 dom\u00f3wienia dodatkowych akcesori\u00f3w:<br \/>\n\u2013 lampy led prz\u00f3d<br \/>\n\u2013 lampy led ty\u0142<br \/>\n\u2013 kufer prz\u00f3d<br \/>\n\u2013 kufer ty\u0142<br \/>\n\u2013 dystanse<br \/>\n\u2013 p\u0142ug do od\u015bnie\u017cania<br \/>\n\u2013 kanapy grzane<br \/>\n\u2013 spody aluminiowe podwozia<br \/>\n\u2013 poszerze\u0144<br \/>\n\u2013 relocator oraz snorkle<br \/>\n&#8211; lift zawieszenia<br \/>\nI wiele innych wed\u0142ug \u017cycze\u0144 klienta. Budujemy pojazdy na ca\u0142\u0105 Polsk\u0119.<\/p>\n<p>Finansowanie:<br \/>\n\u2013 KREDYT dla osoby prywatnej (ALIOR, BNP PARIBAS, BANK PKO)<br \/>\n\u2013 LEASING dla firm (ALIOR BANK, IDEA BANK, BNP PARIBAS, EUROPEJSKI FUNDUSZ LEASINGOWY, BANK PKO)<\/p>\n<p>Mo\u017cliwy kredyt lub leasing.<br \/>\nMo\u017cliwy transport na terenie ca\u0142ego kraju.<\/p>\n<p>Jako pierwsi w Polsce wprowadzili\u015bmy us\u0142ug\u0119 dotarcia maszyny i zrobienie pierwszego przegl\u0105du po 100km. Us\u0142uga docierania jest bezp\u0142atna przy zakupie u nas pojazdu. To jest \u015bwietne rozwi\u0105zanie dla klient\u00f3w z daleka, gdy\u017c nie musz\u0105 zjawia\u0107 po 100km a dopiero przy 1000km. Nasz team specjalist\u00f3w dotrze wed\u0142ug naszych procedur. Wybierz salon i serwis z pasj\u0105! Przeczytaj opinie o ATV OTWOCK.<\/p>\n<p>Pami\u0119tajcie \u017ce Kupuj\u0105c u nas, macie:<br \/>\n\u2705\ufe0f PRZEGL\u0104D ROZSZERZONY OT-0 BEZP\u0141ATNY<br \/>\n\u2705\ufe0f Komplet dokument\u00f3w do rejestracji<br \/>\n\u2705\ufe0f Faktur\u0119 vat brutto. Osoby prywatne s\u0105 zwolnione z podatku PCC.<br \/>\n\u2705\ufe0f Przegl\u0105dy nast\u0119pne rzetelne i uczciwe. Sprawd\u017a opinie o naszym serwisie.<br \/>\n\u2705 Sta\u0142y kontakt na messengerze, telefoniczny oraz mailowy.<br \/>\n\u2705 Profesjonaln\u0105 obs\u0142ug\u0119<br \/>\n\u2705 Pot\u0119\u017cn\u0105 wiedz\u0119 od A do Z je\u015bli chodzi o CFMOTO. Obs\u0142ugujemy pojazdy z ca\u0142ej Polski jak i Europy<br \/>\n\u2705 Rabat -200z\u0142 na ka\u017cdy przegl\u0105d<br \/>\n\u2705 Pierwsze\u0144stwo w zapisach na PRZEGL\u0104DY, SERWIS, DOPOSA\u017bANIE<br \/>\n\u2705 Rabat na Akcesoria i cz\u0119\u015bci do 30% (zale\u017cy od asortymentu)<br \/>\n\u2705 U nas dowiesz si\u0119 o dzia\u0142aniu wszystkich uk\u0142ad\u00f3w w CFMOTO<br \/>\n\u2705 Mniej pyta\u0144 na grupach z zapytaniami bo po to jeste\u015bmy my aby ich udziela\u0107.<br \/>\n\u2705 Ksi\u0105\u017ck\u0119 gwarancyjn\u0105 z ochron\u0105 bezp\u0142atnych napraw u nas w serwisie.<br \/>\n\u2705 Klucze fabryczne serwisowe<br \/>\n\u2705 Teczk\u0119 na dokumenty<br \/>\n\u2705\ufe0f Instrukcj\u0119 obs\u0142ugi papierow\u0105<br \/>\n\u2705 Kart\u0119 sta\u0142ego klienta z rabatami i pierwsze\u0144stwem w zapisach na przegl\u0105dy.<\/p>\n<p>Zapraszamy do naszej siedziby w Otwocku przy ul. \u0141ugi 82<br \/>\njeste\u015bmy jednymi z najstarszych i do\u015bwiadczonych dealer\u00f3w CFMOTO w Polsce! *Sprawd\u017a opinie o ATV-QUAD. Kupuj tylko u pasjonat\u00f3w marki. B\u0119dziemy z tob\u0105 r\u00f3wnie\u017c po zakupie.<\/p>\n<p><span class=\"ooa-1kxpgnj\" data-testid=\"invisibleSpan\">\u00a0<\/span><\/p>\n<\/div>\n<\/div>\n<div class=\"introduction__TextWrapper-sc-1467fnm-5 dHUywq\">\n<div class=\"introduction__ImageWrapper-sc-1467fnm-4 hgWBBP\">\n<div data-gatsby-image-wrapper=\"\">\n<div class=\"accordion__heading\" role=\"heading\" data-accordion-component=\"AccordionItemHeading\" aria-level=\"3\">\n<div id=\"accordion__heading-:r3:\" class=\"specification__StyledAccordionItemButton-sc-1qyw43l-4 bEGGCk\" tabindex=\"0\" role=\"button\" aria-disabled=\"false\" aria-expanded=\"true\" aria-controls=\"accordion__panel-:r3:\" data-accordion-component=\"AccordionItemButton\">\n<div id=\"accordion__panel-:r3:\" class=\"specification__StyledAccordionItemPanel-sc-1qyw43l-5 eavoBI\" data-accordion-component=\"AccordionItemPanel\">\n<div class=\"specification__TechnicalDataItem-sc-1qyw43l-6 deiaMj\">\n<p><strong>ZAPRASZAMY DO NASZEGO AUTORYZOWANEGO SERWISU CF MOTO<\/strong><br \/>\n<strong>ATV-QUAD<\/strong><br \/>\n<strong>facebook.com\/quadyotwock<\/strong><br \/>\n<strong>Otwock ul. \u0141ugi 82<\/strong><br \/>\n<strong>Tel. 508 608 208 lub <\/strong><strong>E-mail:\u00a0<em>sklep@atvquadotwock.pl<\/em><\/strong><\/p>\n<\/div>\n<\/div>\n<\/div>\n<\/div>\n<\/div>\n<\/div>\n<\/div>\n","protected":false},"excerpt":{"rendered":"<p>NAJNOWSZY MODEL CFMOTO 850 4&#215;4 ze wspomaganiem DOST\u0118PNE od r\u0119ki! Ju\u017c dzisiaj mo\u017cesz je\u017adzi\u0107! Wyst\u0119puje w kilku kolorach szary, czarny,&hellip;<\/p>\n","protected":false},"featured_media":11078,"template":"","meta":{"spay_email":""},"product_cat":[131,132,136,15,48],"product_tag":[],"woo-feed-brand":[],"acf":[],"_links":{"self":[{"href":"https:\/\/www.atvquadotwock.pl\/sklep\/wp-json\/wp\/v2\/product\/11089"}],"collection":[{"href":"https:\/\/www.atvquadotwock.pl\/sklep\/wp-json\/wp\/v2\/product"}],"about":[{"href":"https:\/\/www.atvquadotwock.pl\/sklep\/wp-json\/wp\/v2\/types\/product"}],"wp:featuredmedia":[{"embeddable":true,"href":"https:\/\/www.atvquadotwock.pl\/sklep\/wp-json\/wp\/v2\/media\/11078"}],"wp:attachment":[{"href":"https:\/\/www.atvquadotwock.pl\/sklep\/wp-json\/wp\/v2\/media?parent=11089"}],"wp:term":[{"taxonomy":"product_cat","embeddable":true,"href":"https:\/\/www.atvquadotwock.pl\/sklep\/wp-json\/wp\/v2\/product_cat?post=11089"},{"taxonomy":"product_tag","embeddable":true,"href":"https:\/\/www.atvquadotwock.pl\/sklep\/wp-json\/wp\/v2\/product_tag?post=11089"},{"taxonomy":"woo-feed-brand","embeddable":true,"href":"https:\/\/www.atvquadotwock.pl\/sklep\/wp-json\/wp\/v2\/woo-feed-brand?post=11089"}],"curies":[{"name":"wp","href":"https:\/\/api.w.org\/{rel}","templated":true}]}}