{"id":11088,"date":"2025-12-29T23:45:25","date_gmt":"2025-12-29T23:45:25","guid":{"rendered":"https:\/\/www.atvquadotwock.pl\/sklep\/?post_type=product&#038;p=11088"},"modified":"2025-12-29T23:48:57","modified_gmt":"2025-12-29T23:48:57","slug":"aodes-pathcross-525-long","status":"publish","type":"product","link":"https:\/\/www.atvquadotwock.pl\/sklep\/produkt\/aodes-pathcross-525-long\/","title":{"rendered":"AODES PATHCROSS 525 long"},"content":{"rendered":"<div class=\"introduction__ImageWrapper-sc-1467fnm-4 hgWBBP\">\n<div class=\"gatsby-image-wrapper gatsby-image-wrapper-constrained lazy-image__StyledGatsbyImage-sc-1k240yx-0 fWVGAu\" data-gatsby-image-wrapper=\"\">AODES PATHCROSS 525 long DOST\u0118PNE od r\u0119ki!<\/div>\n<div data-gatsby-image-wrapper=\"\">REJESTRACJA CI\u0104GNIK NA 2 OSOBY!<\/div>\n<div data-gatsby-image-wrapper=\"\">Zadzwo\u0144 i zapytaj o aktualne promocje!<\/div>\n<\/div>\n<div class=\"gatsby-image-wrapper gatsby-image-wrapper-constrained lazy-image__StyledGatsbyImage-sc-1k240yx-0 fWVGAu\" data-gatsby-image-wrapper=\"\"><\/div>\n<div class=\"introduction__ImageWrapper-sc-1467fnm-4 hgWBBP\">\n<div class=\"gatsby-image-wrapper gatsby-image-wrapper-constrained lazy-image__StyledGatsbyImage-sc-1k240yx-0 fWVGAu\" data-gatsby-image-wrapper=\"\">POSIADAMY R\u00d3WNIE\u017b INNE MODELE AODES &#8211; PATHCROSS 650, 1000 MAX PRO<\/div>\n<\/div>\n<div data-gatsby-image-wrapper=\"\"><\/div>\n<div class=\"introduction__ImageWrapper-sc-1467fnm-4 hgWBBP\">\n<div class=\"gatsby-image-wrapper gatsby-image-wrapper-constrained lazy-image__StyledGatsbyImage-sc-1k240yx-0 fWVGAu\" data-gatsby-image-wrapper=\"\">\n<p data-start=\"62\" data-end=\"485\"><strong data-start=\"62\" data-end=\"85\">AODES Pathcross 525<\/strong>\u00a0to najnowszy model w gamie producenta, zaprojektowany w oparciu o nowy jednocylindrowy silnik o wysokiej mocy i \u015bwietnej kulturze pracy. Jednostka ta zapewnia p\u0142ynne rozwijanie momentu obrotowego oraz pewno\u015b\u0107 w ka\u017cdym zakresie pr\u0119dko\u015bci. Pe\u0142ny uk\u0142ad nap\u0119du terenowego z trybami\u00a0<strong data-start=\"364\" data-end=\"377\">2\u00d74 \/ 4\u00d74<\/strong>, reduktorem i blokadami pozwala wykorzysta\u0107 potencja\u0142 quada zar\u00f3wno w pracy, jak i w wymagaj\u0105cym terenie. Wyst\u0119puje w wersjach\u00a0<strong>MAX<\/strong>\u00a0oraz\u00a0<strong>MAX PRO<\/strong>\u00a0kt\u00f3ra wyr\u00f3\u017cnia si\u0119 felgami aluminiowymi, rozbudowanym przednim bumperem i wspomaganiem kierownicy ( ESP ).<\/p>\n<p data-start=\"487\" data-end=\"845\">Lekka, zwrotna konstrukcja oraz precyzyjne prowadzenie sprawiaj\u0105, \u017ce pojazd jest wyj\u0105tkowo przyjemny w u\u017cytkowaniu, a nowoczesny, agresywny design nadaje mu charakteru i stawia go w\u015br\u00f3d maszyn wyznaczaj\u0105cych nowe standardy w swojej klasie.\u00a0<strong>Pathcross 525<\/strong>\u00a0to propozycja dla tych, kt\u00f3rzy oczekuj\u0105 \u015bwie\u017cych technologii i solidnych osi\u0105g\u00f3w w kompaktowej formie.<\/p>\n<\/div>\n<div class=\"gatsby-image-wrapper gatsby-image-wrapper-constrained lazy-image__StyledGatsbyImage-sc-1k240yx-0 fWVGAu\" data-gatsby-image-wrapper=\"\">\n<p>Budujemy r\u00f3wnie\u017c pojazdy indywidualne pod Rajdy, stra\u017c po\u017carn\u0105, policj\u0119 oraz dla firm np. od\u015bnie\u017caj\u0105cych<br \/>\nZobacz nasze filmy w internecie!<\/p>\n<p>FAKTURA VAT. HOMOLOGACJA NA 2 OSOBY. CI\u0104GNIK ROLNICZY T3B. ODLICZ VAT!<br \/>\nGWARANCJA PRODUCENTA 24 MIESI\u0104CE.<\/p>\n<p>Jako nieliczni w Polsce, posiadamy dost\u0119p do wszystkich magazyn\u00f3w cz\u0119\u015bci AODES, LONCIN<\/p>\n<h3 class=\"section-title mt-5 mb-5\">Parametry techniczne AODES Pathcross 525<\/h3>\n<div class=\"section-inner mb-5 bg-shadow\">\n<div class=\"parametr-item grid-23\">\n<div class=\"parametr\">Typ silnika<\/div>\n<div class=\"wartosc\">jeden cylinder, czterosuwowy, ch\u0142odzony ciecz\u0105<\/div>\n<\/div>\n<div class=\"parametr-item grid-23\">\n<div class=\"parametr\">Pojemno\u015b\u0107<\/div>\n<div class=\"wartosc\">495,3 cm3<\/div>\n<\/div>\n<div class=\"parametr-item grid-23\">\n<div class=\"parametr\">maksymalna moc<\/div>\n<div class=\"wartosc\">38,0 KM \/ 6800 obr.\/min<\/div>\n<\/div>\n<div class=\"parametr-item grid-23\">\n<div class=\"parametr\">Maksymalny moment obrotowy<\/div>\n<div class=\"wartosc\">46 Nm \/ 6000 obr.\/min<\/div>\n<\/div>\n<div class=\"parametr-item grid-23\">\n<div class=\"parametr\">Typ uk\u0142adu nap\u0119dowego<\/div>\n<div class=\"wartosc\">2WD \/ 4WD<\/div>\n<\/div>\n<div class=\"parametr-item grid-23\">\n<div class=\"parametr\">Przeniesienie nap\u0119du<\/div>\n<div class=\"wartosc\">Wa\u0142, w\u0142\u0105czany 4&#215;4, przednia blokada mechanizmu r\u00f3\u017cnicowego<\/div>\n<\/div>\n<div class=\"parametr-item grid-23\">\n<div class=\"parametr\">Skrzynia bieg\u00f3w<\/div>\n<div class=\"wartosc\">CVT<\/div>\n<\/div>\n<div class=\"parametr-item grid-23\">\n<div class=\"parametr\">Wyb\u00f3r bieg\u00f3w<\/div>\n<div class=\"wartosc\">H, L, N, P, R<\/div>\n<\/div>\n<div class=\"parametr-item grid-23\">\n<div class=\"parametr\">Typ pojazdu<\/div>\n<div class=\"wartosc\">2 osobowy<\/div>\n<\/div>\n<div class=\"parametr-item grid-23\">\n<div class=\"parametr\">Wymiary<\/div>\n<div class=\"wartosc\">2215 x 1172 x 1260 mm<\/div>\n<\/div>\n<div class=\"parametr-item grid-23\">\n<div class=\"parametr\">Waga netto<\/div>\n<div class=\"wartosc\">365 kg<\/div>\n<\/div>\n<div class=\"parametr-item grid-23\">\n<div class=\"parametr\">Rozstaw osi<\/div>\n<div class=\"wartosc\">1460 mm<\/div>\n<\/div>\n<div class=\"parametr-item grid-23\">\n<div class=\"parametr\">Ko\u0142o przednie \/ tylne<\/div>\n<div class=\"wartosc\">26&#215;9-12 \/ 26&#215;11-12 ( w zale\u017cno\u015bci o wersji wyposa\u017cenia felgi stalowe lub aluminiowe )<\/div>\n<\/div>\n<div class=\"parametr-item grid-23\">\n<div class=\"parametr\">Prze\u015bwit<\/div>\n<div class=\"wartosc\">270 mm<\/div>\n<\/div>\n<div class=\"parametr-item grid-23\">\n<div class=\"parametr\">Pojemno\u015b\u0107 baku<\/div>\n<div class=\"wartosc\">20 l<\/div>\n<\/div>\n<div class=\"parametr-item grid-23\">\n<div class=\"parametr\">Hamulec<\/div>\n<div class=\"wartosc\">4 x Hamulec tarczowy &#8211; na przednich \/ tylnych ko\u0142ach<\/div>\n<\/div>\n<div class=\"parametr-item grid-23\">\n<div class=\"parametr\">Dyferencja\u0142 przedni \/ tylny<\/div>\n<div class=\"wartosc\">Przedni mechanizm r\u00f3\u017cnicowy z blokad\u0105 \/ reduktor<\/div>\n<\/div>\n<div class=\"parametr-item grid-23\">\n<div class=\"parametr\">Zawieszenie prz\u00f3d \/ ty\u0142<\/div>\n<div class=\"wartosc\">Podw\u00f3jne ramiona typu A \/ wahacz<\/div>\n<\/div>\n<div class=\"parametr-item grid-23\">\n<div class=\"parametr\">Amortyzator przedni \/ tylny<\/div>\n<div class=\"wartosc\">Hydrauliczny z podw\u00f3jnym t\u0142okiem \/ hydrauliczny<\/div>\n<\/div>\n<div class=\"parametr-item grid-23\">\n<div class=\"parametr\">WYPOSA\u017bENIE OBEJMUJE<\/div>\n<div class=\"wartosc\">Wyci\u0105garka, hak holowniczy<\/div>\n<\/div>\n<\/div>\n<\/div>\n<div data-gatsby-image-wrapper=\"\"><\/div>\n<\/div>\n<div class=\"introduction__TextWrapper-sc-1467fnm-5 dHUywq\">\n<div class=\"introduction__ImageWrapper-sc-1467fnm-4 hgWBBP\">\n<div class=\"gatsby-image-wrapper gatsby-image-wrapper-constrained lazy-image__StyledGatsbyImage-sc-1k240yx-0 fWVGAu\" data-gatsby-image-wrapper=\"\">Mo\u017cliwo\u015b\u0107 dom\u00f3wienia dodatkowych akcesori\u00f3w :<\/div>\n<div data-gatsby-image-wrapper=\"\">\n<p class=\"western\" align=\"left\"><b><span style=\"font-size: small;\"><span lang=\"pl-PL\">-manetki grzane z kciukiem<br \/>\n-siedziska grzane kierowca\/ pasa\u017cer<br \/>\n-Dystanse 50mm<br \/>\n-dystanse 30mm<br \/>\n-mocowanie wyci\u0105garki na ty\u0142<br \/>\n-wyci\u0105garka 4500lbs stalowa\/lub syntetyczna (Dajemy j\u0105 na prz\u00f3d bo jest mocniejsza a oryginalna na ty\u0142 przenosimy)<br \/>\n-relokator ch\u0142odnicy ze snorklami<br \/>\n-led prz\u00f3d<br \/>\n-lampa led ty\u0142<br \/>\n-uchwyt na tel z \u0142adowark\u0105<br \/>\n-chowana ramka tab rejestracyjna<br \/>\n-czujnik temp wody<br \/>\n-czujnik temp paska<br \/>\n-Odblokowanie vmax + bieg L + wsteczny NO LIMIT<br \/>\n-Ga\u015bnica<br \/>\n-zbiornik na paliwo 5L \/ Czarny<br \/>\n-lift zawieszenia 1.5cala<br \/>\n-p\u0142ug stalowy 150cm<\/span><\/span><\/b><\/p>\n<p class=\"western\" align=\"left\"><b><span style=\"font-size: small;\"><span lang=\"pl-PL\">-p\u0142ug plastikowy 130cm\/150cm<br \/>\n-Tuning stage 3 \/ wariatora lepsze przyspieszenie<br \/>\n-Tuba na dokumenty <\/span><\/span><\/b><\/p>\n<p class=\"western\" align=\"left\"><b><span style=\"font-size: small;\"><span lang=\"pl-PL\">-Mocowanie na \u0142opat\u0119\/bro\u0144 <\/span><\/span><\/b><\/p>\n<p class=\"western\" align=\"left\"><b><span style=\"font-size: small;\"><span lang=\"pl-PL\">-Bumper prz\u00f3d\/ty\u0142<\/span><\/span><\/b><\/p>\n<p class=\"western\" align=\"left\"><b><span style=\"font-size: small;\"><span lang=\"pl-PL\">-plastikowe poszerzenie nadkoli<\/span><\/span><\/b><\/p>\n<p class=\"western\" align=\"left\"><b><span style=\"font-size: small;\"><span lang=\"pl-PL\">-Kufer <\/span><\/span><\/b><\/p>\n<p class=\"western\" align=\"left\"><b><span style=\"font-size: small;\"><span lang=\"pl-PL\">-ko\u0144c\u00f3wka wydechu<\/span><\/span><\/b><\/p>\n<p class=\"western\" align=\"left\"><b><span style=\"font-size: small;\"><span lang=\"pl-PL\">-wydech ze stali nierdzewnej pojedynczy\/podw\u00f3jny<\/span><\/span><\/b><\/p>\n<p class=\"western\" align=\"left\"><b><span style=\"font-size: small;\"><span lang=\"pl-PL\">-os\u0142ony spodu aluminiowe<\/span><\/span><\/b><\/p>\n<p class=\"western\" align=\"left\"><b><span style=\"font-size: small;\"><span lang=\"pl-PL\">-os\u0142ony IRON BALTIC plastikowe<\/span><\/span><\/b><\/p>\n<\/div>\n<\/div>\n<\/div>\n","protected":false},"excerpt":{"rendered":"<p>AODES PATHCROSS 525 long DOST\u0118PNE od r\u0119ki! REJESTRACJA CI\u0104GNIK NA 2 OSOBY! Zadzwo\u0144 i zapytaj o aktualne promocje! POSIADAMY R\u00d3WNIE\u017b&hellip;<\/p>\n","protected":false},"featured_media":11072,"template":"","meta":{"spay_email":""},"product_cat":[120,15],"product_tag":[],"woo-feed-brand":[],"acf":[],"_links":{"self":[{"href":"https:\/\/www.atvquadotwock.pl\/sklep\/wp-json\/wp\/v2\/product\/11088"}],"collection":[{"href":"https:\/\/www.atvquadotwock.pl\/sklep\/wp-json\/wp\/v2\/product"}],"about":[{"href":"https:\/\/www.atvquadotwock.pl\/sklep\/wp-json\/wp\/v2\/types\/product"}],"wp:featuredmedia":[{"embeddable":true,"href":"https:\/\/www.atvquadotwock.pl\/sklep\/wp-json\/wp\/v2\/media\/11072"}],"wp:attachment":[{"href":"https:\/\/www.atvquadotwock.pl\/sklep\/wp-json\/wp\/v2\/media?parent=11088"}],"wp:term":[{"taxonomy":"product_cat","embeddable":true,"href":"https:\/\/www.atvquadotwock.pl\/sklep\/wp-json\/wp\/v2\/product_cat?post=11088"},{"taxonomy":"product_tag","embeddable":true,"href":"https:\/\/www.atvquadotwock.pl\/sklep\/wp-json\/wp\/v2\/product_tag?post=11088"},{"taxonomy":"woo-feed-brand","embeddable":true,"href":"https:\/\/www.atvquadotwock.pl\/sklep\/wp-json\/wp\/v2\/woo-feed-brand?post=11088"}],"curies":[{"name":"wp","href":"https:\/\/api.w.org\/{rel}","templated":true}]}}