{"id":11074,"date":"2025-12-29T23:26:17","date_gmt":"2025-12-29T23:26:17","guid":{"rendered":"https:\/\/www.atvquadotwock.pl\/sklep\/?post_type=product&#038;p=11074"},"modified":"2025-12-29T23:45:18","modified_gmt":"2025-12-29T23:45:18","slug":"aodes-pathcross-650s-eps-na","status":"publish","type":"product","link":"https:\/\/www.atvquadotwock.pl\/sklep\/produkt\/aodes-pathcross-650s-eps-na\/","title":{"rendered":"AODES PATHCROSS 650s EPS"},"content":{"rendered":"<div class=\"introduction__ImageWrapper-sc-1467fnm-4 hgWBBP\">\n<div class=\"gatsby-image-wrapper gatsby-image-wrapper-constrained lazy-image__StyledGatsbyImage-sc-1k240yx-0 fWVGAu\" data-gatsby-image-wrapper=\"\">AODES PATHCROSS 650 WSPOMAGANIE DOST\u0118PNE od r\u0119ki!<\/div>\n<div data-gatsby-image-wrapper=\"\">REJESTRACJA CI\u0104GNIK NA 2 OSOBY!<\/div>\n<div data-gatsby-image-wrapper=\"\">Zadzwo\u0144 i zapytaj o aktualne promocje!<\/div>\n<\/div>\n<div class=\"gatsby-image-wrapper gatsby-image-wrapper-constrained lazy-image__StyledGatsbyImage-sc-1k240yx-0 fWVGAu\" data-gatsby-image-wrapper=\"\"><\/div>\n<div class=\"introduction__ImageWrapper-sc-1467fnm-4 hgWBBP\">\n<div class=\"gatsby-image-wrapper gatsby-image-wrapper-constrained lazy-image__StyledGatsbyImage-sc-1k240yx-0 fWVGAu\" data-gatsby-image-wrapper=\"\">POSIADAMY R\u00d3WNIE\u017b INNE MODELE AODES &#8211; PATHCROSS 650, 1000 MAX PRO<\/div>\n<\/div>\n<div data-gatsby-image-wrapper=\"\"><\/div>\n<div class=\"introduction__ImageWrapper-sc-1467fnm-4 hgWBBP\">\n<div class=\"gatsby-image-wrapper gatsby-image-wrapper-constrained lazy-image__StyledGatsbyImage-sc-1k240yx-0 fWVGAu\" data-gatsby-image-wrapper=\"\">WYPOSA\u017bENIE OBEJMUJE<\/div>\n<div class=\"gatsby-image-wrapper gatsby-image-wrapper-constrained lazy-image__StyledGatsbyImage-sc-1k240yx-0 fWVGAu\" data-gatsby-image-wrapper=\"\">Wyci\u0105garka 3000 lbs, hak holowniczy, 14-calowe aluminiowe felgi, wspomaganie, bumper prz\u00f3d.<\/div>\n<div data-gatsby-image-wrapper=\"\"><\/div>\n<div class=\"gatsby-image-wrapper gatsby-image-wrapper-constrained lazy-image__StyledGatsbyImage-sc-1k240yx-0 fWVGAu\" data-gatsby-image-wrapper=\"\">\n<p>AODES Pathcross 650 posiada sprawdzony dwucylindrowy silnik widlasty o pojemno\u015bci 650 cm3. Moc ponad 50 KM z selektywnym nap\u0119dem 2\u00d74, 4\u00d74 z reduktorem i blokadami pozwala cieszy\u0107 si\u0119 swobodn\u0105 jazd\u0105 w trudnym terenie jak i pozwala na dokonywanie ci\u0119\u017ckich prac le\u015bnych lub rolniczych, co dodatkowo u\u0142atwia hak z instalacja elektryczna w wyposa\u017ceniu standardowym.<br \/>\nWersja z elektrycznym wspomaganiem kierownicy PRO zapewnia \u0142atwe manewrowanie przy niskich pr\u0119dko\u015bciach lub na grz\u0105skim terenie.<\/p>\n<p>Budujemy r\u00f3wnie\u017c pojazdy indywidualne pod Rajdy, stra\u017c po\u017carn\u0105, policj\u0119 oraz dla firm np. od\u015bnie\u017caj\u0105cych<br \/>\nZobacz nasze filmy w internecie!<\/p>\n<p>FAKTURA VAT. HOMOLOGACJA NA 2 OSOBY. CI\u0104GNIK ROLNICZY T3B. ODLICZ VAT!<br \/>\nGWARANCJA PRODUCENTA 24 MIESI\u0104CE.<\/p>\n<p>Jako nieliczni w Polsce, posiadamy dost\u0119p do wszystkich magazyn\u00f3w cz\u0119\u015bci AODES, LONCIN I CFMOTO na \u015bwiecie. Zajmujemy si\u0119 tylko t\u0105 mark\u0105! Kupuj bezpo\u015brednio w salonie TYLKO W CFMOTO! To gwarantuje priorytetow\u0105 obs\u0142ug\u0119 po zakupow\u0105.<br \/>\nPosiadamy r\u00f3wnie\u017c wypo\u017cyczalnie tej marki ju\u017c ponad 17lat i mo\u017cesz przetestowa\u0107 przed zakupem tylko u nas!<\/p>\n<p>Specyfikacja:<br \/>\n&#8211; REJESTRACJA NA 2 OSOBY.<br \/>\nsilnik: Dwucylindrowy widlasty<br \/>\nTYP SILNIKA<br \/>\nV-twin, czterosuwowy, ch\u0142odzony ciecz\u0105<br \/>\nPOJEMNO\u015a\u0106<br \/>\n649 cm3<br \/>\nMAKSYMALNA MOC<br \/>\n39,5 kW- 53,7 KM \/ 6300 obr.\/min (650 cm3)<br \/>\nMAKSYMALNY MOMENT OBROTOWY<br \/>\n62 Nm \/ 5300 obr.\/min (650 cm3)<br \/>\nTYP UK\u0141ADU NAP\u0118DOWEGO<br \/>\n2WD \/ 4WD<br \/>\nPRZENIESIENIE NAP\u0118DU<br \/>\nWa\u0142, w\u0142\u0105czany 4&#215;4, przednia blokada mechanizmu r\u00f3\u017cnicowego<br \/>\nSKRZYNIA BIEG\u00d3W<br \/>\nCVTech<br \/>\nWYB\u00d3R BIEG\u00d3W<br \/>\nH, L, N, P, R<br \/>\nTYP POJAZDU<br \/>\nD\u0142ugi rozstaw osi<br \/>\nWYMIARY<br \/>\n2450 x 1246 x 1440 mm<br \/>\nWAGA NETTO<br \/>\n426 kg<br \/>\nROZSTAW OSI<br \/>\n1500 mm<br \/>\nROZSTAW K\u00d3\u0141 PRZEDNI \/ TYLNY<br \/>\n1010 mm \/ 970 mm<br \/>\nKO\u0141O PRZEDNIE \/ TYLNE<br \/>\n26&#215;9-14 \/ 26&#215;11-14<br \/>\nPRZE\u015aWIT<br \/>\n255 mm<br \/>\nPOJEMNO\u015a\u0106 BAKU<br \/>\n22,5 l<br \/>\nHAMULEC<br \/>\n4 x Hamulec tarczowy &#8211; na przednich \/ tylnych ko\u0142ach<br \/>\nDYFERENCJA\u0141 PRZEDNI \/ TYLNY<br \/>\nPrzedni mechanizm r\u00f3\u017cnicowy z blokad\u0105 \/ reduktor<br \/>\nZAWIESZENIE PRZ\u00d3D \/ TY\u0141<br \/>\nPodw\u00f3jne ramiona typu A \/ wahacz<br \/>\nAMORTYZATOR PRZEDNI \/ TYLNY<br \/>\nHydrauliczny z podw\u00f3jnym t\u0142okiem \/ hydrauliczny<\/p>\n<\/div>\n<div data-gatsby-image-wrapper=\"\"><\/div>\n<\/div>\n<div class=\"introduction__TextWrapper-sc-1467fnm-5 dHUywq\">\n<div class=\"introduction__ImageWrapper-sc-1467fnm-4 hgWBBP\">\n<div class=\"gatsby-image-wrapper gatsby-image-wrapper-constrained lazy-image__StyledGatsbyImage-sc-1k240yx-0 fWVGAu\" data-gatsby-image-wrapper=\"\">Mo\u017cliwo\u015b\u0107 dom\u00f3wienia dodatkowych akcesori\u00f3w :<\/div>\n<div data-gatsby-image-wrapper=\"\">\n<p class=\"western\" align=\"left\"><b><span style=\"font-size: small;\"><span lang=\"pl-PL\">-manetki grzane z kciukiem<br \/>\n-siedziska grzane kierowca\/ pasa\u017cer<br \/>\n-Dystanse 50mm<br \/>\n-dystanse 30mm<br \/>\n-mocowanie wyci\u0105garki na ty\u0142<br \/>\n-wyci\u0105garka 4500lbs stalowa\/lub syntetyczna (Dajemy j\u0105 na prz\u00f3d bo jest mocniejsza a oryginalna na ty\u0142 przenosimy)<br \/>\n-relokator ch\u0142odnicy ze snorklami<br \/>\n-led prz\u00f3d<br \/>\n-lampa led ty\u0142<br \/>\n-uchwyt na tel z \u0142adowark\u0105<br \/>\n-chowana ramka tab rejestracyjna<br \/>\n-czujnik temp wody<br \/>\n-czujnik temp paska<br \/>\n-Odblokowanie vmax + bieg L + wsteczny NO LIMIT<br \/>\n-Ga\u015bnica<br \/>\n-zbiornik na paliwo 5L \/ Czarny<br \/>\n-lift zawieszenia 1.5cala<br \/>\n-p\u0142ug stalowy 150cm<\/span><\/span><\/b><\/p>\n<p class=\"western\" align=\"left\"><b><span style=\"font-size: small;\"><span lang=\"pl-PL\">-p\u0142ug plastikowy 130cm\/150cm<br \/>\n-Tuning stage 3 \/ wariatora lepsze przyspieszenie<br \/>\n-Tuba na dokumenty <\/span><\/span><\/b><\/p>\n<p class=\"western\" align=\"left\"><b><span style=\"font-size: small;\"><span lang=\"pl-PL\">-Mocowanie na \u0142opat\u0119\/bro\u0144 <\/span><\/span><\/b><\/p>\n<p class=\"western\" align=\"left\"><b><span style=\"font-size: small;\"><span lang=\"pl-PL\">-Bumper prz\u00f3d\/ty\u0142<\/span><\/span><\/b><\/p>\n<p class=\"western\" align=\"left\"><b><span style=\"font-size: small;\"><span lang=\"pl-PL\">-plastikowe poszerzenie nadkoli<\/span><\/span><\/b><\/p>\n<p class=\"western\" align=\"left\"><b><span style=\"font-size: small;\"><span lang=\"pl-PL\">-Kufer <\/span><\/span><\/b><\/p>\n<p class=\"western\" align=\"left\"><b><span style=\"font-size: small;\"><span lang=\"pl-PL\">-ko\u0144c\u00f3wka wydechu<\/span><\/span><\/b><\/p>\n<p class=\"western\" align=\"left\"><b><span style=\"font-size: small;\"><span lang=\"pl-PL\">-wydech ze stali nierdzewnej pojedynczy\/podw\u00f3jny<\/span><\/span><\/b><\/p>\n<p class=\"western\" align=\"left\"><b><span style=\"font-size: small;\"><span lang=\"pl-PL\">-os\u0142ony spodu aluminiowe<\/span><\/span><\/b><\/p>\n<p class=\"western\" align=\"left\"><b><span style=\"font-size: small;\"><span lang=\"pl-PL\">-os\u0142ony IRON BALTIC plastikowe<\/span><\/span><\/b><\/p>\n<p align=\"left\">\n<\/div>\n<div data-gatsby-image-wrapper=\"\">\n<div class=\"accordion__heading\" role=\"heading\" data-accordion-component=\"AccordionItemHeading\" aria-level=\"3\">\n<div id=\"accordion__heading-:r3:\" class=\"specification__StyledAccordionItemButton-sc-1qyw43l-4 bEGGCk\" tabindex=\"0\" role=\"button\" aria-disabled=\"false\" aria-expanded=\"true\" aria-controls=\"accordion__panel-:r3:\" data-accordion-component=\"AccordionItemButton\">\n<div id=\"accordion__panel-:r3:\" class=\"specification__StyledAccordionItemPanel-sc-1qyw43l-5 eavoBI\" data-accordion-component=\"AccordionItemPanel\">\n<div class=\"specification__TechnicalDataItem-sc-1qyw43l-6 deiaMj\">\n<p><strong>ZAPRASZAMY DO NASZEGO AUTORYZOWANEGO SERWISU CF MOTO<\/strong><br \/>\n<strong>ATV-QUAD<\/strong><br \/>\n<strong>facebook.com\/quadyotwock<\/strong><br \/>\n<strong>Otwock ul. \u0141ugi 82<\/strong><br \/>\n<strong>Tel. 791 477 830 lub\u00a0<\/strong><strong>E-mail:\u00a0<em>sklep@atvquadotwock.pl<\/em><\/strong><\/p>\n<\/div>\n<\/div>\n<\/div>\n<\/div>\n<\/div>\n<\/div>\n<\/div>\n","protected":false},"excerpt":{"rendered":"<p>AODES PATHCROSS 650 WSPOMAGANIE DOST\u0118PNE od r\u0119ki! REJESTRACJA CI\u0104GNIK NA 2 OSOBY! Zadzwo\u0144 i zapytaj o aktualne promocje! POSIADAMY R\u00d3WNIE\u017b&hellip;<\/p>\n","protected":false},"featured_media":11073,"template":"","meta":{"spay_email":""},"product_cat":[120,15],"product_tag":[],"woo-feed-brand":[],"acf":[],"_links":{"self":[{"href":"https:\/\/www.atvquadotwock.pl\/sklep\/wp-json\/wp\/v2\/product\/11074"}],"collection":[{"href":"https:\/\/www.atvquadotwock.pl\/sklep\/wp-json\/wp\/v2\/product"}],"about":[{"href":"https:\/\/www.atvquadotwock.pl\/sklep\/wp-json\/wp\/v2\/types\/product"}],"wp:featuredmedia":[{"embeddable":true,"href":"https:\/\/www.atvquadotwock.pl\/sklep\/wp-json\/wp\/v2\/media\/11073"}],"wp:attachment":[{"href":"https:\/\/www.atvquadotwock.pl\/sklep\/wp-json\/wp\/v2\/media?parent=11074"}],"wp:term":[{"taxonomy":"product_cat","embeddable":true,"href":"https:\/\/www.atvquadotwock.pl\/sklep\/wp-json\/wp\/v2\/product_cat?post=11074"},{"taxonomy":"product_tag","embeddable":true,"href":"https:\/\/www.atvquadotwock.pl\/sklep\/wp-json\/wp\/v2\/product_tag?post=11074"},{"taxonomy":"woo-feed-brand","embeddable":true,"href":"https:\/\/www.atvquadotwock.pl\/sklep\/wp-json\/wp\/v2\/woo-feed-brand?post=11074"}],"curies":[{"name":"wp","href":"https:\/\/api.w.org\/{rel}","templated":true}]}}