{"id":11043,"date":"2025-12-23T08:58:46","date_gmt":"2025-12-23T08:58:46","guid":{"rendered":"https:\/\/www.atvquadotwock.pl\/sklep\/?post_type=product&#038;p=11043"},"modified":"2025-12-23T08:58:46","modified_gmt":"2025-12-23T08:58:46","slug":"mocowanie-kierownicy-cfmoto-850-1000-gen-3","status":"publish","type":"product","link":"https:\/\/www.atvquadotwock.pl\/sklep\/produkt\/mocowanie-kierownicy-cfmoto-850-1000-gen-3\/","title":{"rendered":"mocowanie kierownicy cfmoto 850 1000 gen 3"},"content":{"rendered":"<p>Mocowanie dolne kierownicy,.<\/p>\n<p>&nbsp;<\/p>\n<p>&nbsp;<\/p>\n<p>Je\u015bli masz overlanda i chcesz zdemontowa\u0107 szyb\u0119, to potrzebujesz 2szt tego. Dzi\u0119ki temu b\u0119dziesz m\u00f3g\u0142 je\u017adzi\u0107 bez szyby.<\/p>\n","protected":false},"excerpt":{"rendered":"<p>Mocowanie dolne kierownicy,. &nbsp; &nbsp; Je\u015bli masz overlanda i chcesz zdemontowa\u0107 szyb\u0119, to potrzebujesz 2szt tego. Dzi\u0119ki temu b\u0119dziesz m\u00f3g\u0142&hellip;<\/p>\n","protected":false},"featured_media":11044,"template":"","meta":{"spay_email":""},"product_cat":[80],"product_tag":[],"woo-feed-brand":[],"acf":[],"_links":{"self":[{"href":"https:\/\/www.atvquadotwock.pl\/sklep\/wp-json\/wp\/v2\/product\/11043"}],"collection":[{"href":"https:\/\/www.atvquadotwock.pl\/sklep\/wp-json\/wp\/v2\/product"}],"about":[{"href":"https:\/\/www.atvquadotwock.pl\/sklep\/wp-json\/wp\/v2\/types\/product"}],"wp:featuredmedia":[{"embeddable":true,"href":"https:\/\/www.atvquadotwock.pl\/sklep\/wp-json\/wp\/v2\/media\/11044"}],"wp:attachment":[{"href":"https:\/\/www.atvquadotwock.pl\/sklep\/wp-json\/wp\/v2\/media?parent=11043"}],"wp:term":[{"taxonomy":"product_cat","embeddable":true,"href":"https:\/\/www.atvquadotwock.pl\/sklep\/wp-json\/wp\/v2\/product_cat?post=11043"},{"taxonomy":"product_tag","embeddable":true,"href":"https:\/\/www.atvquadotwock.pl\/sklep\/wp-json\/wp\/v2\/product_tag?post=11043"},{"taxonomy":"woo-feed-brand","embeddable":true,"href":"https:\/\/www.atvquadotwock.pl\/sklep\/wp-json\/wp\/v2\/woo-feed-brand?post=11043"}],"curies":[{"name":"wp","href":"https:\/\/api.w.org\/{rel}","templated":true}]}}