{"id":11009,"date":"2025-12-16T17:09:18","date_gmt":"2025-12-16T17:09:18","guid":{"rendered":"https:\/\/www.atvquadotwock.pl\/sklep\/?post_type=product&#038;p=11009"},"modified":"2025-12-16T17:10:24","modified_gmt":"2025-12-16T17:10:24","slug":"stelaz-bagaznika-cfmoto-850-przod-tyl","status":"publish","type":"product","link":"https:\/\/www.atvquadotwock.pl\/sklep\/produkt\/stelaz-bagaznika-cfmoto-850-przod-tyl\/","title":{"rendered":"stela\u017c baga\u017cnika cfmoto 850 prz\u00f3d ty\u0142"},"content":{"rendered":"<p>kompletny stela\u017c na g\u00f3re baga\u017cnika na prz\u00f3d lub ty\u0142 do cfmoto 850 \/ 1000 gen3<\/p>\n","protected":false},"excerpt":{"rendered":"<p>kompletny stela\u017c na g\u00f3re baga\u017cnika na prz\u00f3d lub ty\u0142 do cfmoto 850 \/ 1000 gen3<\/p>\n","protected":false},"featured_media":10995,"template":"","meta":{"spay_email":""},"product_cat":[41],"product_tag":[],"woo-feed-brand":[],"acf":[],"_links":{"self":[{"href":"https:\/\/www.atvquadotwock.pl\/sklep\/wp-json\/wp\/v2\/product\/11009"}],"collection":[{"href":"https:\/\/www.atvquadotwock.pl\/sklep\/wp-json\/wp\/v2\/product"}],"about":[{"href":"https:\/\/www.atvquadotwock.pl\/sklep\/wp-json\/wp\/v2\/types\/product"}],"wp:featuredmedia":[{"embeddable":true,"href":"https:\/\/www.atvquadotwock.pl\/sklep\/wp-json\/wp\/v2\/media\/10995"}],"wp:attachment":[{"href":"https:\/\/www.atvquadotwock.pl\/sklep\/wp-json\/wp\/v2\/media?parent=11009"}],"wp:term":[{"taxonomy":"product_cat","embeddable":true,"href":"https:\/\/www.atvquadotwock.pl\/sklep\/wp-json\/wp\/v2\/product_cat?post=11009"},{"taxonomy":"product_tag","embeddable":true,"href":"https:\/\/www.atvquadotwock.pl\/sklep\/wp-json\/wp\/v2\/product_tag?post=11009"},{"taxonomy":"woo-feed-brand","embeddable":true,"href":"https:\/\/www.atvquadotwock.pl\/sklep\/wp-json\/wp\/v2\/woo-feed-brand?post=11009"}],"curies":[{"name":"wp","href":"https:\/\/api.w.org\/{rel}","templated":true}]}}