{"id":1090,"date":"2020-08-04T10:50:34","date_gmt":"2020-08-04T10:50:34","guid":{"rendered":"https:\/\/www.atvquadotwock.pl\/sklep\/?post_type=product&#038;p=1090"},"modified":"2023-08-11T09:57:40","modified_gmt":"2023-08-11T09:57:40","slug":"przewody-elektryczne-do-lampy-led","status":"publish","type":"product","link":"https:\/\/www.atvquadotwock.pl\/sklep\/produkt\/przewody-elektryczne-do-lampy-led\/","title":{"rendered":"Przewody elektryczne do lampy led instalacja wi\u0105zka gotowa"},"content":{"rendered":"<p>Wi\u0105zka gotowa do lamp, przew\u00f3d (1&#215;2) do lampy i dwa przewody do akumulatora,<br \/>\nextra zestaw aby samemu pod\u0142\u0105czy\u0107 lamp\u0119 do quada!<\/p>\n<p>Zestaw zawiera:<br \/>\n-Przew\u00f3d o d\u0142ugo\u015b\u0107 3 metry<br \/>\n-Prze\u0142\u0105cznik 100% wodoszczelny z sygnalizacj\u0105 LED<br \/>\n-Bezpiecznik 40A<br \/>\n&#8211; wtyczka wodoszczelna 1 szt<br \/>\n-Przeka\u017anik 40A<\/p>\n","protected":false},"excerpt":{"rendered":"<p>Wi\u0105zka gotowa do lamp, przew\u00f3d (1&#215;2) do lampy i dwa przewody do akumulatora, extra zestaw aby samemu pod\u0142\u0105czy\u0107 lamp\u0119 do&hellip;<\/p>\n","protected":false},"featured_media":1091,"template":"","meta":{"spay_email":""},"product_cat":[103],"product_tag":[],"woo-feed-brand":[],"acf":[],"_links":{"self":[{"href":"https:\/\/www.atvquadotwock.pl\/sklep\/wp-json\/wp\/v2\/product\/1090"}],"collection":[{"href":"https:\/\/www.atvquadotwock.pl\/sklep\/wp-json\/wp\/v2\/product"}],"about":[{"href":"https:\/\/www.atvquadotwock.pl\/sklep\/wp-json\/wp\/v2\/types\/product"}],"wp:featuredmedia":[{"embeddable":true,"href":"https:\/\/www.atvquadotwock.pl\/sklep\/wp-json\/wp\/v2\/media\/1091"}],"wp:attachment":[{"href":"https:\/\/www.atvquadotwock.pl\/sklep\/wp-json\/wp\/v2\/media?parent=1090"}],"wp:term":[{"taxonomy":"product_cat","embeddable":true,"href":"https:\/\/www.atvquadotwock.pl\/sklep\/wp-json\/wp\/v2\/product_cat?post=1090"},{"taxonomy":"product_tag","embeddable":true,"href":"https:\/\/www.atvquadotwock.pl\/sklep\/wp-json\/wp\/v2\/product_tag?post=1090"},{"taxonomy":"woo-feed-brand","embeddable":true,"href":"https:\/\/www.atvquadotwock.pl\/sklep\/wp-json\/wp\/v2\/woo-feed-brand?post=1090"}],"curies":[{"name":"wp","href":"https:\/\/api.w.org\/{rel}","templated":true}]}}