{"id":10894,"date":"2025-11-27T14:20:28","date_gmt":"2025-11-27T14:20:28","guid":{"rendered":"https:\/\/www.atvquadotwock.pl\/sklep\/?post_type=product&#038;p=10894"},"modified":"2026-01-30T07:44:12","modified_gmt":"2026-01-30T07:44:12","slug":"kanapa-podgrzewana-cfmoto-gen3-850-goes-1000-terrox","status":"publish","type":"product","link":"https:\/\/www.atvquadotwock.pl\/sklep\/produkt\/kanapa-podgrzewana-cfmoto-gen3-850-goes-1000-terrox\/","title":{"rendered":"Kanapa podgrzewana CFMOTO GEN3 850 1000"},"content":{"rendered":"<p>Kanapa podgrzewana do CFMOTO 850\/1000<\/p>\n<p>POSIADA instrukcje oraz DODATKOW\u0104 INSTALACJE pod z\u0142\u0105cze szybkiego po\u0142\u0105czenia pod licznikiem.<\/p>\n<p>i dzi\u0119ki temu monta\u017c grzanej kanapy trwa 10minut!<\/p>\n","protected":false},"excerpt":{"rendered":"<p>Kanapa podgrzewana do CFMOTO 850\/1000 POSIADA instrukcje oraz DODATKOW\u0104 INSTALACJE pod z\u0142\u0105cze szybkiego po\u0142\u0105czenia pod licznikiem. i dzi\u0119ki temu monta\u017c&hellip;<\/p>\n","protected":false},"featured_media":10895,"template":"","meta":{"spay_email":""},"product_cat":[143],"product_tag":[],"woo-feed-brand":[],"acf":[],"_links":{"self":[{"href":"https:\/\/www.atvquadotwock.pl\/sklep\/wp-json\/wp\/v2\/product\/10894"}],"collection":[{"href":"https:\/\/www.atvquadotwock.pl\/sklep\/wp-json\/wp\/v2\/product"}],"about":[{"href":"https:\/\/www.atvquadotwock.pl\/sklep\/wp-json\/wp\/v2\/types\/product"}],"wp:featuredmedia":[{"embeddable":true,"href":"https:\/\/www.atvquadotwock.pl\/sklep\/wp-json\/wp\/v2\/media\/10895"}],"wp:attachment":[{"href":"https:\/\/www.atvquadotwock.pl\/sklep\/wp-json\/wp\/v2\/media?parent=10894"}],"wp:term":[{"taxonomy":"product_cat","embeddable":true,"href":"https:\/\/www.atvquadotwock.pl\/sklep\/wp-json\/wp\/v2\/product_cat?post=10894"},{"taxonomy":"product_tag","embeddable":true,"href":"https:\/\/www.atvquadotwock.pl\/sklep\/wp-json\/wp\/v2\/product_tag?post=10894"},{"taxonomy":"woo-feed-brand","embeddable":true,"href":"https:\/\/www.atvquadotwock.pl\/sklep\/wp-json\/wp\/v2\/woo-feed-brand?post=10894"}],"curies":[{"name":"wp","href":"https:\/\/api.w.org\/{rel}","templated":true}]}}