{"id":10785,"date":"2025-11-13T12:52:54","date_gmt":"2025-11-13T12:52:54","guid":{"rendered":"https:\/\/www.atvquadotwock.pl\/sklep\/?post_type=product&#038;p=10785"},"modified":"2025-11-13T12:53:50","modified_gmt":"2025-11-13T12:53:50","slug":"stelaz-bagaznika-cfmoto-625-tylny","status":"publish","type":"product","link":"https:\/\/www.atvquadotwock.pl\/sklep\/produkt\/stelaz-bagaznika-cfmoto-625-tylny\/","title":{"rendered":"stela\u017c baga\u017cnika cfmoto 625 tylny"},"content":{"rendered":"<p>kompletny stela\u017c na g\u00f3re baga\u017cnika na ty\u0142<\/p>\n","protected":false},"excerpt":{"rendered":"<p>kompletny stela\u017c na g\u00f3re baga\u017cnika na ty\u0142<\/p>\n","protected":false},"featured_media":10786,"template":"","meta":{"spay_email":""},"product_cat":[80],"product_tag":[],"woo-feed-brand":[],"acf":[],"_links":{"self":[{"href":"https:\/\/www.atvquadotwock.pl\/sklep\/wp-json\/wp\/v2\/product\/10785"}],"collection":[{"href":"https:\/\/www.atvquadotwock.pl\/sklep\/wp-json\/wp\/v2\/product"}],"about":[{"href":"https:\/\/www.atvquadotwock.pl\/sklep\/wp-json\/wp\/v2\/types\/product"}],"wp:featuredmedia":[{"embeddable":true,"href":"https:\/\/www.atvquadotwock.pl\/sklep\/wp-json\/wp\/v2\/media\/10786"}],"wp:attachment":[{"href":"https:\/\/www.atvquadotwock.pl\/sklep\/wp-json\/wp\/v2\/media?parent=10785"}],"wp:term":[{"taxonomy":"product_cat","embeddable":true,"href":"https:\/\/www.atvquadotwock.pl\/sklep\/wp-json\/wp\/v2\/product_cat?post=10785"},{"taxonomy":"product_tag","embeddable":true,"href":"https:\/\/www.atvquadotwock.pl\/sklep\/wp-json\/wp\/v2\/product_tag?post=10785"},{"taxonomy":"woo-feed-brand","embeddable":true,"href":"https:\/\/www.atvquadotwock.pl\/sklep\/wp-json\/wp\/v2\/woo-feed-brand?post=10785"}],"curies":[{"name":"wp","href":"https:\/\/api.w.org\/{rel}","templated":true}]}}