{"id":10656,"date":"2025-10-20T23:00:50","date_gmt":"2025-10-20T23:00:50","guid":{"rendered":"https:\/\/www.atvquadotwock.pl\/sklep\/?post_type=product&#038;p=10656"},"modified":"2025-10-20T23:00:50","modified_gmt":"2025-10-20T23:00:50","slug":"szyba-owiewka-cfmoto-625","status":"publish","type":"product","link":"https:\/\/www.atvquadotwock.pl\/sklep\/produkt\/szyba-owiewka-cfmoto-625\/","title":{"rendered":"Szyba owiewka CFMOTO 625"},"content":{"rendered":"<p>Oryginalna szyba do dedykowana CFMOTO 625<\/p>\n<p>w zestawie instrukcja oraz \u015brubki do monta\u017cu.<br \/>\nszyba z tworzywa sztucznego.<\/p>\n<p>pasuje te\u017c do innych modeli i r\u00f3wnie\u017c CFMOTO 850\/1000 gen2<\/p>\n","protected":false},"excerpt":{"rendered":"<p>9DSV-805100-6000<\/p>\n","protected":false},"featured_media":10657,"template":"","meta":{"spay_email":""},"product_cat":[133],"product_tag":[],"woo-feed-brand":[],"acf":[],"_links":{"self":[{"href":"https:\/\/www.atvquadotwock.pl\/sklep\/wp-json\/wp\/v2\/product\/10656"}],"collection":[{"href":"https:\/\/www.atvquadotwock.pl\/sklep\/wp-json\/wp\/v2\/product"}],"about":[{"href":"https:\/\/www.atvquadotwock.pl\/sklep\/wp-json\/wp\/v2\/types\/product"}],"wp:featuredmedia":[{"embeddable":true,"href":"https:\/\/www.atvquadotwock.pl\/sklep\/wp-json\/wp\/v2\/media\/10657"}],"wp:attachment":[{"href":"https:\/\/www.atvquadotwock.pl\/sklep\/wp-json\/wp\/v2\/media?parent=10656"}],"wp:term":[{"taxonomy":"product_cat","embeddable":true,"href":"https:\/\/www.atvquadotwock.pl\/sklep\/wp-json\/wp\/v2\/product_cat?post=10656"},{"taxonomy":"product_tag","embeddable":true,"href":"https:\/\/www.atvquadotwock.pl\/sklep\/wp-json\/wp\/v2\/product_tag?post=10656"},{"taxonomy":"woo-feed-brand","embeddable":true,"href":"https:\/\/www.atvquadotwock.pl\/sklep\/wp-json\/wp\/v2\/woo-feed-brand?post=10656"}],"curies":[{"name":"wp","href":"https:\/\/api.w.org\/{rel}","templated":true}]}}