{"id":1065,"date":"2020-07-31T12:21:49","date_gmt":"2020-07-31T12:21:49","guid":{"rendered":"https:\/\/www.atvquadotwock.pl\/sklep\/?post_type=product&#038;p=1065"},"modified":"2022-02-23T09:56:48","modified_gmt":"2022-02-23T09:56:48","slug":"guma-stabilizatora-cfmoto-1-szt","status":"publish","type":"product","link":"https:\/\/www.atvquadotwock.pl\/sklep\/produkt\/guma-stabilizatora-cfmoto-1-szt\/","title":{"rendered":"GUMA STABILIZATORA CFMOTO 1 SZT. 7000-060003  cf moto 800 820 850 1000"},"content":{"rendered":"<p>CENA DOTYCZY 1 SZT.<\/p>\n<p>(CENA ZA P\u00d3\u0141\u00d3WK\u0118) ABY MIE\u0106 1KPL TRZEBA WYBRA\u0106 2SZT<\/p>\n","protected":false},"excerpt":{"rendered":"<p>CENA DOTYCZY 1 SZT. (CENA ZA P\u00d3\u0141\u00d3WK\u0118) ABY MIE\u0106 1KPL TRZEBA WYBRA\u0106 2SZT<\/p>\n","protected":false},"featured_media":1067,"template":"","meta":{"spay_email":""},"product_cat":[95,96,97,98,109,107,111,113,108,110],"product_tag":[],"woo-feed-brand":[],"acf":[],"_links":{"self":[{"href":"https:\/\/www.atvquadotwock.pl\/sklep\/wp-json\/wp\/v2\/product\/1065"}],"collection":[{"href":"https:\/\/www.atvquadotwock.pl\/sklep\/wp-json\/wp\/v2\/product"}],"about":[{"href":"https:\/\/www.atvquadotwock.pl\/sklep\/wp-json\/wp\/v2\/types\/product"}],"wp:featuredmedia":[{"embeddable":true,"href":"https:\/\/www.atvquadotwock.pl\/sklep\/wp-json\/wp\/v2\/media\/1067"}],"wp:attachment":[{"href":"https:\/\/www.atvquadotwock.pl\/sklep\/wp-json\/wp\/v2\/media?parent=1065"}],"wp:term":[{"taxonomy":"product_cat","embeddable":true,"href":"https:\/\/www.atvquadotwock.pl\/sklep\/wp-json\/wp\/v2\/product_cat?post=1065"},{"taxonomy":"product_tag","embeddable":true,"href":"https:\/\/www.atvquadotwock.pl\/sklep\/wp-json\/wp\/v2\/product_tag?post=1065"},{"taxonomy":"woo-feed-brand","embeddable":true,"href":"https:\/\/www.atvquadotwock.pl\/sklep\/wp-json\/wp\/v2\/woo-feed-brand?post=1065"}],"curies":[{"name":"wp","href":"https:\/\/api.w.org\/{rel}","templated":true}]}}