{"id":1064,"date":"2020-07-31T12:20:47","date_gmt":"2020-07-31T12:20:47","guid":{"rendered":"https:\/\/www.atvquadotwock.pl\/sklep\/?post_type=product&#038;p=1064"},"modified":"2023-03-08T13:47:46","modified_gmt":"2023-03-08T13:47:46","slug":"tuleje-piasty-wahacza-hd-tyl-od-strony-zwrotnicy-cfmoto-500-550-800-625","status":"publish","type":"product","link":"https:\/\/www.atvquadotwock.pl\/sklep\/produkt\/tuleje-piasty-wahacza-hd-tyl-od-strony-zwrotnicy-cfmoto-500-550-800-625\/","title":{"rendered":"Tuleje PIASTY wahacza ERTALON ty\u0142 od strony zwrotnicy CFMOTO 450 520 500 550 800 625 9010-060005 9010-060004"},"content":{"rendered":"<p style=\"text-align: left;\">PRODUCENT: Ride Pro<br \/>\nNUMER KATALOGOWY: YA101O<\/p>\n<p>Do CFMOTO ze stalowymi zwrotnicami.<\/p>\n<p>Tuleje wykonane s\u0105 z bardzo wytrzyma\u0142ego materia\u0142u- ertalonu i stali nierdzewnej<br \/>\nPrecyzyjnie dopasowane<br \/>\nZnacznie wyd\u0142u\u017caj\u0105 okresy pomi\u0119dzy naprawami<br \/>\nZawiera niezb\u0119dne elementy do regeneracji \u0142\u0105czenia wahacza od strony zwrotnicy<br \/>\nna g\u00f3rny i dolny wahacz<br \/>\nzamiennik Ride Pro RP5134K<br \/>\nzamiennik Epi WE331034<\/p>\n<p>ZAST\u0118PUJ\u0104 METALOWE TULEJE KO\u0141NIE\u017bOWE 9010-060004<\/p>\n","protected":false},"excerpt":{"rendered":"<p>PRODUCENT: Ride Pro NUMER KATALOGOWY: YA101O Do CFMOTO ze stalowymi zwrotnicami. Tuleje wykonane s\u0105 z bardzo wytrzyma\u0142ego materia\u0142u- ertalonu i&hellip;<\/p>\n","protected":false},"featured_media":1066,"template":"","meta":{"spay_email":""},"product_cat":[112,100,94,90,91,92,95],"product_tag":[],"woo-feed-brand":[],"acf":[],"_links":{"self":[{"href":"https:\/\/www.atvquadotwock.pl\/sklep\/wp-json\/wp\/v2\/product\/1064"}],"collection":[{"href":"https:\/\/www.atvquadotwock.pl\/sklep\/wp-json\/wp\/v2\/product"}],"about":[{"href":"https:\/\/www.atvquadotwock.pl\/sklep\/wp-json\/wp\/v2\/types\/product"}],"wp:featuredmedia":[{"embeddable":true,"href":"https:\/\/www.atvquadotwock.pl\/sklep\/wp-json\/wp\/v2\/media\/1066"}],"wp:attachment":[{"href":"https:\/\/www.atvquadotwock.pl\/sklep\/wp-json\/wp\/v2\/media?parent=1064"}],"wp:term":[{"taxonomy":"product_cat","embeddable":true,"href":"https:\/\/www.atvquadotwock.pl\/sklep\/wp-json\/wp\/v2\/product_cat?post=1064"},{"taxonomy":"product_tag","embeddable":true,"href":"https:\/\/www.atvquadotwock.pl\/sklep\/wp-json\/wp\/v2\/product_tag?post=1064"},{"taxonomy":"woo-feed-brand","embeddable":true,"href":"https:\/\/www.atvquadotwock.pl\/sklep\/wp-json\/wp\/v2\/woo-feed-brand?post=1064"}],"curies":[{"name":"wp","href":"https:\/\/api.w.org\/{rel}","templated":true}]}}